{"id":708,"date":"2018-09-23T02:54:10","date_gmt":"2018-09-22T23:54:10","guid":{"rendered":"https:\/\/buluttuz.com\/?post_type=product&#038;p=708"},"modified":"2024-07-17T16:56:34","modified_gmt":"2024-07-17T13:56:34","slug":"tek-kalpli-modeller","status":"publish","type":"product","link":"https:\/\/buluttuz.com\/index.php\/urun\/tek-kalpli-modeller\/","title":{"rendered":"Beyaz Tek Kalpli Model Tuz Lambas\u0131"},"content":{"rendered":"<p>\u00dcR\u00dcNLER S\u0130PAR\u0130\u015e \u00dcZER\u0130NE YAPILACAKTIR.<br \/>\nF\u0130YAT YAPILACAK \u00dcR\u00dcNE G\u00d6RE DE\u011e\u0130\u015eMEKTED\u0130R<br \/>\nF\u0130YATLARIMIZA KDV DAH\u0130LD\u0130R<br \/>\nTOPTAN SATI\u015eLARDA AMBAR \u00dcCRET\u0130 ALICIYA A\u0130TT\u0130R.<\/p>\n","protected":false},"excerpt":{"rendered":"<p>\u00dcR\u00dcNLER S\u0130PAR\u0130\u015e \u00dcZER\u0130NE YAPILACAKTIR. F\u0130YAT YAPILACAK \u00dcR\u00dcNE G\u00d6RE DE\u011e\u0130\u015eMEKTED\u0130R F\u0130YATLARIMIZA KDV DAH\u0130LD\u0130R TOPTAN SATI\u015eLARDA AMBAR \u00dcCRET\u0130 ALICIYA A\u0130TT\u0130R.<\/p>\n","protected":false},"featured_media":2859,"comment_status":"open","ping_status":"closed","template":"","meta":{"jetpack_post_was_ever_published":false,"jetpack_publicize_message":"","jetpack_is_tweetstorm":false,"jetpack_publicize_feature_enabled":true,"jetpack_social_post_already_shared":true,"jetpack_social_options":[]},"product_cat":[32],"product_tag":[64],"jetpack_publicize_connections":[],"aioseo_notices":[],"jetpack_sharing_enabled":true,"jetpack-related-posts":[],"_links":{"self":[{"href":"https:\/\/buluttuz.com\/index.php\/wp-json\/wp\/v2\/product\/708"}],"collection":[{"href":"https:\/\/buluttuz.com\/index.php\/wp-json\/wp\/v2\/product"}],"about":[{"href":"https:\/\/buluttuz.com\/index.php\/wp-json\/wp\/v2\/types\/product"}],"replies":[{"embeddable":true,"href":"https:\/\/buluttuz.com\/index.php\/wp-json\/wp\/v2\/comments?post=708"}],"wp:featuredmedia":[{"embeddable":true,"href":"https:\/\/buluttuz.com\/index.php\/wp-json\/wp\/v2\/media\/2859"}],"wp:attachment":[{"href":"https:\/\/buluttuz.com\/index.php\/wp-json\/wp\/v2\/media?parent=708"}],"wp:term":[{"taxonomy":"product_cat","embeddable":true,"href":"https:\/\/buluttuz.com\/index.php\/wp-json\/wp\/v2\/product_cat?post=708"},{"taxonomy":"product_tag","embeddable":true,"href":"https:\/\/buluttuz.com\/index.php\/wp-json\/wp\/v2\/product_tag?post=708"}],"curies":[{"name":"wp","href":"https:\/\/api.w.org\/{rel}","templated":true}]}}