{"id":543,"date":"2018-09-23T02:03:35","date_gmt":"2018-09-22T23:03:35","guid":{"rendered":"https:\/\/buluttuz.com\/?post_type=product&#038;p=543"},"modified":"2024-09-20T12:38:30","modified_gmt":"2024-09-20T09:38:30","slug":"gaz-lambasi","status":"publish","type":"product","link":"https:\/\/buluttuz.com\/index.php\/urun\/gaz-lambasi\/","title":{"rendered":"\u00c7ank\u0131r\u0131 Gaz Tuz Lambas\u0131"},"content":{"rendered":"<p>Tuz Lambalar\u0131n\u0131n Faydalar\u0131 Tuz lambalar\u0131, negatif iyon yayarlar. B\u00f6ylece, havan\u0131n n\u00f6tr le\u015f erek temizlenmesini sa\u011flarlar. Tuz Lambalar\u0131, &#8220;Negatif \u0130yon&#8221; yayarak i\u00e7 mekanlardaki hava kalitesini artt\u0131r\u0131r. Do\u011fal bir negatif iyon jenerat\u00f6r\u00fc olan bu lambalar ger\u00e7ek anlamda &#8220;Havan\u0131n Vitamin\u201dleridirler. Negatif \u0130yonlar\u0131n Faydalar\u0131: Stres, fiziksel, ruhsal yorgunluk, uykusuzluk, a\u011fr\u0131lara iyi gelir. Nezle, migren, ast\u0131m gibi rahats\u0131zl\u0131klara iyi gelir, akci\u011ferlerin kapasitesini y\u00fckseltir. Ba\u011f\u0131\u015f\u0131kl\u0131k sistemini g\u00fc\u00e7lendirir.- Negatif iyon Kayna\u011f\u0131d\u0131r Negatif iyon havan\u0131n vitaminleridir. Havadaki tozlar\u0131 ,bakterileri temizler alerjik rahats\u0131zl\u0131klara , ast\u0131m hastal\u0131klar\u0131na, so\u011fuk alg\u0131nl\u0131\u011f\u0131na,Migren sorununa,ba\u011f\u0131\u015f\u0131kl\u0131k sistemi zay\u0131f olanlara,mevsimsel hastal\u0131klara,horlama sorununa, birebir faydas\u0131 vard\u0131r. Havadaki nemi ve kokuyu azalt\u0131r,Rahat bir uyku ortam\u0131 sa\u011flar, sigaran\u0131n etkilerini azalt\u0131r i\u015fte verimi ve konsantrasyonu art\u0131r\u0131r. Canl\u0131l\u0131k, zindelik verir.<\/p>\n","protected":false},"excerpt":{"rendered":"<p>Tuz Lambalar\u0131n\u0131n Faydalar\u0131 Tuz lambalar\u0131, negatif iyon yayarlar. B\u00f6ylece, havan\u0131n n\u00f6tr le\u015f erek temizlenmesini sa\u011flarlar. Tuz Lambalar\u0131, &#8220;Negatif \u0130yon&#8221; yayarak i\u00e7 mekanlardaki hava kalitesini artt\u0131r\u0131r. Do\u011fal bir negatif iyon jenerat\u00f6r\u00fc olan bu lambalar ger\u00e7ek anlamda &#8220;Havan\u0131n Vitamin\u201dleridirler. Negatif \u0130yonlar\u0131n Faydalar\u0131: Stres, fiziksel, ruhsal yorgunluk, uykusuzluk, a\u011fr\u0131lara iyi gelir. Nezle, migren, ast\u0131m gibi rahats\u0131zl\u0131klara iyi gelir, [&hellip;]<\/p>\n","protected":false},"featured_media":2902,"comment_status":"open","ping_status":"closed","template":"","meta":{"jetpack_post_was_ever_published":false,"jetpack_publicize_message":"","jetpack_is_tweetstorm":false,"jetpack_publicize_feature_enabled":true,"jetpack_social_post_already_shared":true,"jetpack_social_options":[]},"product_cat":[32],"product_tag":[64],"jetpack_publicize_connections":[],"aioseo_notices":[],"jetpack_sharing_enabled":true,"jetpack-related-posts":[{"id":548,"url":"https:\/\/buluttuz.com\/index.php\/urun\/himalaya-tuzu-lambalari\/","url_meta":{"origin":543,"position":0},"title":"Himalaya Do\u011fal Lamba 4-6","date":"Eyl\u00fcl 23, 2018","format":false,"excerpt":"Tuz Lambalar\u0131n\u0131n Faydalar\u0131 Tuz lambalar\u0131, negatif iyon yayarlar. B\u00f6ylece, havan\u0131n n\u00f6tr le\u015f erek temizlenmesini sa\u011flarlar. Tuz Lambalar\u0131, \"Negatif \u0130yon\" yayarak i\u00e7 mekanlardaki hava kalitesini artt\u0131r\u0131r. Do\u011fal bir negatif iyon jenerat\u00f6r\u00fc olan bu lambalar ger\u00e7ek anlamda \"Havan\u0131n Vitamin\u201dleridirler. Negatif \u0130yonlar\u0131n Faydalar\u0131: Stres, fiziksel, ruhsal yorgunluk, uykusuzluk, a\u011fr\u0131lara iyi gelir. Nezle, migren,\u2026","rel":"","context":"Benzer yaz\u0131","img":{"alt_text":"","src":"","width":0,"height":0},"classes":[]},{"id":483,"url":"https:\/\/buluttuz.com\/index.php\/urun\/abajur-model\/","url_meta":{"origin":543,"position":1},"title":"\u00c7ank\u0131r\u0131 Abajur Model Tuz Lamba","date":"Eyl\u00fcl 22, 2018","format":false,"excerpt":"Tuz Lambalar\u0131n\u0131n Faydalar\u0131 Tuz lambalar\u0131, negatif iyon yayarlar. B\u00f6ylece, havan\u0131n n\u00f6tr le\u015f erek temizlenmesini sa\u011flarlar. Tuz Lambalar\u0131, \"Negatif \u0130yon\" yayarak i\u00e7 mekanlardaki hava kalitesini artt\u0131r\u0131r. Do\u011fal bir negatif iyon jenerat\u00f6r\u00fc olan bu lambalar ger\u00e7ek anlamda \"Havan\u0131n Vitamin\u201dleridirler. Negatif \u0130yonlar\u0131n Faydalar\u0131: Stres, fiziksel, ruhsal yorgunluk, uykusuzluk, a\u011fr\u0131lara iyi gelir. Nezle, migren,\u2026","rel":"","context":"Benzer yaz\u0131","img":{"alt_text":"","src":"https:\/\/i0.wp.com\/buluttuz.com\/wp-content\/uploads\/2018\/09\/IMG_20220527_123616-scaled.jpg?fit=558%2C1200&ssl=1&resize=350%2C200","width":350,"height":200},"classes":[]},{"id":630,"url":"https:\/\/buluttuz.com\/index.php\/urun\/kure-model\/","url_meta":{"origin":543,"position":2},"title":"\u00c7ank\u0131r\u0131 K\u00fcre Model Tuz Lambas\u0131","date":"Eyl\u00fcl 23, 2018","format":false,"excerpt":"Tuz Lambalar\u0131n\u0131n Faydalar\u0131 Tuz lambalar\u0131, negatif iyon yayarlar. B\u00f6ylece, havan\u0131n n\u00f6tr le\u015f erek temizlenmesini sa\u011flarlar. Tuz Lambalar\u0131, \"Negatif \u0130yon\" yayarak i\u00e7 mekanlardaki hava kalitesini artt\u0131r\u0131r. Do\u011fal bir negatif iyon jenerat\u00f6r\u00fc olan bu lambalar ger\u00e7ek anlamda \"Havan\u0131n Vitamin\u201dleridirler. Negatif \u0130yonlar\u0131n Faydalar\u0131: Stres, fiziksel, ruhsal yorgunluk, uykusuzluk, a\u011fr\u0131lara iyi gelir. Nezle, migren,\u2026","rel":"","context":"Benzer yaz\u0131","img":{"alt_text":"","src":"https:\/\/i0.wp.com\/buluttuz.com\/wp-content\/uploads\/2018\/09\/1601155434546.jpg?fit=268%2C576&ssl=1&resize=350%2C200","width":350,"height":200},"classes":[]},{"id":640,"url":"https:\/\/buluttuz.com\/index.php\/urun\/lale-model\/","url_meta":{"origin":543,"position":3},"title":"Beyaz B\u00fcy\u00fck Lale Model Tuz Lambas\u0131","date":"Eyl\u00fcl 23, 2018","format":false,"excerpt":"Tuz Lambalar\u0131n\u0131n Faydalar\u0131 Tuz lambalar\u0131, negatif iyon yayarlar. B\u00f6ylece, havan\u0131n n\u00f6tr le\u015f erek temizlenmesini sa\u011flarlar. Tuz Lambalar\u0131, \"Negatif \u0130yon\" yayarak i\u00e7 mekanlardaki hava kalitesini artt\u0131r\u0131r. Do\u011fal bir negatif iyon jenerat\u00f6r\u00fc olan bu lambalar ger\u00e7ek anlamda \"Havan\u0131n Vitamin\u201dleridirler. Negatif \u0130yonlar\u0131n Faydalar\u0131: Stres, fiziksel, ruhsal yorgunluk, uykusuzluk, a\u011fr\u0131lara iyi gelir. Nezle, migren,\u2026","rel":"","context":"Benzer yaz\u0131","img":{"alt_text":"","src":"https:\/\/i0.wp.com\/buluttuz.com\/wp-content\/uploads\/2018\/09\/IMG_20220527_130141-scaled.jpg?fit=558%2C1200&ssl=1&resize=350%2C200","width":350,"height":200},"classes":[]},{"id":728,"url":"https:\/\/buluttuz.com\/index.php\/urun\/vazo-model\/","url_meta":{"origin":543,"position":4},"title":"\u00c7ank\u0131r\u0131 Vazo Model Tuz Lambas\u0131","date":"Eyl\u00fcl 23, 2018","format":false,"excerpt":"Tuz Lambalar\u0131n\u0131n Faydalar\u0131 Tuz lambalar\u0131, negatif iyon yayarlar. B\u00f6ylece, havan\u0131n n\u00f6tr le\u015f erek temizlenmesini sa\u011flarlar. Tuz Lambalar\u0131, \"Negatif \u0130yon\" yayarak i\u00e7 mekanlardaki hava kalitesini artt\u0131r\u0131r. Do\u011fal bir negatif iyon jenerat\u00f6r\u00fc olan bu lambalar ger\u00e7ek anlamda \"Havan\u0131n Vitamin\u201dleridirler. Negatif \u0130yonlar\u0131n Faydalar\u0131: Stres, fiziksel, ruhsal yorgunluk, uykusuzluk, a\u011fr\u0131lara iyi gelir. Nezle, migren,\u2026","rel":"","context":"Benzer yaz\u0131","img":{"alt_text":"","src":"https:\/\/i0.wp.com\/buluttuz.com\/wp-content\/uploads\/2018\/09\/IMG_20220527_123817-scaled.jpg?fit=558%2C1200&ssl=1&resize=350%2C200","width":350,"height":200},"classes":[]},{"id":1778,"url":"https:\/\/buluttuz.com\/index.php\/urun\/himaliya-pramit-lamba\/","url_meta":{"origin":543,"position":5},"title":"Himalaya Pramit Tuz  Lambas\u0131","date":"\u015eubat 7, 2021","format":false,"excerpt":"Tuz Lambalar\u0131n\u0131n Faydalar\u0131 Tuz lambalar\u0131, negatif iyon yayarlar. B\u00f6ylece, havan\u0131n n\u00f6tr le\u015f erek temizlenmesini sa\u011flarlar. Tuz Lambalar\u0131, \"Negatif \u0130yon\" yayarak i\u00e7 mekanlardaki hava kalitesini artt\u0131r\u0131r. Do\u011fal bir negatif iyon jenerat\u00f6r\u00fc olan bu lambalar ger\u00e7ek anlamda \"Havan\u0131n Vitamin\u201dileridirler. Negatif \u0130yonlar\u0131n Faydalar\u0131: Stres, fiziksel, ruhsal yorgunluk, uykusuzluk, a\u011fr\u0131lara iyi gelir. Nezle, migren,\u2026","rel":"","context":"Benzer yaz\u0131","img":{"alt_text":"","src":"https:\/\/i0.wp.com\/buluttuz.com\/wp-content\/uploads\/2021\/02\/938727.jpg?fit=372%2C800&ssl=1&resize=350%2C200","width":350,"height":200},"classes":[]}],"_links":{"self":[{"href":"https:\/\/buluttuz.com\/index.php\/wp-json\/wp\/v2\/product\/543"}],"collection":[{"href":"https:\/\/buluttuz.com\/index.php\/wp-json\/wp\/v2\/product"}],"about":[{"href":"https:\/\/buluttuz.com\/index.php\/wp-json\/wp\/v2\/types\/product"}],"replies":[{"embeddable":true,"href":"https:\/\/buluttuz.com\/index.php\/wp-json\/wp\/v2\/comments?post=543"}],"wp:featuredmedia":[{"embeddable":true,"href":"https:\/\/buluttuz.com\/index.php\/wp-json\/wp\/v2\/media\/2902"}],"wp:attachment":[{"href":"https:\/\/buluttuz.com\/index.php\/wp-json\/wp\/v2\/media?parent=543"}],"wp:term":[{"taxonomy":"product_cat","embeddable":true,"href":"https:\/\/buluttuz.com\/index.php\/wp-json\/wp\/v2\/product_cat?post=543"},{"taxonomy":"product_tag","embeddable":true,"href":"https:\/\/buluttuz.com\/index.php\/wp-json\/wp\/v2\/product_tag?post=543"}],"curies":[{"name":"wp","href":"https:\/\/api.w.org\/{rel}","templated":true}]}}