{"id":397,"date":"2018-09-22T20:18:42","date_gmt":"2018-09-22T17:18:42","guid":{"rendered":"https:\/\/buluttuz.com\/?post_type=product&#038;p=397"},"modified":"2023-09-25T09:58:46","modified_gmt":"2023-09-25T06:58:46","slug":"tuz-yastigi","status":"publish","type":"product","link":"https:\/\/buluttuz.com\/index.php\/urun\/tuz-yastigi\/","title":{"rendered":"Tuz Yast\u0131\u011f\u0131 1500 GR"},"content":{"rendered":"<p>Tuz yast\u0131klar\u0131 4 mevsim kullan\u0131labilece\u011fi gibi \u00f6zellikle so\u011fuk k\u0131\u015f g\u00fcnlerinde i\u015fe yarar.<\/p>\n<p>Kas a\u011fr\u0131lar\u0131na , Adet sanc\u0131lar\u0131na ve hemen her t\u00fcrl\u00fc eklem ve kas a\u011fr\u0131lar\u0131na kar\u015f\u0131 kullan\u0131labilir.<br \/>\nK\u0131\u015f aylar\u0131nda s\u0131cak su torbalar\u0131 kullanma ihtiyac\u0131 duydu\u011funuzda defalarca kullanabilece\u011finiz tuz yast\u0131klar\u0131 ile kendinizi zinde ve sa\u011fl\u0131kl\u0131 hissedersiniz<\/p>\n<p>TUZ YASTIKLARI KULLANIM TAR\u0130F\u0130<br \/>\n1-F\u0131r\u0131nda 180 deceye kadar 10 dakika \u0131s\u0131t\u0131n ve f\u0131r\u0131n\u0131 kapat\u0131p tuz yast\u0131\u011f\u0131n\u0131 i\u00e7ine koyun ve ( yast\u0131\u011f\u0131n\u0131z\u0131n zarar g\u00f6rmesini istemiyorsan\u0131z bir beze ya da al\u00fcminyum folya ya sarabilirsiniz) 10 dakika bekletin.\u00c7\u0131kartt\u0131\u011f\u0131n\u0131zda a\u011fr\u0131 noktas\u0131na , so\u011fuk alg\u0131nl\u0131klar\u0131 i\u00e7in g\u00f6\u011f\u00fcs ve s\u0131rt b\u00f6lgesine kompres yap\u0131n.<br \/>\n2-mikro dalgada \u0131s\u0131tacak san\u0131z mikro dalgan\u0131z\u0131 i\u00e7indeki taba\u011fa tuz yast\u0131\u011f\u0131n\u0131 koyduktan sonra taba\u011f\u0131n\u0131z\u0131n kapa\u011f\u0131n\u0131 kapat\u0131n ve mikro dalgan\u0131z\u0131 \u00e7al\u0131\u015ft\u0131r\u0131n \u0131s\u0131nd\u0131ktan sonra \u00e7\u0131kart\u0131p a\u011fr\u0131 noktas\u0131na , so\u011fuk alg\u0131nl\u0131klar\u0131 i\u00e7in g\u00f6\u011f\u00fcs ve s\u0131rt b\u00f6lgesine kompres yap\u0131n.<br \/>\n3- Burkma tipi yaralanmalarda ve so\u011fuk kompres ihtiya\u00e7 duydu\u011funuzda dondurucu 10-15 dakika boyunca so\u011futun<\/p>\n<p>Yakla\u015f\u0131k 20 dakika boyunca a\u011fr\u0131l\u0131 b\u00f6lgeye koyun<br \/>\nNot : Derin dondurucuya po\u015fetle birlikte koyunuz.<\/p>\n<p>Kullan\u0131m Yerleri<br \/>\nKulak a\u011fr\u0131lar\u0131<br \/>\nB\u00f6brek a\u011fr\u0131lar\u0131<br \/>\nAdet Sanc\u0131lar\u0131<br \/>\nBulant\u0131 ve kar\u0131n kramplar\u0131<br \/>\nKaraci\u011fer ve safra kesesi sa\u011fl\u0131\u011f\u0131<br \/>\nEklem sa\u011fl\u0131\u011f\u0131<br \/>\nS\u0131rt ve bel a\u011fr\u0131lar\u0131<br \/>\nKas ve iskelet a\u011fr\u0131lar\u0131<br \/>\nYumu\u015fak doku konforu<br \/>\nD\u0130KKAT ! Akut romatizmal iltihabi belirtiler veya akut gut durumunda kontrendikasyonlar<\/p>\n","protected":false},"excerpt":{"rendered":"<p>Tuz yast\u0131klar\u0131 4 mevsim kullan\u0131labilece\u011fi gibi \u00f6zellikle so\u011fuk k\u0131\u015f g\u00fcnlerinde i\u015fe yarar. Kas a\u011fr\u0131lar\u0131na , Adet sanc\u0131lar\u0131na ve hemen her t\u00fcrl\u00fc eklem ve kas a\u011fr\u0131lar\u0131na kar\u015f\u0131 kullan\u0131labilir. K\u0131\u015f aylar\u0131nda s\u0131cak su torbalar\u0131 kullanma ihtiyac\u0131 duydu\u011funuzda defalarca kullanabilece\u011finiz tuz yast\u0131klar\u0131 ile kendinizi zinde ve sa\u011fl\u0131kl\u0131 hissedersiniz TUZ YASTIKLARI KULLANIM TAR\u0130F\u0130 1-F\u0131r\u0131nda 180 deceye kadar 10 dakika [&hellip;]<\/p>\n","protected":false},"featured_media":2931,"comment_status":"open","ping_status":"closed","template":"","meta":{"jetpack_post_was_ever_published":false,"jetpack_publicize_message":"","jetpack_is_tweetstorm":false,"jetpack_publicize_feature_enabled":true,"jetpack_social_post_already_shared":true,"jetpack_social_options":[]},"product_cat":[73],"product_tag":[61],"jetpack_publicize_connections":[],"aioseo_notices":[],"jetpack_sharing_enabled":true,"jetpack-related-posts":[{"id":2984,"url":"https:\/\/buluttuz.com\/index.php\/urun\/yildiz-model-tahta-kafes-tuz-lambasi\/","url_meta":{"origin":397,"position":0},"title":"Y\u0131ld\u0131z Model Tahta Kafes Tuz Lambas\u0131","date":"Temmuz 29, 2022","format":false,"excerpt":"Stres, fiziksel, ruhsal yorgunluk, uykusuzluk, a\u011fr\u0131lara iyi gelir. Nezle, migren, ast\u0131m gibi rahats\u0131zl\u0131klara iyi gelir, akci\u011ferlerin kapasitesini y\u00fckseltir. Ba\u011f\u0131\u015f\u0131kl\u0131k sistemini g\u00fc\u00e7lendirir.- Negatif iyon Kayna\u011f\u0131d\u0131r Negatif iyon havan\u0131n vitaminleridir. Havadaki tozlar\u0131 ,bakterileri temizler alerjik rahats\u0131zl\u0131klara , ast\u0131m hastal\u0131klar\u0131na, so\u011fuk alg\u0131nl\u0131\u011f\u0131na,Migren sorununa,ba\u011f\u0131\u015f\u0131kl\u0131k sistemi zay\u0131f olanlara,mevsimsel hastal\u0131klara,horlama sorununa, birebir faydas\u0131 vard\u0131r. Havadaki nemi\u2026","rel":"","context":"Benzer yaz\u0131","img":{"alt_text":"","src":"https:\/\/i0.wp.com\/buluttuz.com\/wp-content\/uploads\/2022\/07\/TREDYOL-1.jpg?fit=600%2C800&ssl=1&resize=350%2C200","width":350,"height":200},"classes":[]},{"id":2987,"url":"https:\/\/buluttuz.com\/index.php\/urun\/lokus-orta-ipli-tahta-kafes-tuz-lambasi\/","url_meta":{"origin":397,"position":1},"title":"Lok\u00fcs Orta \u0130pli Tahta Kafes Tuz Lambas\u0131","date":"Temmuz 29, 2022","format":false,"excerpt":"Stres, fiziksel, ruhsal yorgunluk, uykusuzluk, a\u011fr\u0131lara iyi gelir. Nezle, migren, ast\u0131m gibi rahats\u0131zl\u0131klara iyi gelir, akci\u011ferlerin kapasitesini y\u00fckseltir. Ba\u011f\u0131\u015f\u0131kl\u0131k sistemini g\u00fc\u00e7lendirir.- Negatif iyon Kayna\u011f\u0131d\u0131r Negatif iyon havan\u0131n vitaminleridir. Havadaki tozlar\u0131 ,bakterileri temizler alerjik rahats\u0131zl\u0131klara , ast\u0131m hastal\u0131klar\u0131na, so\u011fuk alg\u0131nl\u0131\u011f\u0131na,Migren sorununa,ba\u011f\u0131\u015f\u0131kl\u0131k sistemi zay\u0131f olanlara,mevsimsel hastal\u0131klara,horlama sorununa, birebir faydas\u0131 vard\u0131r. Havadaki nemi\u2026","rel":"","context":"Benzer yaz\u0131","img":{"alt_text":"","src":"https:\/\/i0.wp.com\/buluttuz.com\/wp-content\/uploads\/2022\/07\/IMG_20220706_143400-scaled.jpg?fit=558%2C1200&ssl=1&resize=350%2C200","width":350,"height":200},"classes":[]},{"id":204,"url":"https:\/\/buluttuz.com\/index.php\/urun\/himalaya-tuz-sabunu\/","url_meta":{"origin":397,"position":2},"title":"Himalaya Tuz Sabunu","date":"Eyl\u00fcl 22, 2018","format":false,"excerpt":"Kullan\u0131m \u015fekli: Tuz sabununu normal sabunlar gibi kullanabiliriz. \u00d6ncelikle ellerinizi ve sabunu \u0131slat\u0131n\u0131z, sabunu ellerinizde iyice yuvarlad\u0131ktan sonra ellerinize bulasan tuz eriyi\u011fini el, y\u00fcz veya gerekti\u011finde t\u00fcm v\u00fccudunuza iyice yayd\u0131ktan sonra bir sure tuzun cildinize islemesini bekleyiniz. Daha sonra cildinizi durulay\u0131n\u0131z. A\u00e7\u0131klama: Kaya tuzundan yap\u0131lm\u0131\u015f sabunlar cildinizin bak\u0131m\u0131n\u0131 do\u011fal olarak\u2026","rel":"","context":"Benzer yaz\u0131","img":{"alt_text":"","src":"https:\/\/i0.wp.com\/buluttuz.com\/wp-content\/uploads\/2018\/09\/IMG_20220527_121016_500x500.jpg?fit=500%2C500&ssl=1&resize=350%2C200","width":350,"height":200},"classes":[]},{"id":201,"url":"https:\/\/buluttuz.com\/index.php\/urun\/cankiri-kaya-tuzu-sabunu\/","url_meta":{"origin":397,"position":3},"title":"\u00c7ank\u0131r\u0131 Kaya Tuzu Sabunu","date":"Eyl\u00fcl 22, 2018","format":false,"excerpt":"Kullan\u0131m \u015fekli: Tuz sabununu normal sabunlar gibi kullanabiliriz. \u00d6ncelikle ellerinizi ve sabunu \u0131slat\u0131n\u0131z, sabunu ellerinizde iyice yuvarlad\u0131ktan sonra ellerinize bulasan tuz eriyi\u011fini el, y\u00fcz veya gerekti\u011finde t\u00fcm v\u00fccudunuza iyice yayd\u0131ktan sonra bir sure tuzun cildinize islemesini bekleyiniz. Daha sonra cildinizi durulay\u0131n\u0131z. A\u00e7\u0131klama: Kaya tuzundan yap\u0131lm\u0131\u015f sabunlar cildinizin bak\u0131m\u0131n\u0131 do\u011fal olarak\u2026","rel":"","context":"Benzer yaz\u0131","img":{"alt_text":"","src":"https:\/\/i0.wp.com\/buluttuz.com\/wp-content\/uploads\/2018\/09\/IMG-20220610-WA0021.jpg?fit=600%2C800&ssl=1&resize=350%2C200","width":350,"height":200},"classes":[]},{"id":483,"url":"https:\/\/buluttuz.com\/index.php\/urun\/abajur-model\/","url_meta":{"origin":397,"position":4},"title":"\u00c7ank\u0131r\u0131 Abajur Model Tuz Lamba","date":"Eyl\u00fcl 22, 2018","format":false,"excerpt":"Tuz Lambalar\u0131n\u0131n Faydalar\u0131 Tuz lambalar\u0131, negatif iyon yayarlar. B\u00f6ylece, havan\u0131n n\u00f6tr le\u015f erek temizlenmesini sa\u011flarlar. Tuz Lambalar\u0131, \"Negatif \u0130yon\" yayarak i\u00e7 mekanlardaki hava kalitesini artt\u0131r\u0131r. Do\u011fal bir negatif iyon jenerat\u00f6r\u00fc olan bu lambalar ger\u00e7ek anlamda \"Havan\u0131n Vitamin\u201dleridirler. Negatif \u0130yonlar\u0131n Faydalar\u0131: Stres, fiziksel, ruhsal yorgunluk, uykusuzluk, a\u011fr\u0131lara iyi gelir. Nezle, migren,\u2026","rel":"","context":"Benzer yaz\u0131","img":{"alt_text":"","src":"https:\/\/i0.wp.com\/buluttuz.com\/wp-content\/uploads\/2018\/09\/IMG_20220527_123616-scaled.jpg?fit=558%2C1200&ssl=1&resize=350%2C200","width":350,"height":200},"classes":[]},{"id":543,"url":"https:\/\/buluttuz.com\/index.php\/urun\/gaz-lambasi\/","url_meta":{"origin":397,"position":5},"title":"\u00c7ank\u0131r\u0131 Gaz Tuz Lambas\u0131","date":"Eyl\u00fcl 23, 2018","format":false,"excerpt":"Tuz Lambalar\u0131n\u0131n Faydalar\u0131 Tuz lambalar\u0131, negatif iyon yayarlar. B\u00f6ylece, havan\u0131n n\u00f6tr le\u015f erek temizlenmesini sa\u011flarlar. Tuz Lambalar\u0131, \"Negatif \u0130yon\" yayarak i\u00e7 mekanlardaki hava kalitesini artt\u0131r\u0131r. Do\u011fal bir negatif iyon jenerat\u00f6r\u00fc olan bu lambalar ger\u00e7ek anlamda \"Havan\u0131n Vitamin\u201dleridirler. Negatif \u0130yonlar\u0131n Faydalar\u0131: Stres, fiziksel, ruhsal yorgunluk, uykusuzluk, a\u011fr\u0131lara iyi gelir. Nezle, migren,\u2026","rel":"","context":"Benzer yaz\u0131","img":{"alt_text":"","src":"https:\/\/i0.wp.com\/buluttuz.com\/wp-content\/uploads\/2018\/09\/IMG_20220527_123431-scaled.jpg?fit=558%2C1200&ssl=1&resize=350%2C200","width":350,"height":200},"classes":[]}],"_links":{"self":[{"href":"https:\/\/buluttuz.com\/index.php\/wp-json\/wp\/v2\/product\/397"}],"collection":[{"href":"https:\/\/buluttuz.com\/index.php\/wp-json\/wp\/v2\/product"}],"about":[{"href":"https:\/\/buluttuz.com\/index.php\/wp-json\/wp\/v2\/types\/product"}],"replies":[{"embeddable":true,"href":"https:\/\/buluttuz.com\/index.php\/wp-json\/wp\/v2\/comments?post=397"}],"wp:featuredmedia":[{"embeddable":true,"href":"https:\/\/buluttuz.com\/index.php\/wp-json\/wp\/v2\/media\/2931"}],"wp:attachment":[{"href":"https:\/\/buluttuz.com\/index.php\/wp-json\/wp\/v2\/media?parent=397"}],"wp:term":[{"taxonomy":"product_cat","embeddable":true,"href":"https:\/\/buluttuz.com\/index.php\/wp-json\/wp\/v2\/product_cat?post=397"},{"taxonomy":"product_tag","embeddable":true,"href":"https:\/\/buluttuz.com\/index.php\/wp-json\/wp\/v2\/product_tag?post=397"}],"curies":[{"name":"wp","href":"https:\/\/api.w.org\/{rel}","templated":true}]}}