{"id":354,"date":"2018-09-22T18:21:30","date_gmt":"2018-09-22T15:21:30","guid":{"rendered":"https:\/\/buluttuz.com\/?post_type=product&#038;p=354"},"modified":"2025-05-22T00:22:54","modified_gmt":"2025-05-21T21:22:54","slug":"sole-yalama-tuzu","status":"publish","type":"product","link":"https:\/\/buluttuz.com\/index.php\/urun\/sole-yalama-tuzu\/","title":{"rendered":"Sole-Yalama Tuzu 500 Gr"},"content":{"rendered":"","protected":false},"excerpt":{"rendered":"","protected":false},"featured_media":2936,"comment_status":"open","ping_status":"closed","template":"","meta":{"jetpack_post_was_ever_published":false,"jetpack_publicize_message":"","jetpack_is_tweetstorm":false,"jetpack_publicize_feature_enabled":true,"jetpack_social_post_already_shared":true,"jetpack_social_options":[]},"product_cat":[38],"product_tag":[56],"jetpack_publicize_connections":[],"aioseo_notices":[],"jetpack_sharing_enabled":true,"jetpack-related-posts":[{"id":281,"url":"https:\/\/buluttuz.com\/index.php\/urun\/kristal-cankiri-yemeklik-kaya-tuzu\/","url_meta":{"origin":354,"position":0},"title":"\u00c7ank\u0131r\u0131 Kristal Yemeklik Kaya Tuzu 500 Gr","date":"Eyl\u00fcl 22, 2018","format":false,"excerpt":"Kaya Tuzu Faydalar\u0131 Nelerdir? Deniz ve g\u00f6lden elde edilen tuzlar fazla kullan\u0131l\u0131rsa insan sa\u011fl\u0131\u011f\u0131 i\u00e7in tehdit olu\u015fturur. Oysa bilin\u00e7li \u015fekilde kullan\u0131lan kaya tuzu olduk\u00e7a faydal\u0131d\u0131r. Kaya tuzu faydalar\u0131 aras\u0131nda \u00f6ncelikli olanlar \u015f\u00f6yle s\u0131ralanabilir: \u2022 Kan bas\u0131nc\u0131n\u0131 dengeler ve kan dola\u015f\u0131m\u0131n\u0131 h\u0131zland\u0131r\u0131r. B\u00f6brek ve mesane ta\u015flar\u0131na iyi geldi\u011fi s\u00f6ylenir. \u2022 Sindirim\u2026","rel":"","context":"Benzer yaz\u0131","img":{"alt_text":"","src":"https:\/\/i0.wp.com\/buluttuz.com\/wp-content\/uploads\/2018\/09\/IMG_20220527_112958-scaled.jpg?fit=558%2C1200&ssl=1&resize=350%2C200","width":350,"height":200},"classes":[]},{"id":1870,"url":"https:\/\/buluttuz.com\/index.php\/urun\/kirikkale-delice-kaynak-tuzu\/","url_meta":{"origin":354,"position":1},"title":"K\u0131r\u0131kkale Delice Kaynak Tuzu 500 Gr","date":"Temmuz 17, 2021","format":false,"excerpt":"\u00a0\u00a0\u00a0\u00a0\u00a0\u00a0\u00a0\u00a0\u00a0\u00a0\u00a0\u00a0\u00a0\u00a0 \u00a0\u00a0\u00a0\u00a0\u00a0\u00a0\u00a0","rel":"","context":"Benzer yaz\u0131","img":{"alt_text":"","src":"https:\/\/i0.wp.com\/buluttuz.com\/wp-content\/uploads\/2021\/07\/IMG_20220527_113410-scaled.jpg?fit=558%2C1200&ssl=1&resize=350%2C200","width":350,"height":200},"classes":[]},{"id":2233,"url":"https:\/\/buluttuz.com\/index.php\/urun\/cankiri-kristal-baskili-yemeklik-kaya-tuzu-1000-gr\/","url_meta":{"origin":354,"position":2},"title":"\u00c7ank\u0131r\u0131 Kristal Bask\u0131l\u0131 Yemeklik Kaya Tuzu 1000 gr","date":"Ocak 21, 2022","format":false,"excerpt":"","rel":"","context":"Benzer yaz\u0131","img":{"alt_text":"","src":"https:\/\/i0.wp.com\/buluttuz.com\/wp-content\/uploads\/2022\/01\/IMG_20220527_115332-scaled.jpg?fit=553%2C1200&ssl=1&resize=350%2C200","width":350,"height":200},"classes":[]},{"id":130,"url":"https:\/\/buluttuz.com\/index.php\/urun\/ayak-bakim-tuzu-sade\/","url_meta":{"origin":354,"position":3},"title":"Ayak Bak\u0131m Tuzu Sade Bask\u0131l\u0131 Po\u015fet 1000 gr","date":"Eyl\u00fcl 21, 2018","format":false,"excerpt":"AYAK BAKIM TUZU Kullan\u0131m\u0131 1-paket tuzu 1\/3 oran\u0131nda plastik kovaya d\u00f6k\u00fcn\u00fcz 2-s\u0131cak su ile kovay\u0131 doldurunuz 10-15 dakika erimeye b\u0131rak\u0131n\u0131z 3-ayaklar\u0131n\u0131z\u0131 \u00e7\u0131plak halde kova i\u00e7indeki suya sokunuz. 4-20 dakika bekletiniz. 5-ayaklar\u0131n\u0131z\u0131 tuzlu sudan \u00e7\u0131kartt\u0131ktan sonra 10 dakika kurumaya b\u0131rak\u0131n\u0131z ve sonras\u0131nda y\u0131kay\u0131n\u0131z. 6-ayn\u0131 i\u015flemi en az 6 kez tekrarlay\u0131n\u0131z Not.\u00d6zellikle\u2026","rel":"","context":"Benzer yaz\u0131","img":{"alt_text":"","src":"https:\/\/i0.wp.com\/buluttuz.com\/wp-content\/uploads\/2018\/09\/IMG_20220527_120439-scaled.jpg?fit=558%2C1200&ssl=1&resize=350%2C200","width":350,"height":200},"classes":[]},{"id":217,"url":"https:\/\/buluttuz.com\/index.php\/urun\/dis-tuzu-naneli\/","url_meta":{"origin":354,"position":4},"title":"Bulut Tuz Di\u015f Bak\u0131m  Tuzu &#8211; Naneli 120 gr","date":"Eyl\u00fcl 22, 2018","format":false,"excerpt":"D\u0130\u015e BAKIM TUZU FAYDALARI Bulut Di\u015f Bak\u0131m Tuzlar\u0131 -\u00f6zellikle di\u015f ta\u015flar\u0131n\u0131n olu\u015fmas\u0131n\u0131 engeller, -olu\u015fmu\u015f di\u015f ta\u015flar\u0131n\u0131n yok olmas\u0131 konusunda kesin sonu\u00e7lar verir. -\u00d6zellikle kemoterapi d\u00f6nemlerinde ve boyundaki kanserlere kar\u015f\u0131 \u0131\u015f\u0131n tedavilerinde, a\u011f\u0131z ve di\u015f sa\u011fl\u0131\u011f\u0131nda tuz kullan\u0131m\u0131 \u00e7ok \u00f6nemlidir. -I\u015f\u0131n tedavisi g\u00f6ren bir hastada di\u015flerin di\u015f macununa alternatif do\u011fal tuz\u2026","rel":"","context":"Benzer yaz\u0131","img":{"alt_text":"","src":"https:\/\/i0.wp.com\/buluttuz.com\/wp-content\/uploads\/2018\/09\/IMG_20220527_115959_500x500.jpg?fit=500%2C500&ssl=1&resize=350%2C200","width":350,"height":200},"classes":[]},{"id":207,"url":"https:\/\/buluttuz.com\/index.php\/urun\/dis-tuzu-sade\/","url_meta":{"origin":354,"position":5},"title":"Bulut Tuz Di\u015f Bak\u0131m Tuzu Sade 120 gr","date":"Eyl\u00fcl 22, 2018","format":false,"excerpt":"D\u0130\u015e BAKIM TUZU FAYDALARI Bulut Di\u015f Bak\u0131m Tuzlar\u0131 -\u00f6zellikle di\u015f ta\u015flar\u0131n\u0131n olu\u015fmas\u0131n\u0131 engeller, -olu\u015fmu\u015f di\u015f ta\u015flar\u0131n\u0131n yok olmas\u0131 konusunda kesin sonu\u00e7lar verir. -\u00d6zellikle kemoterapi d\u00f6nemlerinde ve boyundaki kanserlere kar\u015f\u0131 \u0131\u015f\u0131n tedavilerinde, a\u011f\u0131z ve di\u015f sa\u011fl\u0131\u011f\u0131nda tuz kullan\u0131m\u0131 \u00e7ok \u00f6nemlidir. -I\u015f\u0131n tedavisi g\u00f6ren bir hastada di\u015flerin di\u015f macununa alternatif do\u011fal tuz\u2026","rel":"","context":"Benzer yaz\u0131","img":{"alt_text":"","src":"https:\/\/i0.wp.com\/buluttuz.com\/wp-content\/uploads\/2018\/09\/IMG_20220527_120201-scaled.jpg?fit=558%2C1200&ssl=1&resize=350%2C200","width":350,"height":200},"classes":[]}],"_links":{"self":[{"href":"https:\/\/buluttuz.com\/index.php\/wp-json\/wp\/v2\/product\/354"}],"collection":[{"href":"https:\/\/buluttuz.com\/index.php\/wp-json\/wp\/v2\/product"}],"about":[{"href":"https:\/\/buluttuz.com\/index.php\/wp-json\/wp\/v2\/types\/product"}],"replies":[{"embeddable":true,"href":"https:\/\/buluttuz.com\/index.php\/wp-json\/wp\/v2\/comments?post=354"}],"wp:featuredmedia":[{"embeddable":true,"href":"https:\/\/buluttuz.com\/index.php\/wp-json\/wp\/v2\/media\/2936"}],"wp:attachment":[{"href":"https:\/\/buluttuz.com\/index.php\/wp-json\/wp\/v2\/media?parent=354"}],"wp:term":[{"taxonomy":"product_cat","embeddable":true,"href":"https:\/\/buluttuz.com\/index.php\/wp-json\/wp\/v2\/product_cat?post=354"},{"taxonomy":"product_tag","embeddable":true,"href":"https:\/\/buluttuz.com\/index.php\/wp-json\/wp\/v2\/product_tag?post=354"}],"curies":[{"name":"wp","href":"https:\/\/api.w.org\/{rel}","templated":true}]}}