{"id":3004,"date":"2023-03-08T16:29:15","date_gmt":"2023-03-08T13:29:15","guid":{"rendered":"https:\/\/buluttuz.com\/?post_type=product&#038;p=3004"},"modified":"2023-09-25T09:23:37","modified_gmt":"2023-09-25T06:23:37","slug":"cankiri-dogal-kaya-tuzu-lambasi-2-3-kg","status":"publish","type":"product","link":"https:\/\/buluttuz.com\/index.php\/urun\/cankiri-dogal-kaya-tuzu-lambasi-2-3-kg\/","title":{"rendered":"\u00c7ank\u0131r\u0131 Do\u011fal Kaya Tuzu Lambas\u0131 2-3 kg"},"content":{"rendered":"","protected":false},"excerpt":{"rendered":"","protected":false},"featured_media":2827,"comment_status":"open","ping_status":"closed","template":"","meta":{"jetpack_post_was_ever_published":false,"jetpack_publicize_message":"","jetpack_is_tweetstorm":false,"jetpack_publicize_feature_enabled":true,"jetpack_social_post_already_shared":true,"jetpack_social_options":[]},"product_cat":[32],"product_tag":[],"jetpack_publicize_connections":[],"aioseo_notices":[],"jetpack_sharing_enabled":true,"jetpack-related-posts":[{"id":2231,"url":"https:\/\/buluttuz.com\/index.php\/urun\/himalaya-dogal-kaya-tuzu-lambasi-2-3-kg\/","url_meta":{"origin":3004,"position":0},"title":"Himalaya Do\u011fal Kaya Tuzu Lambas\u0131 2-3 kg","date":"Ocak 21, 2022","format":false,"excerpt":"Tuz Lambalar\u0131n\u0131n Faydalar\u0131\u00a0\u00a0\u00a0\u00a0\u00a0\u00a0\u00a0\u00a0 Tuz lambalar\u0131, negatif iyon yayarlar. B\u00f6ylece, havan\u0131n n\u00f6tr le\u015f erek temizlenmesini sa\u011flarlar. Tuz Lambalar\u0131, \"Negatif \u0130yon\" yayarak i\u00e7 mekanlardaki hava kalitesini artt\u0131r\u0131r. Do\u011fal bir negatif iyon jenerat\u00f6r\u00fc olan bu lambalar ger\u00e7ek anlamda \"Havan\u0131n Vitamin\u201dleridirler.\u00a0Negatif \u0130yonlar\u0131n Faydalar\u0131:\u00a0\u00a0\u00a0\u00a0\u00a0\u00a0\u00a0\u00a0\u00a0Stres, fiziksel, ruhsal yorgunluk, uykusuzluk, a\u011fr\u0131lara iyi gelir.\u00a0Nezle, migren, ast\u0131m gibi rahats\u0131zl\u0131klara\u2026","rel":"","context":"Benzer yaz\u0131","img":{"alt_text":"","src":"https:\/\/i0.wp.com\/buluttuz.com\/wp-content\/uploads\/2022\/01\/1603648225529.jpg?fit=320%2C288&ssl=1&resize=350%2C200","width":350,"height":200},"classes":[]},{"id":201,"url":"https:\/\/buluttuz.com\/index.php\/urun\/cankiri-kaya-tuzu-sabunu\/","url_meta":{"origin":3004,"position":1},"title":"\u00c7ank\u0131r\u0131 Kaya Tuzu Sabunu","date":"Eyl\u00fcl 22, 2018","format":false,"excerpt":"Kullan\u0131m \u015fekli: Tuz sabununu normal sabunlar gibi kullanabiliriz. \u00d6ncelikle ellerinizi ve sabunu \u0131slat\u0131n\u0131z, sabunu ellerinizde iyice yuvarlad\u0131ktan sonra ellerinize bulasan tuz eriyi\u011fini el, y\u00fcz veya gerekti\u011finde t\u00fcm v\u00fccudunuza iyice yayd\u0131ktan sonra bir sure tuzun cildinize islemesini bekleyiniz. Daha sonra cildinizi durulay\u0131n\u0131z. A\u00e7\u0131klama: Kaya tuzundan yap\u0131lm\u0131\u015f sabunlar cildinizin bak\u0131m\u0131n\u0131 do\u011fal olarak\u2026","rel":"","context":"Benzer yaz\u0131","img":{"alt_text":"","src":"https:\/\/i0.wp.com\/buluttuz.com\/wp-content\/uploads\/2018\/09\/IMG-20220610-WA0021.jpg?fit=600%2C800&ssl=1&resize=350%2C200","width":350,"height":200},"classes":[]},{"id":1836,"url":"https:\/\/buluttuz.com\/index.php\/urun\/cankiri-dogal-tuz-lambasi\/","url_meta":{"origin":3004,"position":2},"title":"\u00c7ank\u0131r\u0131 Do\u011fal Tuz Lambas\u0131 5-6 KG","date":"Temmuz 17, 2021","format":false,"excerpt":"Tuz Lambalar\u0131n\u0131n Faydalar\u0131 Tuz lambalar\u0131, negatif iyon yayarlar. B\u00f6ylece, havan\u0131n n\u00f6tr le\u015f erek temizlenmesini sa\u011flarlar. Tuz Lambalar\u0131, \"Negatif \u0130yon\" yayarak i\u00e7 mekanlardaki hava kalitesini artt\u0131r\u0131r. Do\u011fal bir negatif iyon jenerat\u00f6r\u00fc olan bu lambalar ger\u00e7ek anlamda \"Havan\u0131n Vitamin\u201dileridirler. Negatif \u0130yonlar\u0131n Faydalar\u0131: Stres, fiziksel, ruhsal yorgunluk, uykusuzluk, a\u011fr\u0131lara iyi gelir. Nezle, migren,\u2026","rel":"","context":"Benzer yaz\u0131","img":{"alt_text":"","src":"https:\/\/i0.wp.com\/buluttuz.com\/wp-content\/uploads\/2021\/07\/IMG_20200820_113722-scaled.jpg?fit=558%2C1200&ssl=1&resize=350%2C200","width":350,"height":200},"classes":[]},{"id":2994,"url":"https:\/\/buluttuz.com\/index.php\/urun\/cankiri-tuz-sabun\/","url_meta":{"origin":3004,"position":3},"title":"\u00c7ank\u0131r\u0131 Tuz Sabun","date":"Temmuz 29, 2022","format":false,"excerpt":"KAYA TUZU SABUN FAYDALARI 1- Cildi temizler,dezenfekte eder,cildi besler,sa\u00e7ta kepe\u011fi \u00f6nleyici \u00f6zelli\u011fi vard\u0131r. 2- Alerjik,atopik,kuru cilt,sivilce,sedef hastal\u0131\u011f\u0131 gibi cilt sorununun tedavisinde kullan\u0131l\u0131r. 3- Koku yaratan bakterileri ortadan kald\u0131r\u0131r, koltuk alt\u0131 kokusunu \u00f6nler. 4- Cildin g\u00f6zeneklerini t\u0131kamadan taze ve temiz kalmas\u0131n\u0131 sa\u011flar, terlemeyi \u00f6nler.","rel":"","context":"Benzer yaz\u0131","img":{"alt_text":"","src":"https:\/\/i0.wp.com\/buluttuz.com\/wp-content\/uploads\/2022\/07\/IMG-20220610-WA0020.jpg?fit=558%2C1200&ssl=1&resize=350%2C200","width":350,"height":200},"classes":[]},{"id":2233,"url":"https:\/\/buluttuz.com\/index.php\/urun\/cankiri-kristal-baskili-yemeklik-kaya-tuzu-1000-gr\/","url_meta":{"origin":3004,"position":4},"title":"\u00c7ank\u0131r\u0131 Kristal Bask\u0131l\u0131 Yemeklik Kaya Tuzu 1000 gr","date":"Ocak 21, 2022","format":false,"excerpt":"","rel":"","context":"Benzer yaz\u0131","img":{"alt_text":"","src":"https:\/\/i0.wp.com\/buluttuz.com\/wp-content\/uploads\/2022\/01\/IMG_20220527_115332-scaled.jpg?fit=553%2C1200&ssl=1&resize=350%2C200","width":350,"height":200},"classes":[]},{"id":281,"url":"https:\/\/buluttuz.com\/index.php\/urun\/kristal-cankiri-yemeklik-kaya-tuzu\/","url_meta":{"origin":3004,"position":5},"title":"\u00c7ank\u0131r\u0131 Kristal Yemeklik Kaya Tuzu 500 Gr","date":"Eyl\u00fcl 22, 2018","format":false,"excerpt":"Kaya Tuzu Faydalar\u0131 Nelerdir? Deniz ve g\u00f6lden elde edilen tuzlar fazla kullan\u0131l\u0131rsa insan sa\u011fl\u0131\u011f\u0131 i\u00e7in tehdit olu\u015fturur. Oysa bilin\u00e7li \u015fekilde kullan\u0131lan kaya tuzu olduk\u00e7a faydal\u0131d\u0131r. Kaya tuzu faydalar\u0131 aras\u0131nda \u00f6ncelikli olanlar \u015f\u00f6yle s\u0131ralanabilir: \u2022 Kan bas\u0131nc\u0131n\u0131 dengeler ve kan dola\u015f\u0131m\u0131n\u0131 h\u0131zland\u0131r\u0131r. B\u00f6brek ve mesane ta\u015flar\u0131na iyi geldi\u011fi s\u00f6ylenir. \u2022 Sindirim\u2026","rel":"","context":"Benzer yaz\u0131","img":{"alt_text":"","src":"https:\/\/i0.wp.com\/buluttuz.com\/wp-content\/uploads\/2018\/09\/IMG_20220527_112958-scaled.jpg?fit=558%2C1200&ssl=1&resize=350%2C200","width":350,"height":200},"classes":[]}],"_links":{"self":[{"href":"https:\/\/buluttuz.com\/index.php\/wp-json\/wp\/v2\/product\/3004"}],"collection":[{"href":"https:\/\/buluttuz.com\/index.php\/wp-json\/wp\/v2\/product"}],"about":[{"href":"https:\/\/buluttuz.com\/index.php\/wp-json\/wp\/v2\/types\/product"}],"replies":[{"embeddable":true,"href":"https:\/\/buluttuz.com\/index.php\/wp-json\/wp\/v2\/comments?post=3004"}],"wp:featuredmedia":[{"embeddable":true,"href":"https:\/\/buluttuz.com\/index.php\/wp-json\/wp\/v2\/media\/2827"}],"wp:attachment":[{"href":"https:\/\/buluttuz.com\/index.php\/wp-json\/wp\/v2\/media?parent=3004"}],"wp:term":[{"taxonomy":"product_cat","embeddable":true,"href":"https:\/\/buluttuz.com\/index.php\/wp-json\/wp\/v2\/product_cat?post=3004"},{"taxonomy":"product_tag","embeddable":true,"href":"https:\/\/buluttuz.com\/index.php\/wp-json\/wp\/v2\/product_tag?post=3004"}],"curies":[{"name":"wp","href":"https:\/\/api.w.org\/{rel}","templated":true}]}}