{"id":300,"date":"2018-09-22T13:50:59","date_gmt":"2018-09-22T10:50:59","guid":{"rendered":"https:\/\/buluttuz.com\/?post_type=product&#038;p=300"},"modified":"2023-09-25T10:04:15","modified_gmt":"2023-09-25T07:04:15","slug":"degirmenlik-cankiri-kristal-tuz","status":"publish","type":"product","link":"https:\/\/buluttuz.com\/index.php\/urun\/degirmenlik-cankiri-kristal-tuz\/","title":{"rendered":"\u00c7ank\u0131r\u0131 De\u011firmenlik Kristal Tuz 500 GR"},"content":{"rendered":"","protected":false},"excerpt":{"rendered":"","protected":false},"featured_media":2943,"comment_status":"open","ping_status":"closed","template":"","meta":{"jetpack_post_was_ever_published":false,"jetpack_publicize_message":"","jetpack_is_tweetstorm":false,"jetpack_publicize_feature_enabled":true,"jetpack_social_post_already_shared":true,"jetpack_social_options":[]},"product_cat":[36],"product_tag":[51,52],"jetpack_publicize_connections":[],"aioseo_notices":[],"jetpack_sharing_enabled":true,"jetpack-related-posts":[{"id":2233,"url":"https:\/\/buluttuz.com\/index.php\/urun\/cankiri-kristal-baskili-yemeklik-kaya-tuzu-1000-gr\/","url_meta":{"origin":300,"position":0},"title":"\u00c7ank\u0131r\u0131 Kristal Bask\u0131l\u0131 Yemeklik Kaya Tuzu 1000 gr","date":"Ocak 21, 2022","format":false,"excerpt":"","rel":"","context":"Benzer yaz\u0131","img":{"alt_text":"","src":"https:\/\/i0.wp.com\/buluttuz.com\/wp-content\/uploads\/2022\/01\/IMG_20220527_115332-scaled.jpg?fit=553%2C1200&ssl=1&resize=350%2C200","width":350,"height":200},"classes":[]},{"id":281,"url":"https:\/\/buluttuz.com\/index.php\/urun\/kristal-cankiri-yemeklik-kaya-tuzu\/","url_meta":{"origin":300,"position":1},"title":"\u00c7ank\u0131r\u0131 Kristal Yemeklik Kaya Tuzu 500 Gr","date":"Eyl\u00fcl 22, 2018","format":false,"excerpt":"Kaya Tuzu Faydalar\u0131 Nelerdir? Deniz ve g\u00f6lden elde edilen tuzlar fazla kullan\u0131l\u0131rsa insan sa\u011fl\u0131\u011f\u0131 i\u00e7in tehdit olu\u015fturur. Oysa bilin\u00e7li \u015fekilde kullan\u0131lan kaya tuzu olduk\u00e7a faydal\u0131d\u0131r. Kaya tuzu faydalar\u0131 aras\u0131nda \u00f6ncelikli olanlar \u015f\u00f6yle s\u0131ralanabilir: \u2022 Kan bas\u0131nc\u0131n\u0131 dengeler ve kan dola\u015f\u0131m\u0131n\u0131 h\u0131zland\u0131r\u0131r. B\u00f6brek ve mesane ta\u015flar\u0131na iyi geldi\u011fi s\u00f6ylenir. \u2022 Sindirim\u2026","rel":"","context":"Benzer yaz\u0131","img":{"alt_text":"","src":"https:\/\/i0.wp.com\/buluttuz.com\/wp-content\/uploads\/2018\/09\/IMG_20220527_112958-scaled.jpg?fit=558%2C1200&ssl=1&resize=350%2C200","width":350,"height":200},"classes":[]},{"id":274,"url":"https:\/\/buluttuz.com\/index.php\/urun\/kristal-cankiri-salamura-tuzu\/","url_meta":{"origin":300,"position":2},"title":"\u00c7ank\u0131r\u0131 Bask\u0131l\u0131 Kristal Salamura Tuzu","date":"Eyl\u00fcl 22, 2018","format":false,"excerpt":"Salamura ile ad\u0131 b\u00fct\u00fcnle\u015fmi\u015f olan tuz bu sekt\u00f6r\u00fcn en \u00f6nemli can damar\u0131d\u0131r. Hangimizin akl\u0131na salamura dendi\u011finde tuz gelmez? Tur\u015fu salamura ile salamura tuz ile haz\u0131rlan\u0131r. Tur\u015fu tuzu \u00fclkemizde g\u0131da sekt\u00f6r\u00fcnde tuz t\u00fcketiminin lokomotifler indendir. Salamura sekt\u00f6r\u00fc i\u00e7in tavsiyemiz g\u0131da sanayi tuzu kullan\u0131m\u0131 y\u00f6n\u00fcndedir. Tuzun erime h\u0131z\u0131 ( zamandan kazanmak i\u00e7in\u2026","rel":"","context":"Benzer yaz\u0131","img":{"alt_text":"","src":"https:\/\/i0.wp.com\/buluttuz.com\/wp-content\/uploads\/2018\/09\/IMG_20220527_115313-scaled.jpg?fit=553%2C1200&ssl=1&resize=350%2C200","width":350,"height":200},"classes":[]},{"id":2228,"url":"https:\/\/buluttuz.com\/index.php\/urun\/cankiri-tuz-degirmen-200-gr\/","url_meta":{"origin":300,"position":3},"title":"\u00c7ank\u0131r\u0131 Tuz De\u011firmen 200 gr","date":"Ocak 20, 2022","format":false,"excerpt":"","rel":"","context":"Benzer yaz\u0131","img":{"alt_text":"","src":"https:\/\/i0.wp.com\/buluttuz.com\/wp-content\/uploads\/2022\/01\/1631435202447.jpg?fit=225%2C500&ssl=1&resize=350%2C200","width":350,"height":200},"classes":[]},{"id":1866,"url":"https:\/\/buluttuz.com\/index.php\/urun\/cankiri-sofralik-iyotlu-tuz\/","url_meta":{"origin":300,"position":4},"title":"\u00c7ank\u0131r\u0131 Sofral\u0131k \u0130yotlu Kaya Tuzu 750 gr","date":"Temmuz 17, 2021","format":false,"excerpt":"","rel":"","context":"Benzer yaz\u0131","img":{"alt_text":"","src":"https:\/\/i0.wp.com\/buluttuz.com\/wp-content\/uploads\/2021\/07\/IMG_20220527_112321-scaled.jpg?fit=558%2C1200&ssl=1&resize=350%2C200","width":350,"height":200},"classes":[]},{"id":313,"url":"https:\/\/buluttuz.com\/index.php\/urun\/degirmenlik-himalaya-tuzu\/","url_meta":{"origin":300,"position":5},"title":"Himalaya  Gran\u00fcr De\u011firmenlik Tuz","date":"Eyl\u00fcl 22, 2018","format":false,"excerpt":"","rel":"","context":"Benzer yaz\u0131","img":{"alt_text":"","src":"https:\/\/i0.wp.com\/buluttuz.com\/wp-content\/uploads\/2018\/09\/IMG_20220527_113140-scaled.jpg?fit=558%2C1200&ssl=1&resize=350%2C200","width":350,"height":200},"classes":[]}],"_links":{"self":[{"href":"https:\/\/buluttuz.com\/index.php\/wp-json\/wp\/v2\/product\/300"}],"collection":[{"href":"https:\/\/buluttuz.com\/index.php\/wp-json\/wp\/v2\/product"}],"about":[{"href":"https:\/\/buluttuz.com\/index.php\/wp-json\/wp\/v2\/types\/product"}],"replies":[{"embeddable":true,"href":"https:\/\/buluttuz.com\/index.php\/wp-json\/wp\/v2\/comments?post=300"}],"wp:featuredmedia":[{"embeddable":true,"href":"https:\/\/buluttuz.com\/index.php\/wp-json\/wp\/v2\/media\/2943"}],"wp:attachment":[{"href":"https:\/\/buluttuz.com\/index.php\/wp-json\/wp\/v2\/media?parent=300"}],"wp:term":[{"taxonomy":"product_cat","embeddable":true,"href":"https:\/\/buluttuz.com\/index.php\/wp-json\/wp\/v2\/product_cat?post=300"},{"taxonomy":"product_tag","embeddable":true,"href":"https:\/\/buluttuz.com\/index.php\/wp-json\/wp\/v2\/product_tag?post=300"}],"curies":[{"name":"wp","href":"https:\/\/api.w.org\/{rel}","templated":true}]}}