{"id":2994,"date":"2022-07-29T22:03:38","date_gmt":"2022-07-29T19:03:38","guid":{"rendered":"https:\/\/buluttuz.com\/?post_type=product&#038;p=2994"},"modified":"2023-04-20T10:30:24","modified_gmt":"2023-04-20T07:30:24","slug":"cankiri-tuz-sabun","status":"publish","type":"product","link":"https:\/\/buluttuz.com\/index.php\/urun\/cankiri-tuz-sabun\/","title":{"rendered":"\u00c7ank\u0131r\u0131 Tuz Sabun"},"content":{"rendered":"<p>KAYA TUZU SABUN FAYDALARI<br \/>\n1- Cildi temizler,dezenfekte eder,cildi besler,sa\u00e7ta kepe\u011fi \u00f6nleyici \u00f6zelli\u011fi vard\u0131r.<br \/>\n2- Alerjik,atopik,kuru cilt,sivilce,sedef hastal\u0131\u011f\u0131 gibi cilt sorununun tedavisinde kullan\u0131l\u0131r.<br \/>\n3- Koku yaratan bakterileri ortadan kald\u0131r\u0131r, koltuk alt\u0131 kokusunu \u00f6nler.<br \/>\n4- Cildin g\u00f6zeneklerini t\u0131kamadan taze ve temiz kalmas\u0131n\u0131 sa\u011flar, terlemeyi \u00f6nler.<\/p>\n","protected":false},"excerpt":{"rendered":"<p>KAYA TUZU SABUN FAYDALARI<br \/>\n1- Cildi temizler,dezenfekte eder,cildi besler,sa\u00e7ta kepe\u011fi \u00f6nleyici \u00f6zelli\u011fi vard\u0131r.<br \/>\n2- Alerjik,atopik,kuru cilt,sivilce,sedef hastal\u0131\u011f\u0131 gibi cilt sorununun tedavisinde kullan\u0131l\u0131r.<br \/>\n3- Koku yaratan bakterileri ortadan kald\u0131r\u0131r, koltuk alt\u0131 kokusunu \u00f6nler.<br \/>\n4- Cildin g\u00f6zeneklerini t\u0131kamadan taze ve temiz kalmas\u0131n\u0131 sa\u011flar, terlemeyi \u00f6nler.<\/p>\n","protected":false},"featured_media":2995,"comment_status":"open","ping_status":"closed","template":"","meta":{"jetpack_post_was_ever_published":false,"jetpack_publicize_message":"","jetpack_is_tweetstorm":false,"jetpack_publicize_feature_enabled":true,"jetpack_social_post_already_shared":true,"jetpack_social_options":[]},"product_cat":[29],"product_tag":[],"jetpack_publicize_connections":[],"aioseo_notices":[],"jetpack_sharing_enabled":true,"jetpack-related-posts":[{"id":201,"url":"https:\/\/buluttuz.com\/index.php\/urun\/cankiri-kaya-tuzu-sabunu\/","url_meta":{"origin":2994,"position":0},"title":"\u00c7ank\u0131r\u0131 Kaya Tuzu Sabunu","date":"Eyl\u00fcl 22, 2018","format":false,"excerpt":"Kullan\u0131m \u015fekli: Tuz sabununu normal sabunlar gibi kullanabiliriz. \u00d6ncelikle ellerinizi ve sabunu \u0131slat\u0131n\u0131z, sabunu ellerinizde iyice yuvarlad\u0131ktan sonra ellerinize bulasan tuz eriyi\u011fini el, y\u00fcz veya gerekti\u011finde t\u00fcm v\u00fccudunuza iyice yayd\u0131ktan sonra bir sure tuzun cildinize islemesini bekleyiniz. Daha sonra cildinizi durulay\u0131n\u0131z. A\u00e7\u0131klama: Kaya tuzundan yap\u0131lm\u0131\u015f sabunlar cildinizin bak\u0131m\u0131n\u0131 do\u011fal olarak\u2026","rel":"","context":"Benzer yaz\u0131","img":{"alt_text":"","src":"https:\/\/i0.wp.com\/buluttuz.com\/wp-content\/uploads\/2018\/09\/IMG-20220610-WA0021.jpg?fit=600%2C800&ssl=1&resize=350%2C200","width":350,"height":200},"classes":[]},{"id":204,"url":"https:\/\/buluttuz.com\/index.php\/urun\/himalaya-tuz-sabunu\/","url_meta":{"origin":2994,"position":1},"title":"Himalaya Tuz Sabunu","date":"Eyl\u00fcl 22, 2018","format":false,"excerpt":"Kullan\u0131m \u015fekli: Tuz sabununu normal sabunlar gibi kullanabiliriz. \u00d6ncelikle ellerinizi ve sabunu \u0131slat\u0131n\u0131z, sabunu ellerinizde iyice yuvarlad\u0131ktan sonra ellerinize bulasan tuz eriyi\u011fini el, y\u00fcz veya gerekti\u011finde t\u00fcm v\u00fccudunuza iyice yayd\u0131ktan sonra bir sure tuzun cildinize islemesini bekleyiniz. Daha sonra cildinizi durulay\u0131n\u0131z. A\u00e7\u0131klama: Kaya tuzundan yap\u0131lm\u0131\u015f sabunlar cildinizin bak\u0131m\u0131n\u0131 do\u011fal olarak\u2026","rel":"","context":"Benzer yaz\u0131","img":{"alt_text":"","src":"https:\/\/i0.wp.com\/buluttuz.com\/wp-content\/uploads\/2018\/09\/IMG_20220527_121016_500x500.jpg?fit=500%2C500&ssl=1&resize=350%2C200","width":350,"height":200},"classes":[]},{"id":1870,"url":"https:\/\/buluttuz.com\/index.php\/urun\/kirikkale-delice-kaynak-tuzu\/","url_meta":{"origin":2994,"position":2},"title":"K\u0131r\u0131kkale Delice Kaynak Tuzu 500 Gr","date":"Temmuz 17, 2021","format":false,"excerpt":"\u00a0\u00a0\u00a0\u00a0\u00a0\u00a0\u00a0\u00a0\u00a0\u00a0\u00a0\u00a0\u00a0\u00a0 \u00a0\u00a0\u00a0\u00a0\u00a0\u00a0\u00a0","rel":"","context":"Benzer yaz\u0131","img":{"alt_text":"","src":"https:\/\/i0.wp.com\/buluttuz.com\/wp-content\/uploads\/2021\/07\/IMG_20220527_113410-scaled.jpg?fit=558%2C1200&ssl=1&resize=350%2C200","width":350,"height":200},"classes":[]},{"id":231,"url":"https:\/\/buluttuz.com\/index.php\/urun\/kil-maskesi-sade\/","url_meta":{"origin":2994,"position":3},"title":"Bulut tuz Ye\u015fil Kil Maskesi &#8211; Sade 350 gr","date":"Eyl\u00fcl 22, 2018","format":false,"excerpt":"Kil Maskesinin Faydalar\u0131 Nelerdir? * Y\u00fcze s\u00fcr\u00fcld\u00fc\u011f\u00fc andan itibaren kil, cildi uyarmaya ba\u015flar. * Cildinizdeki lekelerden kurtulmak i\u00e7in kil maskelerinden faydalanabilirsiniz. 6 ayl\u0131k d\u00fczenli kullan\u0131m sonras\u0131nda cildinizdeki lekelerden kurtulabilirsiniz. * Cildinizde bulunan ve sadece elle dokundu\u011funuzda hissedebildi\u011finiz p\u00fct\u00fcrler cilt maskeleri sayesinde kolayca ge\u00e7mektedir. 1 ayl\u0131k d\u00fczenli kullan\u0131m sonras\u0131nda y\u00fcz\u00fcn\u00fczdeki p\u00fcr\u00fczleri\u2026","rel":"","context":"Benzer yaz\u0131","img":{"alt_text":"","src":"","width":0,"height":0},"classes":[]},{"id":281,"url":"https:\/\/buluttuz.com\/index.php\/urun\/kristal-cankiri-yemeklik-kaya-tuzu\/","url_meta":{"origin":2994,"position":4},"title":"\u00c7ank\u0131r\u0131 Kristal Yemeklik Kaya Tuzu 500 Gr","date":"Eyl\u00fcl 22, 2018","format":false,"excerpt":"Kaya Tuzu Faydalar\u0131 Nelerdir? Deniz ve g\u00f6lden elde edilen tuzlar fazla kullan\u0131l\u0131rsa insan sa\u011fl\u0131\u011f\u0131 i\u00e7in tehdit olu\u015fturur. Oysa bilin\u00e7li \u015fekilde kullan\u0131lan kaya tuzu olduk\u00e7a faydal\u0131d\u0131r. Kaya tuzu faydalar\u0131 aras\u0131nda \u00f6ncelikli olanlar \u015f\u00f6yle s\u0131ralanabilir: \u2022 Kan bas\u0131nc\u0131n\u0131 dengeler ve kan dola\u015f\u0131m\u0131n\u0131 h\u0131zland\u0131r\u0131r. B\u00f6brek ve mesane ta\u015flar\u0131na iyi geldi\u011fi s\u00f6ylenir. \u2022 Sindirim\u2026","rel":"","context":"Benzer yaz\u0131","img":{"alt_text":"","src":"https:\/\/i0.wp.com\/buluttuz.com\/wp-content\/uploads\/2018\/09\/IMG_20220527_112958-scaled.jpg?fit=558%2C1200&ssl=1&resize=350%2C200","width":350,"height":200},"classes":[]},{"id":136,"url":"https:\/\/buluttuz.com\/index.php\/urun\/ayak-bakim-tuzu-naneli\/","url_meta":{"origin":2994,"position":5},"title":"Ayak Bak\u0131m-Banyo Tuzu Naneli 700 gr","date":"Eyl\u00fcl 21, 2018","format":false,"excerpt":"AYAK BAKIM TUZU Kullan\u0131m\u0131 1-paket tuzu 1\/3 oran\u0131nda plastik kovaya d\u00f6k\u00fcn\u00fcz 2-s\u0131cak su ile kovay\u0131 doldurunuz 10-15 dakika erimeye b\u0131rak\u0131n\u0131z 3-ayaklar\u0131n\u0131z\u0131 \u00e7\u0131plak halde kova i\u00e7indeki suya sokunuz. 4-20 dakika bekletiniz. 5-ayaklar\u0131n\u0131z\u0131 tuzlu sudan \u00e7\u0131kartt\u0131ktan sonra 10 dakika kurumaya b\u0131rak\u0131n\u0131z ve sonras\u0131nda y\u0131kay\u0131n\u0131z. 6-ayn\u0131 i\u015flemi en az 6 kez tekrarlay\u0131n\u0131z Not.\u00d6zellikle\u2026","rel":"","context":"Benzer yaz\u0131","img":{"alt_text":"","src":"https:\/\/i0.wp.com\/buluttuz.com\/wp-content\/uploads\/2018\/09\/IMG_20220716_110549-scaled.jpg?fit=558%2C1200&ssl=1&resize=350%2C200","width":350,"height":200},"classes":[]}],"_links":{"self":[{"href":"https:\/\/buluttuz.com\/index.php\/wp-json\/wp\/v2\/product\/2994"}],"collection":[{"href":"https:\/\/buluttuz.com\/index.php\/wp-json\/wp\/v2\/product"}],"about":[{"href":"https:\/\/buluttuz.com\/index.php\/wp-json\/wp\/v2\/types\/product"}],"replies":[{"embeddable":true,"href":"https:\/\/buluttuz.com\/index.php\/wp-json\/wp\/v2\/comments?post=2994"}],"wp:featuredmedia":[{"embeddable":true,"href":"https:\/\/buluttuz.com\/index.php\/wp-json\/wp\/v2\/media\/2995"}],"wp:attachment":[{"href":"https:\/\/buluttuz.com\/index.php\/wp-json\/wp\/v2\/media?parent=2994"}],"wp:term":[{"taxonomy":"product_cat","embeddable":true,"href":"https:\/\/buluttuz.com\/index.php\/wp-json\/wp\/v2\/product_cat?post=2994"},{"taxonomy":"product_tag","embeddable":true,"href":"https:\/\/buluttuz.com\/index.php\/wp-json\/wp\/v2\/product_tag?post=2994"}],"curies":[{"name":"wp","href":"https:\/\/api.w.org\/{rel}","templated":true}]}}