{"id":281,"date":"2018-09-22T13:39:15","date_gmt":"2018-09-22T10:39:15","guid":{"rendered":"https:\/\/buluttuz.com\/?post_type=product&#038;p=281"},"modified":"2023-09-25T10:06:03","modified_gmt":"2023-09-25T07:06:03","slug":"kristal-cankiri-yemeklik-kaya-tuzu","status":"publish","type":"product","link":"https:\/\/buluttuz.com\/index.php\/urun\/kristal-cankiri-yemeklik-kaya-tuzu\/","title":{"rendered":"\u00c7ank\u0131r\u0131 Kristal Yemeklik Kaya Tuzu 500 Gr"},"content":{"rendered":"<p>Kaya Tuzu Faydalar\u0131 Nelerdir?<br \/>\nDeniz ve g\u00f6lden elde edilen tuzlar fazla kullan\u0131l\u0131rsa insan sa\u011fl\u0131\u011f\u0131 i\u00e7in tehdit olu\u015fturur. Oysa bilin\u00e7li \u015fekilde kullan\u0131lan kaya tuzu olduk\u00e7a faydal\u0131d\u0131r. Kaya tuzu faydalar\u0131 aras\u0131nda \u00f6ncelikli olanlar \u015f\u00f6yle s\u0131ralanabilir:<br \/>\n\u2022 Kan bas\u0131nc\u0131n\u0131 dengeler ve kan dola\u015f\u0131m\u0131n\u0131 h\u0131zland\u0131r\u0131r. B\u00f6brek ve mesane ta\u015flar\u0131na iyi geldi\u011fi s\u00f6ylenir.<br \/>\n\u2022 Sindirim sistemini rahatlat\u0131r, mide ek\u015fimesine, bulant\u0131 ve kusmaya iyi gelir. \u0130\u015ftah artt\u0131r\u0131c\u0131 etkisi vard\u0131r.<br \/>\n\u2022 Kas kramplar\u0131, romatizma, kas ve kemik a\u011fr\u0131lar\u0131 i\u00e7in faydal\u0131d\u0131r. Damar sa\u011fl\u0131\u011f\u0131n\u0131 korumada ve kan \u015fekerini dengelemede etkili oldu\u011fu d\u00fc\u015f\u00fcn\u00fcl\u00fcr.<br \/>\n\u2022 Kaya tuzu limon suyu ile birlikte t\u00fcketildi\u011finde ba\u011f\u0131rsak solucanlar\u0131n\u0131 v\u00fccuttan atar.<br \/>\n\u2022 Su ve minerallerin h\u00fccresel emilimini art\u0131ran kaya tuzu v\u00fccudun pH dengesini koruyarak toksinlerin at\u0131lmas\u0131na yard\u0131mc\u0131 olur.<br \/>\n\u2022 Gut hastal\u0131\u011f\u0131 ve stres i\u00e7in de etkili oldu\u011fu konusunda g\u00f6r\u00fc\u015fler vard\u0131r.<br \/>\n\u2022 Ba\u011f\u0131\u015f\u0131kl\u0131k sisteminin g\u00fc\u00e7lenmesine yard\u0131m eder. Di\u015flerin beyazlat\u0131lmas\u0131 i\u00e7in kullan\u0131l\u0131r.<br \/>\n\u2022 Uykusuzlu\u011fa kar\u015f\u0131 etkilidir. Solunum hastal\u0131klar\u0131na iyi gelir. Cilt sa\u011fl\u0131\u011f\u0131 i\u00e7in de faydal\u0131d\u0131r.<br \/>\nKronik hastal\u0131klar\u0131n\u0131z varsa kaya tuzunu t\u00fcketmeye ba\u015flamadan \u00f6nce doktorunuza dan\u0131\u015fman\u0131z gerekti\u011fini unutmamal\u0131s\u0131n\u0131z.<\/p>\n","protected":false},"excerpt":{"rendered":"<p>Kaya Tuzu Faydalar\u0131 Nelerdir? Deniz ve g\u00f6lden elde edilen tuzlar fazla kullan\u0131l\u0131rsa insan sa\u011fl\u0131\u011f\u0131 i\u00e7in tehdit olu\u015fturur. Oysa bilin\u00e7li \u015fekilde kullan\u0131lan kaya tuzu olduk\u00e7a faydal\u0131d\u0131r. Kaya tuzu faydalar\u0131 aras\u0131nda \u00f6ncelikli olanlar \u015f\u00f6yle s\u0131ralanabilir: \u2022 Kan bas\u0131nc\u0131n\u0131 dengeler ve kan dola\u015f\u0131m\u0131n\u0131 h\u0131zland\u0131r\u0131r. B\u00f6brek ve mesane ta\u015flar\u0131na iyi geldi\u011fi s\u00f6ylenir. \u2022 Sindirim sistemini rahatlat\u0131r, mide ek\u015fimesine, bulant\u0131 [&hellip;]<\/p>\n","protected":false},"featured_media":2945,"comment_status":"open","ping_status":"closed","template":"","meta":{"jetpack_post_was_ever_published":false,"jetpack_publicize_message":"","jetpack_is_tweetstorm":false,"jetpack_publicize_feature_enabled":true,"jetpack_social_post_already_shared":true,"jetpack_social_options":[]},"product_cat":[35],"product_tag":[50],"jetpack_publicize_connections":[],"aioseo_notices":[],"jetpack_sharing_enabled":true,"jetpack-related-posts":[{"id":1870,"url":"https:\/\/buluttuz.com\/index.php\/urun\/kirikkale-delice-kaynak-tuzu\/","url_meta":{"origin":281,"position":0},"title":"K\u0131r\u0131kkale Delice Kaynak Tuzu 500 Gr","date":"Temmuz 17, 2021","format":false,"excerpt":"\u00a0\u00a0\u00a0\u00a0\u00a0\u00a0\u00a0\u00a0\u00a0\u00a0\u00a0\u00a0\u00a0\u00a0 \u00a0\u00a0\u00a0\u00a0\u00a0\u00a0\u00a0","rel":"","context":"Benzer yaz\u0131","img":{"alt_text":"","src":"https:\/\/i0.wp.com\/buluttuz.com\/wp-content\/uploads\/2021\/07\/IMG_20220527_113410-scaled.jpg?fit=558%2C1200&ssl=1&resize=350%2C200","width":350,"height":200},"classes":[]},{"id":338,"url":"https:\/\/buluttuz.com\/index.php\/urun\/misvakli-bitkisel-dis-macunu\/","url_meta":{"origin":281,"position":1},"title":"Epsom \u0130ngiliz ac\u0131 Tuzu","date":"Eyl\u00fcl 22, 2018","format":false,"excerpt":"(EPSOM ) \u0130NG\u0130L\u0130Z TUZU -ACI TUZ EPSOM TUZU ASLINDA MAGNEZYUM S\u00dcLFAT OLARAK DA B\u0130L\u0130NEN VE \u0130\u00c7ER\u0130\u011e\u0130NDE MAGNEZYUM ,K\u00dcK\u00dcRT VE OKS\u0130JEN BULUNAN B\u0130R \u0130NORGAN\u0130K TUZ. G\u00d6R\u00dcNT\u00dcS\u00dc \u0130T\u0130BAR\u0130YLE KAYA TUZUNU NA BENZESE DE KAYA TUZUNDAN FARKLI OLARAK \u0130\u00c7\u0130NDE SODYUM YER\u0130NE MAGNEZYUM YER ALIYOR. SOFRA TUZUYLA DA ASLA KARI\u015eTIRILMAMASI GEREKEN EPSOM TUZU,ACIMSI B\u0130R\u2026","rel":"","context":"Benzer yaz\u0131","img":{"alt_text":"","src":"https:\/\/i0.wp.com\/buluttuz.com\/wp-content\/uploads\/2018\/09\/IMG20210912113655-scaled.jpg?fit=540%2C1200&ssl=1&resize=350%2C200","width":350,"height":200},"classes":[]},{"id":201,"url":"https:\/\/buluttuz.com\/index.php\/urun\/cankiri-kaya-tuzu-sabunu\/","url_meta":{"origin":281,"position":2},"title":"\u00c7ank\u0131r\u0131 Kaya Tuzu Sabunu","date":"Eyl\u00fcl 22, 2018","format":false,"excerpt":"Kullan\u0131m \u015fekli: Tuz sabununu normal sabunlar gibi kullanabiliriz. \u00d6ncelikle ellerinizi ve sabunu \u0131slat\u0131n\u0131z, sabunu ellerinizde iyice yuvarlad\u0131ktan sonra ellerinize bulasan tuz eriyi\u011fini el, y\u00fcz veya gerekti\u011finde t\u00fcm v\u00fccudunuza iyice yayd\u0131ktan sonra bir sure tuzun cildinize islemesini bekleyiniz. Daha sonra cildinizi durulay\u0131n\u0131z. A\u00e7\u0131klama: Kaya tuzundan yap\u0131lm\u0131\u015f sabunlar cildinizin bak\u0131m\u0131n\u0131 do\u011fal olarak\u2026","rel":"","context":"Benzer yaz\u0131","img":{"alt_text":"","src":"https:\/\/i0.wp.com\/buluttuz.com\/wp-content\/uploads\/2018\/09\/IMG-20220610-WA0021.jpg?fit=600%2C800&ssl=1&resize=350%2C200","width":350,"height":200},"classes":[]},{"id":2231,"url":"https:\/\/buluttuz.com\/index.php\/urun\/himalaya-dogal-kaya-tuzu-lambasi-2-3-kg\/","url_meta":{"origin":281,"position":3},"title":"Himalaya Do\u011fal Kaya Tuzu Lambas\u0131 2-3 kg","date":"Ocak 21, 2022","format":false,"excerpt":"Tuz Lambalar\u0131n\u0131n Faydalar\u0131\u00a0\u00a0\u00a0\u00a0\u00a0\u00a0\u00a0\u00a0 Tuz lambalar\u0131, negatif iyon yayarlar. B\u00f6ylece, havan\u0131n n\u00f6tr le\u015f erek temizlenmesini sa\u011flarlar. Tuz Lambalar\u0131, \"Negatif \u0130yon\" yayarak i\u00e7 mekanlardaki hava kalitesini artt\u0131r\u0131r. Do\u011fal bir negatif iyon jenerat\u00f6r\u00fc olan bu lambalar ger\u00e7ek anlamda \"Havan\u0131n Vitamin\u201dleridirler.\u00a0Negatif \u0130yonlar\u0131n Faydalar\u0131:\u00a0\u00a0\u00a0\u00a0\u00a0\u00a0\u00a0\u00a0\u00a0Stres, fiziksel, ruhsal yorgunluk, uykusuzluk, a\u011fr\u0131lara iyi gelir.\u00a0Nezle, migren, ast\u0131m gibi rahats\u0131zl\u0131klara\u2026","rel":"","context":"Benzer yaz\u0131","img":{"alt_text":"","src":"https:\/\/i0.wp.com\/buluttuz.com\/wp-content\/uploads\/2022\/01\/1603648225529.jpg?fit=320%2C288&ssl=1&resize=350%2C200","width":350,"height":200},"classes":[]},{"id":136,"url":"https:\/\/buluttuz.com\/index.php\/urun\/ayak-bakim-tuzu-naneli\/","url_meta":{"origin":281,"position":4},"title":"Ayak Bak\u0131m-Banyo Tuzu Naneli 700 gr","date":"Eyl\u00fcl 21, 2018","format":false,"excerpt":"AYAK BAKIM TUZU Kullan\u0131m\u0131 1-paket tuzu 1\/3 oran\u0131nda plastik kovaya d\u00f6k\u00fcn\u00fcz 2-s\u0131cak su ile kovay\u0131 doldurunuz 10-15 dakika erimeye b\u0131rak\u0131n\u0131z 3-ayaklar\u0131n\u0131z\u0131 \u00e7\u0131plak halde kova i\u00e7indeki suya sokunuz. 4-20 dakika bekletiniz. 5-ayaklar\u0131n\u0131z\u0131 tuzlu sudan \u00e7\u0131kartt\u0131ktan sonra 10 dakika kurumaya b\u0131rak\u0131n\u0131z ve sonras\u0131nda y\u0131kay\u0131n\u0131z. 6-ayn\u0131 i\u015flemi en az 6 kez tekrarlay\u0131n\u0131z Not.\u00d6zellikle\u2026","rel":"","context":"Benzer yaz\u0131","img":{"alt_text":"","src":"https:\/\/i0.wp.com\/buluttuz.com\/wp-content\/uploads\/2018\/09\/IMG_20220716_110549-scaled.jpg?fit=558%2C1200&ssl=1&resize=350%2C200","width":350,"height":200},"classes":[]},{"id":143,"url":"https:\/\/buluttuz.com\/index.php\/urun\/ayak-bakim-tuzu-lavantali\/","url_meta":{"origin":281,"position":5},"title":"Ayak Bak\u0131m-Banyo Tuzu Lavantal\u0131 700 gr","date":"Eyl\u00fcl 21, 2018","format":false,"excerpt":"AYAK BAKIM TUZU Kullan\u0131m\u0131 1-paket tuzu 1\/3 oran\u0131nda plastik kovaya d\u00f6k\u00fcn\u00fcz 2-s\u0131cak su ile kovay\u0131 doldurunuz 10-15 dakika erimeye b\u0131rak\u0131n\u0131z 3-ayaklar\u0131n\u0131z\u0131 \u00e7\u0131plak halde kova i\u00e7indeki suya sokunuz. 4-20 dakika bekletiniz. 5-ayaklar\u0131n\u0131z\u0131 tuzlu sudan \u00e7\u0131kartt\u0131ktan sonra 10 dakika kurumaya b\u0131rak\u0131n\u0131z ve sonras\u0131nda y\u0131kay\u0131n\u0131z. 6-ayn\u0131 i\u015flemi en az 6 kez tekrarlay\u0131n\u0131z Not.\u00d6zellikle\u2026","rel":"","context":"Benzer yaz\u0131","img":{"alt_text":"","src":"https:\/\/i0.wp.com\/buluttuz.com\/wp-content\/uploads\/2018\/09\/IMG_20220716_110709-scaled.jpg?fit=558%2C1200&ssl=1&resize=350%2C200","width":350,"height":200},"classes":[]}],"_links":{"self":[{"href":"https:\/\/buluttuz.com\/index.php\/wp-json\/wp\/v2\/product\/281"}],"collection":[{"href":"https:\/\/buluttuz.com\/index.php\/wp-json\/wp\/v2\/product"}],"about":[{"href":"https:\/\/buluttuz.com\/index.php\/wp-json\/wp\/v2\/types\/product"}],"replies":[{"embeddable":true,"href":"https:\/\/buluttuz.com\/index.php\/wp-json\/wp\/v2\/comments?post=281"}],"wp:featuredmedia":[{"embeddable":true,"href":"https:\/\/buluttuz.com\/index.php\/wp-json\/wp\/v2\/media\/2945"}],"wp:attachment":[{"href":"https:\/\/buluttuz.com\/index.php\/wp-json\/wp\/v2\/media?parent=281"}],"wp:term":[{"taxonomy":"product_cat","embeddable":true,"href":"https:\/\/buluttuz.com\/index.php\/wp-json\/wp\/v2\/product_cat?post=281"},{"taxonomy":"product_tag","embeddable":true,"href":"https:\/\/buluttuz.com\/index.php\/wp-json\/wp\/v2\/product_tag?post=281"}],"curies":[{"name":"wp","href":"https:\/\/api.w.org\/{rel}","templated":true}]}}