{"id":274,"date":"2018-09-22T13:26:32","date_gmt":"2018-09-22T10:26:32","guid":{"rendered":"https:\/\/buluttuz.com\/?post_type=product&#038;p=274"},"modified":"2023-09-25T10:07:34","modified_gmt":"2023-09-25T07:07:34","slug":"kristal-cankiri-salamura-tuzu","status":"publish","type":"product","link":"https:\/\/buluttuz.com\/index.php\/urun\/kristal-cankiri-salamura-tuzu\/","title":{"rendered":"\u00c7ank\u0131r\u0131 Bask\u0131l\u0131 Kristal Salamura Tuzu"},"content":{"rendered":"<p>Salamura ile ad\u0131 b\u00fct\u00fcnle\u015fmi\u015f olan tuz bu sekt\u00f6r\u00fcn en \u00f6nemli can damar\u0131d\u0131r.<br \/>\nHangimizin akl\u0131na salamura dendi\u011finde tuz gelmez? Tur\u015fu salamura ile salamura tuz ile haz\u0131rlan\u0131r. Tur\u015fu tuzu \u00fclkemizde g\u0131da sekt\u00f6r\u00fcnde tuz t\u00fcketiminin lokomotifler indendir. Salamura sekt\u00f6r\u00fc i\u00e7in tavsiyemiz g\u0131da sanayi tuzu kullan\u0131m\u0131 y\u00f6n\u00fcndedir. Tuzun erime h\u0131z\u0131 ( zamandan kazanmak i\u00e7in ), temizli\u011fi (salamuran\u0131n berrak ve tortusuz olmas\u0131 ), tuzun ekonomik miktarlarda istenilen bom eyi vermesi (tuz sarfiyat\u0131 a\u00e7\u0131s\u0131ndan ), salamurada tuz bonesinin kendi kendine azalmamas\u0131 (\u00fcr\u00fcn koruyuculu\u011fu a\u00e7\u0131s\u0131ndan) gibi konular i\u015fletmeler i\u00e7in \u00f6nemlidir. BULUT TUZ G\u0131da Sanayi Tuzu salamura sekt\u00f6r\u00fc i\u00e7in en ideal olan\u0131d\u0131r. Tur\u015fu Tuzlar\u0131 hakk\u0131nda detayl\u0131 bilgi almak i\u00e7in b\u00f6lge sorumlular\u0131m\u0131za ula\u015fman\u0131z yeterlidir.<br \/>\nTUR\u015eU ve TUZ<\/p>\n<p>Aromal\u0131 sirke veya bulut tuz \u00fcr\u00fcnleri ile haz\u0131rlanan tuzlu suda saklanan, sebze veya meyvelerden yap\u0131lan bir \u00e7e\u015fnidir. Hint k\u00f6kenlidir. \u00dclkemizde Ege B\u00f6lgesi ba\u015fta olmak \u00fczere Ged elek\/Orhangazi\/BURSA ve \u00c7ubuk\/ANKARA b\u00f6lgelerinde \u00fcretilmektedir. Yumu\u015fak ve gevrek yap\u0131ya sahip olan sebze ve meyveler \u00e7i\u011fken tur\u015fu yap\u0131l\u0131r; ancak sert olan baz\u0131 sebzeler ve meyveler pi\u015firildikten sonra tur\u015fu yapmaya haz\u0131r hele gelir. Kar\u0131\u015f\u0131k olarak yap\u0131labildi\u011fi gibi tek bir \u00e7e\u015fit olarak da (salatal\u0131k tur\u015fusu gibi.) haz\u0131rlanabilir. Etlerin, yahnilerin, bul ama\u00e7lar\u0131n yan\u0131nda, aperitif olarak ve ord\u00f6vrler de malzeme olarak ve \u00e7e\u015fitli salata ve salata soslar\u0131n\u0131n yap\u0131m\u0131nda kullan\u0131l\u0131rlar. Salatal\u0131k tur\u015fusu, lahana tur\u015fusu, havu\u00e7 tur\u015fusu, domates tur\u015fusu, biber tur\u015fusu gibi \u00e7e\u015fitleri vard\u0131r. Soslarda ve kar\u0131\u015f\u0131k salatalarda \u00e7ok kullan\u0131l\u0131r.<\/p>\n","protected":false},"excerpt":{"rendered":"<p>Salamura ile ad\u0131 b\u00fct\u00fcnle\u015fmi\u015f olan tuz bu sekt\u00f6r\u00fcn en \u00f6nemli can damar\u0131d\u0131r. Hangimizin akl\u0131na salamura dendi\u011finde tuz gelmez? Tur\u015fu salamura ile salamura tuz ile haz\u0131rlan\u0131r. Tur\u015fu tuzu \u00fclkemizde g\u0131da sekt\u00f6r\u00fcnde tuz t\u00fcketiminin lokomotifler indendir. Salamura sekt\u00f6r\u00fc i\u00e7in tavsiyemiz g\u0131da sanayi tuzu kullan\u0131m\u0131 y\u00f6n\u00fcndedir. Tuzun erime h\u0131z\u0131 ( zamandan kazanmak i\u00e7in ), temizli\u011fi (salamuran\u0131n berrak ve [&hellip;]<\/p>\n","protected":false},"featured_media":2947,"comment_status":"open","ping_status":"closed","template":"","meta":{"jetpack_post_was_ever_published":false,"jetpack_publicize_message":"","jetpack_is_tweetstorm":false,"jetpack_publicize_feature_enabled":true,"jetpack_social_post_already_shared":true,"jetpack_social_options":[]},"product_cat":[34],"product_tag":[47],"jetpack_publicize_connections":[],"aioseo_notices":[],"jetpack_sharing_enabled":true,"jetpack-related-posts":[{"id":262,"url":"https:\/\/buluttuz.com\/index.php\/urun\/himalaya-salamura-tuzu\/","url_meta":{"origin":274,"position":0},"title":"Tahta 6 Gen  Kahverengi-Ah\u015fap Kafes  Tuz Lamba","date":"Eyl\u00fcl 22, 2018","format":false,"excerpt":"Tuz Lambalar\u0131n\u0131n Faydalar\u0131 Tuz lambalar\u0131, negatif iyon yayarlar. B\u00f6ylece, havan\u0131n n\u00f6tr le\u015f erek temizlenmesini sa\u011flarlar. Tuz Lambalar\u0131, \"Negatif \u0130yon\" yayarak i\u00e7 mekanlardaki hava kalitesini artt\u0131r\u0131r. Do\u011fal bir negatif iyon jenerat\u00f6r\u00fc olan bu lambalar ger\u00e7ek anlamda \"Havan\u0131n Vitamin\u201dleridirler. Negatif \u0130yonlar\u0131n Faydalar\u0131: Stres, fiziksel, ruhsal yorgunluk, uykusuzluk, a\u011fr\u0131lara iyi gelir. Nezle, migren,\u2026","rel":"","context":"Benzer yaz\u0131","img":{"alt_text":"","src":"https:\/\/i0.wp.com\/buluttuz.com\/wp-content\/uploads\/2018\/09\/1632580975334_500x500.jpg?fit=500%2C500&ssl=1&resize=350%2C200","width":350,"height":200},"classes":[]},{"id":201,"url":"https:\/\/buluttuz.com\/index.php\/urun\/cankiri-kaya-tuzu-sabunu\/","url_meta":{"origin":274,"position":1},"title":"\u00c7ank\u0131r\u0131 Kaya Tuzu Sabunu","date":"Eyl\u00fcl 22, 2018","format":false,"excerpt":"Kullan\u0131m \u015fekli: Tuz sabununu normal sabunlar gibi kullanabiliriz. \u00d6ncelikle ellerinizi ve sabunu \u0131slat\u0131n\u0131z, sabunu ellerinizde iyice yuvarlad\u0131ktan sonra ellerinize bulasan tuz eriyi\u011fini el, y\u00fcz veya gerekti\u011finde t\u00fcm v\u00fccudunuza iyice yayd\u0131ktan sonra bir sure tuzun cildinize islemesini bekleyiniz. Daha sonra cildinizi durulay\u0131n\u0131z. A\u00e7\u0131klama: Kaya tuzundan yap\u0131lm\u0131\u015f sabunlar cildinizin bak\u0131m\u0131n\u0131 do\u011fal olarak\u2026","rel":"","context":"Benzer yaz\u0131","img":{"alt_text":"","src":"https:\/\/i0.wp.com\/buluttuz.com\/wp-content\/uploads\/2018\/09\/IMG-20220610-WA0021.jpg?fit=600%2C800&ssl=1&resize=350%2C200","width":350,"height":200},"classes":[]},{"id":204,"url":"https:\/\/buluttuz.com\/index.php\/urun\/himalaya-tuz-sabunu\/","url_meta":{"origin":274,"position":2},"title":"Himalaya Tuz Sabunu","date":"Eyl\u00fcl 22, 2018","format":false,"excerpt":"Kullan\u0131m \u015fekli: Tuz sabununu normal sabunlar gibi kullanabiliriz. \u00d6ncelikle ellerinizi ve sabunu \u0131slat\u0131n\u0131z, sabunu ellerinizde iyice yuvarlad\u0131ktan sonra ellerinize bulasan tuz eriyi\u011fini el, y\u00fcz veya gerekti\u011finde t\u00fcm v\u00fccudunuza iyice yayd\u0131ktan sonra bir sure tuzun cildinize islemesini bekleyiniz. Daha sonra cildinizi durulay\u0131n\u0131z. A\u00e7\u0131klama: Kaya tuzundan yap\u0131lm\u0131\u015f sabunlar cildinizin bak\u0131m\u0131n\u0131 do\u011fal olarak\u2026","rel":"","context":"Benzer yaz\u0131","img":{"alt_text":"","src":"https:\/\/i0.wp.com\/buluttuz.com\/wp-content\/uploads\/2018\/09\/IMG_20220527_121016_500x500.jpg?fit=500%2C500&ssl=1&resize=350%2C200","width":350,"height":200},"classes":[]},{"id":217,"url":"https:\/\/buluttuz.com\/index.php\/urun\/dis-tuzu-naneli\/","url_meta":{"origin":274,"position":3},"title":"Bulut Tuz Di\u015f Bak\u0131m  Tuzu &#8211; Naneli 120 gr","date":"Eyl\u00fcl 22, 2018","format":false,"excerpt":"D\u0130\u015e BAKIM TUZU FAYDALARI Bulut Di\u015f Bak\u0131m Tuzlar\u0131 -\u00f6zellikle di\u015f ta\u015flar\u0131n\u0131n olu\u015fmas\u0131n\u0131 engeller, -olu\u015fmu\u015f di\u015f ta\u015flar\u0131n\u0131n yok olmas\u0131 konusunda kesin sonu\u00e7lar verir. -\u00d6zellikle kemoterapi d\u00f6nemlerinde ve boyundaki kanserlere kar\u015f\u0131 \u0131\u015f\u0131n tedavilerinde, a\u011f\u0131z ve di\u015f sa\u011fl\u0131\u011f\u0131nda tuz kullan\u0131m\u0131 \u00e7ok \u00f6nemlidir. -I\u015f\u0131n tedavisi g\u00f6ren bir hastada di\u015flerin di\u015f macununa alternatif do\u011fal tuz\u2026","rel":"","context":"Benzer yaz\u0131","img":{"alt_text":"","src":"https:\/\/i0.wp.com\/buluttuz.com\/wp-content\/uploads\/2018\/09\/IMG_20220527_115959_500x500.jpg?fit=500%2C500&ssl=1&resize=350%2C200","width":350,"height":200},"classes":[]},{"id":207,"url":"https:\/\/buluttuz.com\/index.php\/urun\/dis-tuzu-sade\/","url_meta":{"origin":274,"position":4},"title":"Bulut Tuz Di\u015f Bak\u0131m Tuzu Sade 120 gr","date":"Eyl\u00fcl 22, 2018","format":false,"excerpt":"D\u0130\u015e BAKIM TUZU FAYDALARI Bulut Di\u015f Bak\u0131m Tuzlar\u0131 -\u00f6zellikle di\u015f ta\u015flar\u0131n\u0131n olu\u015fmas\u0131n\u0131 engeller, -olu\u015fmu\u015f di\u015f ta\u015flar\u0131n\u0131n yok olmas\u0131 konusunda kesin sonu\u00e7lar verir. -\u00d6zellikle kemoterapi d\u00f6nemlerinde ve boyundaki kanserlere kar\u015f\u0131 \u0131\u015f\u0131n tedavilerinde, a\u011f\u0131z ve di\u015f sa\u011fl\u0131\u011f\u0131nda tuz kullan\u0131m\u0131 \u00e7ok \u00f6nemlidir. -I\u015f\u0131n tedavisi g\u00f6ren bir hastada di\u015flerin di\u015f macununa alternatif do\u011fal tuz\u2026","rel":"","context":"Benzer yaz\u0131","img":{"alt_text":"","src":"https:\/\/i0.wp.com\/buluttuz.com\/wp-content\/uploads\/2018\/09\/IMG_20220527_120201-scaled.jpg?fit=558%2C1200&ssl=1&resize=350%2C200","width":350,"height":200},"classes":[]},{"id":211,"url":"https:\/\/buluttuz.com\/index.php\/urun\/dis-tuzu-karanfilli\/","url_meta":{"origin":274,"position":5},"title":"Bulut Tuz Di\u015f Bak\u0131m Tuzu Karanfil 120 gr","date":"Eyl\u00fcl 22, 2018","format":false,"excerpt":"D\u0130\u015e BAKIM TUZU FAYDALARI Bulut Di\u015f Bak\u0131m Tuzlar\u0131 -\u00f6zellikle di\u015f ta\u015flar\u0131n\u0131n olu\u015fmas\u0131n\u0131 engeller, -olu\u015fmu\u015f di\u015f ta\u015flar\u0131n\u0131n yok olmas\u0131 konusunda kesin sonu\u00e7lar verir. -\u00d6zellikle kemoterapi d\u00f6nemlerinde ve boyundaki kanserlere kar\u015f\u0131 \u0131\u015f\u0131n tedavilerinde, a\u011f\u0131z ve di\u015f sa\u011fl\u0131\u011f\u0131nda tuz kullan\u0131m\u0131 \u00e7ok \u00f6nemlidir. -I\u015f\u0131n tedavisi g\u00f6ren bir hastada di\u015flerin di\u015f macununa alternatif do\u011fal tuz\u2026","rel":"","context":"Benzer yaz\u0131","img":{"alt_text":"","src":"https:\/\/i0.wp.com\/buluttuz.com\/wp-content\/uploads\/2018\/09\/IMG_20220527_120124-scaled.jpg?fit=558%2C1200&ssl=1&resize=350%2C200","width":350,"height":200},"classes":[]}],"_links":{"self":[{"href":"https:\/\/buluttuz.com\/index.php\/wp-json\/wp\/v2\/product\/274"}],"collection":[{"href":"https:\/\/buluttuz.com\/index.php\/wp-json\/wp\/v2\/product"}],"about":[{"href":"https:\/\/buluttuz.com\/index.php\/wp-json\/wp\/v2\/types\/product"}],"replies":[{"embeddable":true,"href":"https:\/\/buluttuz.com\/index.php\/wp-json\/wp\/v2\/comments?post=274"}],"wp:featuredmedia":[{"embeddable":true,"href":"https:\/\/buluttuz.com\/index.php\/wp-json\/wp\/v2\/media\/2947"}],"wp:attachment":[{"href":"https:\/\/buluttuz.com\/index.php\/wp-json\/wp\/v2\/media?parent=274"}],"wp:term":[{"taxonomy":"product_cat","embeddable":true,"href":"https:\/\/buluttuz.com\/index.php\/wp-json\/wp\/v2\/product_cat?post=274"},{"taxonomy":"product_tag","embeddable":true,"href":"https:\/\/buluttuz.com\/index.php\/wp-json\/wp\/v2\/product_tag?post=274"}],"curies":[{"name":"wp","href":"https:\/\/api.w.org\/{rel}","templated":true}]}}