{"id":250,"date":"2018-09-22T13:13:45","date_gmt":"2018-09-22T10:13:45","guid":{"rendered":"https:\/\/buluttuz.com\/?post_type=product&#038;p=250"},"modified":"2025-04-12T01:30:55","modified_gmt":"2025-04-11T22:30:55","slug":"kucuk-boy-tuz-degirmeni","status":"publish","type":"product","link":"https:\/\/buluttuz.com\/index.php\/urun\/kucuk-boy-tuz-degirmeni\/","title":{"rendered":"K\u00fc\u00e7\u00fck Boy Tuz De\u011firmeni 110 gr"},"content":{"rendered":"","protected":false},"excerpt":{"rendered":"","protected":false},"featured_media":2956,"comment_status":"open","ping_status":"closed","template":"","meta":{"jetpack_post_was_ever_published":false,"jetpack_publicize_message":"","jetpack_is_tweetstorm":false,"jetpack_publicize_feature_enabled":true,"jetpack_social_post_already_shared":true,"jetpack_social_options":[]},"product_cat":[33],"product_tag":[46],"jetpack_publicize_connections":[],"aioseo_notices":[],"jetpack_sharing_enabled":true,"jetpack-related-posts":[{"id":241,"url":"https:\/\/buluttuz.com\/index.php\/urun\/buyuk-boy-tuz-degirmeni\/","url_meta":{"origin":250,"position":0},"title":"B\u00fcy\u00fck Boy Tuz De\u011firmeni 400 gr","date":"Eyl\u00fcl 22, 2018","format":false,"excerpt":"","rel":"","context":"Benzer yaz\u0131","img":{"alt_text":"","src":"https:\/\/i0.wp.com\/buluttuz.com\/wp-content\/uploads\/2018\/09\/IMG-20220607-WA0007.jpg?fit=558%2C1200&ssl=1&resize=350%2C200","width":350,"height":200},"classes":[]},{"id":244,"url":"https:\/\/buluttuz.com\/index.php\/urun\/orta-boy-tuz-degirmeni\/","url_meta":{"origin":250,"position":1},"title":"Himalaya Tuz De\u011firmenleri 200 gr","date":"Eyl\u00fcl 22, 2018","format":false,"excerpt":"","rel":"","context":"Benzer yaz\u0131","img":{"alt_text":"","src":"https:\/\/i0.wp.com\/buluttuz.com\/wp-content\/uploads\/2018\/09\/1631435245987.jpg?fit=225%2C500&ssl=1&resize=350%2C200","width":350,"height":200},"classes":[]},{"id":2228,"url":"https:\/\/buluttuz.com\/index.php\/urun\/cankiri-tuz-degirmen-200-gr\/","url_meta":{"origin":250,"position":2},"title":"\u00c7ank\u0131r\u0131 Tuz De\u011firmen 200 gr","date":"Ocak 20, 2022","format":false,"excerpt":"","rel":"","context":"Benzer yaz\u0131","img":{"alt_text":"","src":"https:\/\/i0.wp.com\/buluttuz.com\/wp-content\/uploads\/2022\/01\/1631435202447.jpg?fit=225%2C500&ssl=1&resize=350%2C200","width":350,"height":200},"classes":[]},{"id":300,"url":"https:\/\/buluttuz.com\/index.php\/urun\/degirmenlik-cankiri-kristal-tuz\/","url_meta":{"origin":250,"position":3},"title":"\u00c7ank\u0131r\u0131 De\u011firmenlik Kristal Tuz 500 GR","date":"Eyl\u00fcl 22, 2018","format":false,"excerpt":"","rel":"","context":"Benzer yaz\u0131","img":{"alt_text":"","src":"https:\/\/i0.wp.com\/buluttuz.com\/wp-content\/uploads\/2018\/09\/IMG_20220527_113518-scaled.jpg?fit=558%2C1200&ssl=1&resize=350%2C200","width":350,"height":200},"classes":[]},{"id":1866,"url":"https:\/\/buluttuz.com\/index.php\/urun\/cankiri-sofralik-iyotlu-tuz\/","url_meta":{"origin":250,"position":4},"title":"\u00c7ank\u0131r\u0131 Sofral\u0131k \u0130yotlu Kaya Tuzu 750 gr","date":"Temmuz 17, 2021","format":false,"excerpt":"","rel":"","context":"Benzer yaz\u0131","img":{"alt_text":"","src":"https:\/\/i0.wp.com\/buluttuz.com\/wp-content\/uploads\/2021\/07\/IMG_20220527_112321-scaled.jpg?fit=558%2C1200&ssl=1&resize=350%2C200","width":350,"height":200},"classes":[]},{"id":397,"url":"https:\/\/buluttuz.com\/index.php\/urun\/tuz-yastigi\/","url_meta":{"origin":250,"position":5},"title":"Tuz Yast\u0131\u011f\u0131 1500 GR","date":"Eyl\u00fcl 22, 2018","format":false,"excerpt":"Tuz yast\u0131klar\u0131 4 mevsim kullan\u0131labilece\u011fi gibi \u00f6zellikle so\u011fuk k\u0131\u015f g\u00fcnlerinde i\u015fe yarar. Kas a\u011fr\u0131lar\u0131na , Adet sanc\u0131lar\u0131na ve hemen her t\u00fcrl\u00fc eklem ve kas a\u011fr\u0131lar\u0131na kar\u015f\u0131 kullan\u0131labilir. K\u0131\u015f aylar\u0131nda s\u0131cak su torbalar\u0131 kullanma ihtiyac\u0131 duydu\u011funuzda defalarca kullanabilece\u011finiz tuz yast\u0131klar\u0131 ile kendinizi zinde ve sa\u011fl\u0131kl\u0131 hissedersiniz TUZ YASTIKLARI KULLANIM TAR\u0130F\u0130 1-F\u0131r\u0131nda\u2026","rel":"","context":"Benzer yaz\u0131","img":{"alt_text":"","src":"https:\/\/i0.wp.com\/buluttuz.com\/wp-content\/uploads\/2018\/09\/1604162280846.jpg?fit=372%2C372&ssl=1&resize=350%2C200","width":350,"height":200},"classes":[]}],"_links":{"self":[{"href":"https:\/\/buluttuz.com\/index.php\/wp-json\/wp\/v2\/product\/250"}],"collection":[{"href":"https:\/\/buluttuz.com\/index.php\/wp-json\/wp\/v2\/product"}],"about":[{"href":"https:\/\/buluttuz.com\/index.php\/wp-json\/wp\/v2\/types\/product"}],"replies":[{"embeddable":true,"href":"https:\/\/buluttuz.com\/index.php\/wp-json\/wp\/v2\/comments?post=250"}],"wp:featuredmedia":[{"embeddable":true,"href":"https:\/\/buluttuz.com\/index.php\/wp-json\/wp\/v2\/media\/2956"}],"wp:attachment":[{"href":"https:\/\/buluttuz.com\/index.php\/wp-json\/wp\/v2\/media?parent=250"}],"wp:term":[{"taxonomy":"product_cat","embeddable":true,"href":"https:\/\/buluttuz.com\/index.php\/wp-json\/wp\/v2\/product_cat?post=250"},{"taxonomy":"product_tag","embeddable":true,"href":"https:\/\/buluttuz.com\/index.php\/wp-json\/wp\/v2\/product_tag?post=250"}],"curies":[{"name":"wp","href":"https:\/\/api.w.org\/{rel}","templated":true}]}}