{"id":244,"date":"2018-09-22T12:26:40","date_gmt":"2018-09-22T09:26:40","guid":{"rendered":"https:\/\/buluttuz.com\/?post_type=product&#038;p=244"},"modified":"2023-07-05T17:21:13","modified_gmt":"2023-07-05T14:21:13","slug":"orta-boy-tuz-degirmeni","status":"publish","type":"product","link":"https:\/\/buluttuz.com\/index.php\/urun\/orta-boy-tuz-degirmeni\/","title":{"rendered":"Himalaya Tuz De\u011firmenleri 200 gr"},"content":{"rendered":"","protected":false},"excerpt":{"rendered":"","protected":false},"featured_media":2957,"comment_status":"open","ping_status":"closed","template":"","meta":{"jetpack_post_was_ever_published":false,"jetpack_publicize_message":"","jetpack_is_tweetstorm":false,"jetpack_publicize_feature_enabled":true,"jetpack_social_post_already_shared":true,"jetpack_social_options":[]},"product_cat":[33],"product_tag":[46],"jetpack_publicize_connections":[],"aioseo_notices":[],"jetpack_sharing_enabled":true,"jetpack-related-posts":[{"id":241,"url":"https:\/\/buluttuz.com\/index.php\/urun\/buyuk-boy-tuz-degirmeni\/","url_meta":{"origin":244,"position":0},"title":"B\u00fcy\u00fck Boy Tuz De\u011firmeni 400 gr","date":"Eyl\u00fcl 22, 2018","format":false,"excerpt":"","rel":"","context":"Benzer yaz\u0131","img":{"alt_text":"","src":"https:\/\/i0.wp.com\/buluttuz.com\/wp-content\/uploads\/2018\/09\/IMG-20220607-WA0007.jpg?fit=558%2C1200&ssl=1&resize=350%2C200","width":350,"height":200},"classes":[]},{"id":250,"url":"https:\/\/buluttuz.com\/index.php\/urun\/kucuk-boy-tuz-degirmeni\/","url_meta":{"origin":244,"position":1},"title":"K\u00fc\u00e7\u00fck Boy Tuz De\u011firmeni 110 gr","date":"Eyl\u00fcl 22, 2018","format":false,"excerpt":"","rel":"","context":"Benzer yaz\u0131","img":{"alt_text":"","src":"https:\/\/i0.wp.com\/buluttuz.com\/wp-content\/uploads\/2018\/09\/1635406407557.jpg?fit=225%2C500&ssl=1&resize=350%2C200","width":350,"height":200},"classes":[]},{"id":204,"url":"https:\/\/buluttuz.com\/index.php\/urun\/himalaya-tuz-sabunu\/","url_meta":{"origin":244,"position":2},"title":"Himalaya Tuz Sabunu","date":"Eyl\u00fcl 22, 2018","format":false,"excerpt":"Kullan\u0131m \u015fekli: Tuz sabununu normal sabunlar gibi kullanabiliriz. \u00d6ncelikle ellerinizi ve sabunu \u0131slat\u0131n\u0131z, sabunu ellerinizde iyice yuvarlad\u0131ktan sonra ellerinize bulasan tuz eriyi\u011fini el, y\u00fcz veya gerekti\u011finde t\u00fcm v\u00fccudunuza iyice yayd\u0131ktan sonra bir sure tuzun cildinize islemesini bekleyiniz. Daha sonra cildinizi durulay\u0131n\u0131z. A\u00e7\u0131klama: Kaya tuzundan yap\u0131lm\u0131\u015f sabunlar cildinizin bak\u0131m\u0131n\u0131 do\u011fal olarak\u2026","rel":"","context":"Benzer yaz\u0131","img":{"alt_text":"","src":"https:\/\/i0.wp.com\/buluttuz.com\/wp-content\/uploads\/2018\/09\/IMG_20220527_121016_500x500.jpg?fit=500%2C500&ssl=1&resize=350%2C200","width":350,"height":200},"classes":[]},{"id":313,"url":"https:\/\/buluttuz.com\/index.php\/urun\/degirmenlik-himalaya-tuzu\/","url_meta":{"origin":244,"position":3},"title":"Himalaya  Gran\u00fcr De\u011firmenlik Tuz","date":"Eyl\u00fcl 22, 2018","format":false,"excerpt":"","rel":"","context":"Benzer yaz\u0131","img":{"alt_text":"","src":"https:\/\/i0.wp.com\/buluttuz.com\/wp-content\/uploads\/2018\/09\/IMG_20220527_113140-scaled.jpg?fit=558%2C1200&ssl=1&resize=350%2C200","width":350,"height":200},"classes":[]},{"id":2228,"url":"https:\/\/buluttuz.com\/index.php\/urun\/cankiri-tuz-degirmen-200-gr\/","url_meta":{"origin":244,"position":4},"title":"\u00c7ank\u0131r\u0131 Tuz De\u011firmen 200 gr","date":"Ocak 20, 2022","format":false,"excerpt":"","rel":"","context":"Benzer yaz\u0131","img":{"alt_text":"","src":"https:\/\/i0.wp.com\/buluttuz.com\/wp-content\/uploads\/2022\/01\/1631435202447.jpg?fit=225%2C500&ssl=1&resize=350%2C200","width":350,"height":200},"classes":[]},{"id":295,"url":"https:\/\/buluttuz.com\/index.php\/urun\/yemeklik-himalaya-tuzu\/","url_meta":{"origin":244,"position":5},"title":"Himalaya Sofral\u0131k  Yemeklik Tuz","date":"Eyl\u00fcl 22, 2018","format":false,"excerpt":"","rel":"","context":"Benzer yaz\u0131","img":{"alt_text":"","src":"https:\/\/i0.wp.com\/buluttuz.com\/wp-content\/uploads\/2018\/09\/IMG_20220527_113114-scaled.jpg?fit=558%2C1200&ssl=1&resize=350%2C200","width":350,"height":200},"classes":[]}],"_links":{"self":[{"href":"https:\/\/buluttuz.com\/index.php\/wp-json\/wp\/v2\/product\/244"}],"collection":[{"href":"https:\/\/buluttuz.com\/index.php\/wp-json\/wp\/v2\/product"}],"about":[{"href":"https:\/\/buluttuz.com\/index.php\/wp-json\/wp\/v2\/types\/product"}],"replies":[{"embeddable":true,"href":"https:\/\/buluttuz.com\/index.php\/wp-json\/wp\/v2\/comments?post=244"}],"wp:featuredmedia":[{"embeddable":true,"href":"https:\/\/buluttuz.com\/index.php\/wp-json\/wp\/v2\/media\/2957"}],"wp:attachment":[{"href":"https:\/\/buluttuz.com\/index.php\/wp-json\/wp\/v2\/media?parent=244"}],"wp:term":[{"taxonomy":"product_cat","embeddable":true,"href":"https:\/\/buluttuz.com\/index.php\/wp-json\/wp\/v2\/product_cat?post=244"},{"taxonomy":"product_tag","embeddable":true,"href":"https:\/\/buluttuz.com\/index.php\/wp-json\/wp\/v2\/product_tag?post=244"}],"curies":[{"name":"wp","href":"https:\/\/api.w.org\/{rel}","templated":true}]}}