{"id":241,"date":"2018-09-22T12:24:21","date_gmt":"2018-09-22T09:24:21","guid":{"rendered":"https:\/\/buluttuz.com\/?post_type=product&#038;p=241"},"modified":"2023-09-25T10:09:51","modified_gmt":"2023-09-25T07:09:51","slug":"buyuk-boy-tuz-degirmeni","status":"publish","type":"product","link":"https:\/\/buluttuz.com\/index.php\/urun\/buyuk-boy-tuz-degirmeni\/","title":{"rendered":"B\u00fcy\u00fck Boy Tuz De\u011firmeni 400 gr"},"content":{"rendered":"","protected":false},"excerpt":{"rendered":"","protected":false},"featured_media":2958,"comment_status":"open","ping_status":"closed","template":"","meta":{"jetpack_post_was_ever_published":false,"jetpack_publicize_message":"","jetpack_is_tweetstorm":false,"jetpack_publicize_feature_enabled":true,"jetpack_social_post_already_shared":true,"jetpack_social_options":[]},"product_cat":[33],"product_tag":[46],"jetpack_publicize_connections":[],"aioseo_notices":[],"jetpack_sharing_enabled":true,"jetpack-related-posts":[{"id":250,"url":"https:\/\/buluttuz.com\/index.php\/urun\/kucuk-boy-tuz-degirmeni\/","url_meta":{"origin":241,"position":0},"title":"K\u00fc\u00e7\u00fck Boy Tuz De\u011firmeni 110 gr","date":"Eyl\u00fcl 22, 2018","format":false,"excerpt":"","rel":"","context":"Benzer yaz\u0131","img":{"alt_text":"","src":"https:\/\/i0.wp.com\/buluttuz.com\/wp-content\/uploads\/2018\/09\/1635406407557.jpg?fit=225%2C500&ssl=1&resize=350%2C200","width":350,"height":200},"classes":[]},{"id":244,"url":"https:\/\/buluttuz.com\/index.php\/urun\/orta-boy-tuz-degirmeni\/","url_meta":{"origin":241,"position":1},"title":"Himalaya Tuz De\u011firmenleri 200 gr","date":"Eyl\u00fcl 22, 2018","format":false,"excerpt":"","rel":"","context":"Benzer yaz\u0131","img":{"alt_text":"","src":"https:\/\/i0.wp.com\/buluttuz.com\/wp-content\/uploads\/2018\/09\/1631435245987.jpg?fit=225%2C500&ssl=1&resize=350%2C200","width":350,"height":200},"classes":[]},{"id":640,"url":"https:\/\/buluttuz.com\/index.php\/urun\/lale-model\/","url_meta":{"origin":241,"position":2},"title":"Beyaz B\u00fcy\u00fck Lale Model Tuz Lambas\u0131","date":"Eyl\u00fcl 23, 2018","format":false,"excerpt":"Tuz Lambalar\u0131n\u0131n Faydalar\u0131 Tuz lambalar\u0131, negatif iyon yayarlar. B\u00f6ylece, havan\u0131n n\u00f6tr le\u015f erek temizlenmesini sa\u011flarlar. Tuz Lambalar\u0131, \"Negatif \u0130yon\" yayarak i\u00e7 mekanlardaki hava kalitesini artt\u0131r\u0131r. Do\u011fal bir negatif iyon jenerat\u00f6r\u00fc olan bu lambalar ger\u00e7ek anlamda \"Havan\u0131n Vitamin\u201dleridirler. Negatif \u0130yonlar\u0131n Faydalar\u0131: Stres, fiziksel, ruhsal yorgunluk, uykusuzluk, a\u011fr\u0131lara iyi gelir. Nezle, migren,\u2026","rel":"","context":"Benzer yaz\u0131","img":{"alt_text":"","src":"https:\/\/i0.wp.com\/buluttuz.com\/wp-content\/uploads\/2018\/09\/IMG_20220527_130141-scaled.jpg?fit=558%2C1200&ssl=1&resize=350%2C200","width":350,"height":200},"classes":[]},{"id":1870,"url":"https:\/\/buluttuz.com\/index.php\/urun\/kirikkale-delice-kaynak-tuzu\/","url_meta":{"origin":241,"position":3},"title":"K\u0131r\u0131kkale Delice Kaynak Tuzu 500 Gr","date":"Temmuz 17, 2021","format":false,"excerpt":"\u00a0\u00a0\u00a0\u00a0\u00a0\u00a0\u00a0\u00a0\u00a0\u00a0\u00a0\u00a0\u00a0\u00a0 \u00a0\u00a0\u00a0\u00a0\u00a0\u00a0\u00a0","rel":"","context":"Benzer yaz\u0131","img":{"alt_text":"","src":"https:\/\/i0.wp.com\/buluttuz.com\/wp-content\/uploads\/2021\/07\/IMG_20220527_113410-scaled.jpg?fit=558%2C1200&ssl=1&resize=350%2C200","width":350,"height":200},"classes":[]},{"id":2228,"url":"https:\/\/buluttuz.com\/index.php\/urun\/cankiri-tuz-degirmen-200-gr\/","url_meta":{"origin":241,"position":4},"title":"\u00c7ank\u0131r\u0131 Tuz De\u011firmen 200 gr","date":"Ocak 20, 2022","format":false,"excerpt":"","rel":"","context":"Benzer yaz\u0131","img":{"alt_text":"","src":"https:\/\/i0.wp.com\/buluttuz.com\/wp-content\/uploads\/2022\/01\/1631435202447.jpg?fit=225%2C500&ssl=1&resize=350%2C200","width":350,"height":200},"classes":[]},{"id":300,"url":"https:\/\/buluttuz.com\/index.php\/urun\/degirmenlik-cankiri-kristal-tuz\/","url_meta":{"origin":241,"position":5},"title":"\u00c7ank\u0131r\u0131 De\u011firmenlik Kristal Tuz 500 GR","date":"Eyl\u00fcl 22, 2018","format":false,"excerpt":"","rel":"","context":"Benzer yaz\u0131","img":{"alt_text":"","src":"https:\/\/i0.wp.com\/buluttuz.com\/wp-content\/uploads\/2018\/09\/IMG_20220527_113518-scaled.jpg?fit=558%2C1200&ssl=1&resize=350%2C200","width":350,"height":200},"classes":[]}],"_links":{"self":[{"href":"https:\/\/buluttuz.com\/index.php\/wp-json\/wp\/v2\/product\/241"}],"collection":[{"href":"https:\/\/buluttuz.com\/index.php\/wp-json\/wp\/v2\/product"}],"about":[{"href":"https:\/\/buluttuz.com\/index.php\/wp-json\/wp\/v2\/types\/product"}],"replies":[{"embeddable":true,"href":"https:\/\/buluttuz.com\/index.php\/wp-json\/wp\/v2\/comments?post=241"}],"wp:featuredmedia":[{"embeddable":true,"href":"https:\/\/buluttuz.com\/index.php\/wp-json\/wp\/v2\/media\/2958"}],"wp:attachment":[{"href":"https:\/\/buluttuz.com\/index.php\/wp-json\/wp\/v2\/media?parent=241"}],"wp:term":[{"taxonomy":"product_cat","embeddable":true,"href":"https:\/\/buluttuz.com\/index.php\/wp-json\/wp\/v2\/product_cat?post=241"},{"taxonomy":"product_tag","embeddable":true,"href":"https:\/\/buluttuz.com\/index.php\/wp-json\/wp\/v2\/product_tag?post=241"}],"curies":[{"name":"wp","href":"https:\/\/api.w.org\/{rel}","templated":true}]}}