{"id":2233,"date":"2022-01-21T12:05:36","date_gmt":"2022-01-21T09:05:36","guid":{"rendered":"https:\/\/buluttuz.com\/?post_type=product&#038;p=2233"},"modified":"2023-09-25T09:25:24","modified_gmt":"2023-09-25T06:25:24","slug":"cankiri-kristal-baskili-yemeklik-kaya-tuzu-1000-gr","status":"publish","type":"product","link":"https:\/\/buluttuz.com\/index.php\/urun\/cankiri-kristal-baskili-yemeklik-kaya-tuzu-1000-gr\/","title":{"rendered":"\u00c7ank\u0131r\u0131 Kristal Bask\u0131l\u0131 Yemeklik Kaya Tuzu 1000 gr"},"content":{"rendered":"","protected":false},"excerpt":{"rendered":"","protected":false},"featured_media":2815,"comment_status":"open","ping_status":"closed","template":"","meta":{"jetpack_post_was_ever_published":false,"jetpack_publicize_message":"","jetpack_is_tweetstorm":false,"jetpack_publicize_feature_enabled":true,"jetpack_social_post_already_shared":true,"jetpack_social_options":[]},"product_cat":[15],"product_tag":[],"jetpack_publicize_connections":[],"aioseo_notices":[],"jetpack_sharing_enabled":true,"jetpack-related-posts":[{"id":281,"url":"https:\/\/buluttuz.com\/index.php\/urun\/kristal-cankiri-yemeklik-kaya-tuzu\/","url_meta":{"origin":2233,"position":0},"title":"\u00c7ank\u0131r\u0131 Kristal Yemeklik Kaya Tuzu 500 Gr","date":"Eyl\u00fcl 22, 2018","format":false,"excerpt":"Kaya Tuzu Faydalar\u0131 Nelerdir? Deniz ve g\u00f6lden elde edilen tuzlar fazla kullan\u0131l\u0131rsa insan sa\u011fl\u0131\u011f\u0131 i\u00e7in tehdit olu\u015fturur. Oysa bilin\u00e7li \u015fekilde kullan\u0131lan kaya tuzu olduk\u00e7a faydal\u0131d\u0131r. Kaya tuzu faydalar\u0131 aras\u0131nda \u00f6ncelikli olanlar \u015f\u00f6yle s\u0131ralanabilir: \u2022 Kan bas\u0131nc\u0131n\u0131 dengeler ve kan dola\u015f\u0131m\u0131n\u0131 h\u0131zland\u0131r\u0131r. B\u00f6brek ve mesane ta\u015flar\u0131na iyi geldi\u011fi s\u00f6ylenir. \u2022 Sindirim\u2026","rel":"","context":"Benzer yaz\u0131","img":{"alt_text":"","src":"https:\/\/i0.wp.com\/buluttuz.com\/wp-content\/uploads\/2018\/09\/IMG_20220527_112958-scaled.jpg?fit=558%2C1200&ssl=1&resize=350%2C200","width":350,"height":200},"classes":[]},{"id":274,"url":"https:\/\/buluttuz.com\/index.php\/urun\/kristal-cankiri-salamura-tuzu\/","url_meta":{"origin":2233,"position":1},"title":"\u00c7ank\u0131r\u0131 Bask\u0131l\u0131 Kristal Salamura Tuzu","date":"Eyl\u00fcl 22, 2018","format":false,"excerpt":"Salamura ile ad\u0131 b\u00fct\u00fcnle\u015fmi\u015f olan tuz bu sekt\u00f6r\u00fcn en \u00f6nemli can damar\u0131d\u0131r. Hangimizin akl\u0131na salamura dendi\u011finde tuz gelmez? Tur\u015fu salamura ile salamura tuz ile haz\u0131rlan\u0131r. Tur\u015fu tuzu \u00fclkemizde g\u0131da sekt\u00f6r\u00fcnde tuz t\u00fcketiminin lokomotifler indendir. Salamura sekt\u00f6r\u00fc i\u00e7in tavsiyemiz g\u0131da sanayi tuzu kullan\u0131m\u0131 y\u00f6n\u00fcndedir. Tuzun erime h\u0131z\u0131 ( zamandan kazanmak i\u00e7in\u2026","rel":"","context":"Benzer yaz\u0131","img":{"alt_text":"","src":"https:\/\/i0.wp.com\/buluttuz.com\/wp-content\/uploads\/2018\/09\/IMG_20220527_115313-scaled.jpg?fit=553%2C1200&ssl=1&resize=350%2C200","width":350,"height":200},"classes":[]},{"id":201,"url":"https:\/\/buluttuz.com\/index.php\/urun\/cankiri-kaya-tuzu-sabunu\/","url_meta":{"origin":2233,"position":2},"title":"\u00c7ank\u0131r\u0131 Kaya Tuzu Sabunu","date":"Eyl\u00fcl 22, 2018","format":false,"excerpt":"Kullan\u0131m \u015fekli: Tuz sabununu normal sabunlar gibi kullanabiliriz. \u00d6ncelikle ellerinizi ve sabunu \u0131slat\u0131n\u0131z, sabunu ellerinizde iyice yuvarlad\u0131ktan sonra ellerinize bulasan tuz eriyi\u011fini el, y\u00fcz veya gerekti\u011finde t\u00fcm v\u00fccudunuza iyice yayd\u0131ktan sonra bir sure tuzun cildinize islemesini bekleyiniz. Daha sonra cildinizi durulay\u0131n\u0131z. A\u00e7\u0131klama: Kaya tuzundan yap\u0131lm\u0131\u015f sabunlar cildinizin bak\u0131m\u0131n\u0131 do\u011fal olarak\u2026","rel":"","context":"Benzer yaz\u0131","img":{"alt_text":"","src":"https:\/\/i0.wp.com\/buluttuz.com\/wp-content\/uploads\/2018\/09\/IMG-20220610-WA0021.jpg?fit=600%2C800&ssl=1&resize=350%2C200","width":350,"height":200},"classes":[]},{"id":1866,"url":"https:\/\/buluttuz.com\/index.php\/urun\/cankiri-sofralik-iyotlu-tuz\/","url_meta":{"origin":2233,"position":3},"title":"\u00c7ank\u0131r\u0131 Sofral\u0131k \u0130yotlu Kaya Tuzu 750 gr","date":"Temmuz 17, 2021","format":false,"excerpt":"","rel":"","context":"Benzer yaz\u0131","img":{"alt_text":"","src":"https:\/\/i0.wp.com\/buluttuz.com\/wp-content\/uploads\/2021\/07\/IMG_20220527_112321-scaled.jpg?fit=558%2C1200&ssl=1&resize=350%2C200","width":350,"height":200},"classes":[]},{"id":3004,"url":"https:\/\/buluttuz.com\/index.php\/urun\/cankiri-dogal-kaya-tuzu-lambasi-2-3-kg\/","url_meta":{"origin":2233,"position":4},"title":"\u00c7ank\u0131r\u0131 Do\u011fal Kaya Tuzu Lambas\u0131 2-3 kg","date":"Mart 8, 2023","format":false,"excerpt":"","rel":"","context":"Benzer yaz\u0131","img":{"alt_text":"","src":"https:\/\/i0.wp.com\/buluttuz.com\/wp-content\/uploads\/2021\/07\/IMG_20200820_113722-scaled.jpg?fit=558%2C1200&ssl=1&resize=350%2C200","width":350,"height":200},"classes":[]},{"id":2994,"url":"https:\/\/buluttuz.com\/index.php\/urun\/cankiri-tuz-sabun\/","url_meta":{"origin":2233,"position":5},"title":"\u00c7ank\u0131r\u0131 Tuz Sabun","date":"Temmuz 29, 2022","format":false,"excerpt":"KAYA TUZU SABUN FAYDALARI 1- Cildi temizler,dezenfekte eder,cildi besler,sa\u00e7ta kepe\u011fi \u00f6nleyici \u00f6zelli\u011fi vard\u0131r. 2- Alerjik,atopik,kuru cilt,sivilce,sedef hastal\u0131\u011f\u0131 gibi cilt sorununun tedavisinde kullan\u0131l\u0131r. 3- Koku yaratan bakterileri ortadan kald\u0131r\u0131r, koltuk alt\u0131 kokusunu \u00f6nler. 4- Cildin g\u00f6zeneklerini t\u0131kamadan taze ve temiz kalmas\u0131n\u0131 sa\u011flar, terlemeyi \u00f6nler.","rel":"","context":"Benzer yaz\u0131","img":{"alt_text":"","src":"https:\/\/i0.wp.com\/buluttuz.com\/wp-content\/uploads\/2022\/07\/IMG-20220610-WA0020.jpg?fit=558%2C1200&ssl=1&resize=350%2C200","width":350,"height":200},"classes":[]}],"_links":{"self":[{"href":"https:\/\/buluttuz.com\/index.php\/wp-json\/wp\/v2\/product\/2233"}],"collection":[{"href":"https:\/\/buluttuz.com\/index.php\/wp-json\/wp\/v2\/product"}],"about":[{"href":"https:\/\/buluttuz.com\/index.php\/wp-json\/wp\/v2\/types\/product"}],"replies":[{"embeddable":true,"href":"https:\/\/buluttuz.com\/index.php\/wp-json\/wp\/v2\/comments?post=2233"}],"wp:featuredmedia":[{"embeddable":true,"href":"https:\/\/buluttuz.com\/index.php\/wp-json\/wp\/v2\/media\/2815"}],"wp:attachment":[{"href":"https:\/\/buluttuz.com\/index.php\/wp-json\/wp\/v2\/media?parent=2233"}],"wp:term":[{"taxonomy":"product_cat","embeddable":true,"href":"https:\/\/buluttuz.com\/index.php\/wp-json\/wp\/v2\/product_cat?post=2233"},{"taxonomy":"product_tag","embeddable":true,"href":"https:\/\/buluttuz.com\/index.php\/wp-json\/wp\/v2\/product_tag?post=2233"}],"curies":[{"name":"wp","href":"https:\/\/api.w.org\/{rel}","templated":true}]}}