{"id":2228,"date":"2022-01-20T23:54:46","date_gmt":"2022-01-20T20:54:46","guid":{"rendered":"https:\/\/buluttuz.com\/?post_type=product&#038;p=2228"},"modified":"2023-09-25T09:26:06","modified_gmt":"2023-09-25T06:26:06","slug":"cankiri-tuz-degirmen-200-gr","status":"publish","type":"product","link":"https:\/\/buluttuz.com\/index.php\/urun\/cankiri-tuz-degirmen-200-gr\/","title":{"rendered":"\u00c7ank\u0131r\u0131 Tuz De\u011firmen 200 gr"},"content":{"rendered":"","protected":false},"excerpt":{"rendered":"","protected":false},"featured_media":2817,"comment_status":"open","ping_status":"closed","template":"","meta":{"jetpack_post_was_ever_published":false,"jetpack_publicize_message":"","jetpack_is_tweetstorm":false,"jetpack_publicize_feature_enabled":true,"jetpack_social_post_already_shared":true,"jetpack_social_options":[]},"product_cat":[15],"product_tag":[],"jetpack_publicize_connections":[],"aioseo_notices":[],"jetpack_sharing_enabled":true,"jetpack-related-posts":[{"id":300,"url":"https:\/\/buluttuz.com\/index.php\/urun\/degirmenlik-cankiri-kristal-tuz\/","url_meta":{"origin":2228,"position":0},"title":"\u00c7ank\u0131r\u0131 De\u011firmenlik Kristal Tuz 500 GR","date":"Eyl\u00fcl 22, 2018","format":false,"excerpt":"","rel":"","context":"Benzer yaz\u0131","img":{"alt_text":"","src":"https:\/\/i0.wp.com\/buluttuz.com\/wp-content\/uploads\/2018\/09\/IMG_20220527_113518-scaled.jpg?fit=558%2C1200&ssl=1&resize=350%2C200","width":350,"height":200},"classes":[]},{"id":1866,"url":"https:\/\/buluttuz.com\/index.php\/urun\/cankiri-sofralik-iyotlu-tuz\/","url_meta":{"origin":2228,"position":1},"title":"\u00c7ank\u0131r\u0131 Sofral\u0131k \u0130yotlu Kaya Tuzu 750 gr","date":"Temmuz 17, 2021","format":false,"excerpt":"","rel":"","context":"Benzer yaz\u0131","img":{"alt_text":"","src":"https:\/\/i0.wp.com\/buluttuz.com\/wp-content\/uploads\/2021\/07\/IMG_20220527_112321-scaled.jpg?fit=558%2C1200&ssl=1&resize=350%2C200","width":350,"height":200},"classes":[]},{"id":2233,"url":"https:\/\/buluttuz.com\/index.php\/urun\/cankiri-kristal-baskili-yemeklik-kaya-tuzu-1000-gr\/","url_meta":{"origin":2228,"position":2},"title":"\u00c7ank\u0131r\u0131 Kristal Bask\u0131l\u0131 Yemeklik Kaya Tuzu 1000 gr","date":"Ocak 21, 2022","format":false,"excerpt":"","rel":"","context":"Benzer yaz\u0131","img":{"alt_text":"","src":"https:\/\/i0.wp.com\/buluttuz.com\/wp-content\/uploads\/2022\/01\/IMG_20220527_115332-scaled.jpg?fit=553%2C1200&ssl=1&resize=350%2C200","width":350,"height":200},"classes":[]},{"id":1836,"url":"https:\/\/buluttuz.com\/index.php\/urun\/cankiri-dogal-tuz-lambasi\/","url_meta":{"origin":2228,"position":3},"title":"\u00c7ank\u0131r\u0131 Do\u011fal Tuz Lambas\u0131 5-6 KG","date":"Temmuz 17, 2021","format":false,"excerpt":"Tuz Lambalar\u0131n\u0131n Faydalar\u0131 Tuz lambalar\u0131, negatif iyon yayarlar. B\u00f6ylece, havan\u0131n n\u00f6tr le\u015f erek temizlenmesini sa\u011flarlar. Tuz Lambalar\u0131, \"Negatif \u0130yon\" yayarak i\u00e7 mekanlardaki hava kalitesini artt\u0131r\u0131r. Do\u011fal bir negatif iyon jenerat\u00f6r\u00fc olan bu lambalar ger\u00e7ek anlamda \"Havan\u0131n Vitamin\u201dileridirler. Negatif \u0130yonlar\u0131n Faydalar\u0131: Stres, fiziksel, ruhsal yorgunluk, uykusuzluk, a\u011fr\u0131lara iyi gelir. Nezle, migren,\u2026","rel":"","context":"Benzer yaz\u0131","img":{"alt_text":"","src":"https:\/\/i0.wp.com\/buluttuz.com\/wp-content\/uploads\/2021\/07\/IMG_20200820_113722-scaled.jpg?fit=558%2C1200&ssl=1&resize=350%2C200","width":350,"height":200},"classes":[]},{"id":1801,"url":"https:\/\/buluttuz.com\/index.php\/urun\/cankiri-canak-lamba\/","url_meta":{"origin":2228,"position":4},"title":"\u00c7ank\u0131r\u0131 \u00c7anak Model Tuz Lambas\u0131","date":"\u015eubat 7, 2021","format":false,"excerpt":"Tuz Lambalar\u0131n\u0131n Faydalar\u0131 Tuz lambalar\u0131, negatif iyon yayarlar. B\u00f6ylece, havan\u0131n n\u00f6tr le\u015f erek temizlenmesini sa\u011flarlar. Tuz Lambalar\u0131, \"Negatif \u0130yon\" yayarak i\u00e7 mekanlardaki hava kalitesini artt\u0131r\u0131r. Do\u011fal bir negatif iyon jenerat\u00f6r\u00fc olan bu lambalar ger\u00e7ek anlamda \"Havan\u0131n Vitamin\u201dileridirler. Negatif \u0130yonlar\u0131n Faydalar\u0131: Stres, fiziksel, ruhsal yorgunluk, uykusuzluk, a\u011fr\u0131lara iyi gelir. Nezle, migren,\u2026","rel":"","context":"Benzer yaz\u0131","img":{"alt_text":"","src":"https:\/\/i0.wp.com\/buluttuz.com\/wp-content\/uploads\/2021\/02\/IMG_20220527_123949-scaled.jpg?fit=558%2C1200&ssl=1&resize=350%2C200","width":350,"height":200},"classes":[]},{"id":3004,"url":"https:\/\/buluttuz.com\/index.php\/urun\/cankiri-dogal-kaya-tuzu-lambasi-2-3-kg\/","url_meta":{"origin":2228,"position":5},"title":"\u00c7ank\u0131r\u0131 Do\u011fal Kaya Tuzu Lambas\u0131 2-3 kg","date":"Mart 8, 2023","format":false,"excerpt":"","rel":"","context":"Benzer yaz\u0131","img":{"alt_text":"","src":"https:\/\/i0.wp.com\/buluttuz.com\/wp-content\/uploads\/2021\/07\/IMG_20200820_113722-scaled.jpg?fit=558%2C1200&ssl=1&resize=350%2C200","width":350,"height":200},"classes":[]}],"_links":{"self":[{"href":"https:\/\/buluttuz.com\/index.php\/wp-json\/wp\/v2\/product\/2228"}],"collection":[{"href":"https:\/\/buluttuz.com\/index.php\/wp-json\/wp\/v2\/product"}],"about":[{"href":"https:\/\/buluttuz.com\/index.php\/wp-json\/wp\/v2\/types\/product"}],"replies":[{"embeddable":true,"href":"https:\/\/buluttuz.com\/index.php\/wp-json\/wp\/v2\/comments?post=2228"}],"wp:featuredmedia":[{"embeddable":true,"href":"https:\/\/buluttuz.com\/index.php\/wp-json\/wp\/v2\/media\/2817"}],"wp:attachment":[{"href":"https:\/\/buluttuz.com\/index.php\/wp-json\/wp\/v2\/media?parent=2228"}],"wp:term":[{"taxonomy":"product_cat","embeddable":true,"href":"https:\/\/buluttuz.com\/index.php\/wp-json\/wp\/v2\/product_cat?post=2228"},{"taxonomy":"product_tag","embeddable":true,"href":"https:\/\/buluttuz.com\/index.php\/wp-json\/wp\/v2\/product_tag?post=2228"}],"curies":[{"name":"wp","href":"https:\/\/api.w.org\/{rel}","templated":true}]}}