{"id":2225,"date":"2022-01-20T23:43:58","date_gmt":"2022-01-20T20:43:58","guid":{"rendered":"https:\/\/buluttuz.com\/?post_type=product&#038;p=2225"},"modified":"2026-03-17T15:29:25","modified_gmt":"2026-03-17T12:29:25","slug":"tahta-6-gen-ahsap-kafes-tuz-lambasi","status":"publish","type":"product","link":"https:\/\/buluttuz.com\/index.php\/urun\/tahta-6-gen-ahsap-kafes-tuz-lambasi\/","title":{"rendered":"6 gen Tahta Ah\u015fap Kafes Tuz Lambas\u0131 Ah\u015fap ve Kahveren\u011fi"},"content":{"rendered":"","protected":false},"excerpt":{"rendered":"","protected":false},"featured_media":2819,"comment_status":"open","ping_status":"closed","template":"","meta":{"jetpack_post_was_ever_published":false,"jetpack_publicize_message":"","jetpack_is_tweetstorm":false,"jetpack_publicize_feature_enabled":true,"jetpack_social_post_already_shared":true,"jetpack_social_options":[]},"product_cat":[15],"product_tag":[],"jetpack_publicize_connections":[],"aioseo_notices":[],"jetpack_sharing_enabled":true,"jetpack-related-posts":[{"id":2219,"url":"https:\/\/buluttuz.com\/index.php\/urun\/tahta-ahsap-5-kademeli-kafes-tuz-lambasi\/","url_meta":{"origin":2225,"position":0},"title":"Tahta Ah\u015fap 5 Kademeli Kafes Tuz Lambas\u0131","date":"Ocak 20, 2022","format":false,"excerpt":"","rel":"","context":"Benzer yaz\u0131","img":{"alt_text":"","src":"https:\/\/i0.wp.com\/buluttuz.com\/wp-content\/uploads\/2022\/01\/1_600x8002.jpg?fit=600%2C800&ssl=1&resize=350%2C200","width":350,"height":200},"classes":[]},{"id":262,"url":"https:\/\/buluttuz.com\/index.php\/urun\/himalaya-salamura-tuzu\/","url_meta":{"origin":2225,"position":1},"title":"Tahta 6 Gen  Kahverengi-Ah\u015fap Kafes  Tuz Lamba","date":"Eyl\u00fcl 22, 2018","format":false,"excerpt":"Tuz Lambalar\u0131n\u0131n Faydalar\u0131 Tuz lambalar\u0131, negatif iyon yayarlar. B\u00f6ylece, havan\u0131n n\u00f6tr le\u015f erek temizlenmesini sa\u011flarlar. Tuz Lambalar\u0131, \"Negatif \u0130yon\" yayarak i\u00e7 mekanlardaki hava kalitesini artt\u0131r\u0131r. Do\u011fal bir negatif iyon jenerat\u00f6r\u00fc olan bu lambalar ger\u00e7ek anlamda \"Havan\u0131n Vitamin\u201dleridirler. Negatif \u0130yonlar\u0131n Faydalar\u0131: Stres, fiziksel, ruhsal yorgunluk, uykusuzluk, a\u011fr\u0131lara iyi gelir. Nezle, migren,\u2026","rel":"","context":"Benzer yaz\u0131","img":{"alt_text":"","src":"https:\/\/i0.wp.com\/buluttuz.com\/wp-content\/uploads\/2018\/09\/1632580975334_500x500.jpg?fit=500%2C500&ssl=1&resize=350%2C200","width":350,"height":200},"classes":[]},{"id":2984,"url":"https:\/\/buluttuz.com\/index.php\/urun\/yildiz-model-tahta-kafes-tuz-lambasi\/","url_meta":{"origin":2225,"position":2},"title":"Y\u0131ld\u0131z Model Tahta Kafes Tuz Lambas\u0131","date":"Temmuz 29, 2022","format":false,"excerpt":"Stres, fiziksel, ruhsal yorgunluk, uykusuzluk, a\u011fr\u0131lara iyi gelir. Nezle, migren, ast\u0131m gibi rahats\u0131zl\u0131klara iyi gelir, akci\u011ferlerin kapasitesini y\u00fckseltir. Ba\u011f\u0131\u015f\u0131kl\u0131k sistemini g\u00fc\u00e7lendirir.- Negatif iyon Kayna\u011f\u0131d\u0131r Negatif iyon havan\u0131n vitaminleridir. Havadaki tozlar\u0131 ,bakterileri temizler alerjik rahats\u0131zl\u0131klara , ast\u0131m hastal\u0131klar\u0131na, so\u011fuk alg\u0131nl\u0131\u011f\u0131na,Migren sorununa,ba\u011f\u0131\u015f\u0131kl\u0131k sistemi zay\u0131f olanlara,mevsimsel hastal\u0131klara,horlama sorununa, birebir faydas\u0131 vard\u0131r. Havadaki nemi\u2026","rel":"","context":"Benzer yaz\u0131","img":{"alt_text":"","src":"https:\/\/i0.wp.com\/buluttuz.com\/wp-content\/uploads\/2022\/07\/TREDYOL-1.jpg?fit=600%2C800&ssl=1&resize=350%2C200","width":350,"height":200},"classes":[]},{"id":2987,"url":"https:\/\/buluttuz.com\/index.php\/urun\/lokus-orta-ipli-tahta-kafes-tuz-lambasi\/","url_meta":{"origin":2225,"position":3},"title":"Lok\u00fcs Orta \u0130pli Tahta Kafes Tuz Lambas\u0131","date":"Temmuz 29, 2022","format":false,"excerpt":"Stres, fiziksel, ruhsal yorgunluk, uykusuzluk, a\u011fr\u0131lara iyi gelir. Nezle, migren, ast\u0131m gibi rahats\u0131zl\u0131klara iyi gelir, akci\u011ferlerin kapasitesini y\u00fckseltir. Ba\u011f\u0131\u015f\u0131kl\u0131k sistemini g\u00fc\u00e7lendirir.- Negatif iyon Kayna\u011f\u0131d\u0131r Negatif iyon havan\u0131n vitaminleridir. Havadaki tozlar\u0131 ,bakterileri temizler alerjik rahats\u0131zl\u0131klara , ast\u0131m hastal\u0131klar\u0131na, so\u011fuk alg\u0131nl\u0131\u011f\u0131na,Migren sorununa,ba\u011f\u0131\u015f\u0131kl\u0131k sistemi zay\u0131f olanlara,mevsimsel hastal\u0131klara,horlama sorununa, birebir faydas\u0131 vard\u0131r. Havadaki nemi\u2026","rel":"","context":"Benzer yaz\u0131","img":{"alt_text":"","src":"https:\/\/i0.wp.com\/buluttuz.com\/wp-content\/uploads\/2022\/07\/IMG_20220706_143400-scaled.jpg?fit=558%2C1200&ssl=1&resize=350%2C200","width":350,"height":200},"classes":[]},{"id":1836,"url":"https:\/\/buluttuz.com\/index.php\/urun\/cankiri-dogal-tuz-lambasi\/","url_meta":{"origin":2225,"position":4},"title":"\u00c7ank\u0131r\u0131 Do\u011fal Tuz Lambas\u0131 5-6 KG","date":"Temmuz 17, 2021","format":false,"excerpt":"Tuz Lambalar\u0131n\u0131n Faydalar\u0131 Tuz lambalar\u0131, negatif iyon yayarlar. B\u00f6ylece, havan\u0131n n\u00f6tr le\u015f erek temizlenmesini sa\u011flarlar. Tuz Lambalar\u0131, \"Negatif \u0130yon\" yayarak i\u00e7 mekanlardaki hava kalitesini artt\u0131r\u0131r. Do\u011fal bir negatif iyon jenerat\u00f6r\u00fc olan bu lambalar ger\u00e7ek anlamda \"Havan\u0131n Vitamin\u201dileridirler. Negatif \u0130yonlar\u0131n Faydalar\u0131: Stres, fiziksel, ruhsal yorgunluk, uykusuzluk, a\u011fr\u0131lara iyi gelir. Nezle, migren,\u2026","rel":"","context":"Benzer yaz\u0131","img":{"alt_text":"","src":"https:\/\/i0.wp.com\/buluttuz.com\/wp-content\/uploads\/2021\/07\/IMG_20200820_113722-scaled.jpg?fit=558%2C1200&ssl=1&resize=350%2C200","width":350,"height":200},"classes":[]},{"id":543,"url":"https:\/\/buluttuz.com\/index.php\/urun\/gaz-lambasi\/","url_meta":{"origin":2225,"position":5},"title":"\u00c7ank\u0131r\u0131 Gaz Tuz Lambas\u0131","date":"Eyl\u00fcl 23, 2018","format":false,"excerpt":"Tuz Lambalar\u0131n\u0131n Faydalar\u0131 Tuz lambalar\u0131, negatif iyon yayarlar. B\u00f6ylece, havan\u0131n n\u00f6tr le\u015f erek temizlenmesini sa\u011flarlar. Tuz Lambalar\u0131, \"Negatif \u0130yon\" yayarak i\u00e7 mekanlardaki hava kalitesini artt\u0131r\u0131r. Do\u011fal bir negatif iyon jenerat\u00f6r\u00fc olan bu lambalar ger\u00e7ek anlamda \"Havan\u0131n Vitamin\u201dleridirler. Negatif \u0130yonlar\u0131n Faydalar\u0131: Stres, fiziksel, ruhsal yorgunluk, uykusuzluk, a\u011fr\u0131lara iyi gelir. Nezle, migren,\u2026","rel":"","context":"Benzer yaz\u0131","img":{"alt_text":"","src":"https:\/\/i0.wp.com\/buluttuz.com\/wp-content\/uploads\/2018\/09\/IMG_20220527_123431-scaled.jpg?fit=558%2C1200&ssl=1&resize=350%2C200","width":350,"height":200},"classes":[]}],"_links":{"self":[{"href":"https:\/\/buluttuz.com\/index.php\/wp-json\/wp\/v2\/product\/2225"}],"collection":[{"href":"https:\/\/buluttuz.com\/index.php\/wp-json\/wp\/v2\/product"}],"about":[{"href":"https:\/\/buluttuz.com\/index.php\/wp-json\/wp\/v2\/types\/product"}],"replies":[{"embeddable":true,"href":"https:\/\/buluttuz.com\/index.php\/wp-json\/wp\/v2\/comments?post=2225"}],"wp:featuredmedia":[{"embeddable":true,"href":"https:\/\/buluttuz.com\/index.php\/wp-json\/wp\/v2\/media\/2819"}],"wp:attachment":[{"href":"https:\/\/buluttuz.com\/index.php\/wp-json\/wp\/v2\/media?parent=2225"}],"wp:term":[{"taxonomy":"product_cat","embeddable":true,"href":"https:\/\/buluttuz.com\/index.php\/wp-json\/wp\/v2\/product_cat?post=2225"},{"taxonomy":"product_tag","embeddable":true,"href":"https:\/\/buluttuz.com\/index.php\/wp-json\/wp\/v2\/product_tag?post=2225"}],"curies":[{"name":"wp","href":"https:\/\/api.w.org\/{rel}","templated":true}]}}