{"id":211,"date":"2018-09-22T00:25:16","date_gmt":"2018-09-21T21:25:16","guid":{"rendered":"https:\/\/buluttuz.com\/?post_type=product&#038;p=211"},"modified":"2023-09-25T10:11:51","modified_gmt":"2023-09-25T07:11:51","slug":"dis-tuzu-karanfilli","status":"publish","type":"product","link":"https:\/\/buluttuz.com\/index.php\/urun\/dis-tuzu-karanfilli\/","title":{"rendered":"Bulut Tuz Di\u015f Bak\u0131m Tuzu Karanfil 120 gr"},"content":{"rendered":"<p>D\u0130\u015e BAKIM TUZU FAYDALARI<br \/>\nBulut Di\u015f Bak\u0131m Tuzlar\u0131<\/p>\n<p>-\u00f6zellikle di\u015f ta\u015flar\u0131n\u0131n olu\u015fmas\u0131n\u0131 engeller,<br \/>\n-olu\u015fmu\u015f di\u015f ta\u015flar\u0131n\u0131n yok olmas\u0131 konusunda kesin sonu\u00e7lar verir.<br \/>\n-\u00d6zellikle kemoterapi d\u00f6nemlerinde ve boyundaki kanserlere kar\u015f\u0131 \u0131\u015f\u0131n tedavilerinde, a\u011f\u0131z ve di\u015f sa\u011fl\u0131\u011f\u0131nda tuz kullan\u0131m\u0131 \u00e7ok \u00f6nemlidir.<br \/>\n-I\u015f\u0131n tedavisi g\u00f6ren bir hastada di\u015flerin di\u015f macununa alternatif do\u011fal tuz ile temizli\u011finin sa\u011flanmas\u0131 \u00f6ld\u00fcr\u00fclen h\u00fccrelerin yerine yenilerinin olu\u015fturulmas\u0131nda etkilidir.<br \/>\n-Bu sayede di\u015f macununun t\u00fck\u00fcr\u00fck bezlerine verdi\u011fi zararda engellenmi\u015f olur.<br \/>\n-Bu y\u00f6ntemle di\u015f, di\u015f etleri ve a\u011f\u0131z ile beraber a\u011f\u0131z kokusu sorunlar\u0131 ortadan kalkar.<\/p>\n<p>Kullan\u0131m Tarifi<\/p>\n<p>-Di\u015f Bak\u0131m Tuzlar\u0131n\u0131 di\u015f f\u0131r\u00e7as\u0131 hafif nemli iken di\u015f bak\u0131m tuzuna bat\u0131rarak bula\u015fmas\u0131n\u0131 sa\u011flay\u0131n ve di\u015flerinizi g\u00fcnde \u00dc\u00e7-d\u00f6rt defa bu i\u015flemi tekrarlay\u0131n<br \/>\n&#8211; Plak ve tartar\u0131 \u00e7\u00f6zmek i\u00e7in basit bi\u00e7imde di\u015f f\u0131r\u00e7an\u0131z\u0131 konsantre soleye b\u0131rak\u0131n ve di\u015flerinizi f\u0131r\u00e7alay\u0131n.<br \/>\n&#8211; Sa\u011fl\u0131kl\u0131 di\u015f etleri<br \/>\n&#8211; Sa\u011fl\u0131kl\u0131 a\u011f\u0131z floras\u0131<br \/>\n&#8211; Sa\u011fl\u0131kl\u0131 oral doku<\/p>\n","protected":false},"excerpt":{"rendered":"<p>D\u0130\u015e BAKIM TUZU FAYDALARI Bulut Di\u015f Bak\u0131m Tuzlar\u0131 -\u00f6zellikle di\u015f ta\u015flar\u0131n\u0131n olu\u015fmas\u0131n\u0131 engeller, -olu\u015fmu\u015f di\u015f ta\u015flar\u0131n\u0131n yok olmas\u0131 konusunda kesin sonu\u00e7lar verir. -\u00d6zellikle kemoterapi d\u00f6nemlerinde ve boyundaki kanserlere kar\u015f\u0131 \u0131\u015f\u0131n tedavilerinde, a\u011f\u0131z ve di\u015f sa\u011fl\u0131\u011f\u0131nda tuz kullan\u0131m\u0131 \u00e7ok \u00f6nemlidir. -I\u015f\u0131n tedavisi g\u00f6ren bir hastada di\u015flerin di\u015f macununa alternatif do\u011fal tuz ile temizli\u011finin sa\u011flanmas\u0131 \u00f6ld\u00fcr\u00fclen h\u00fccrelerin [&hellip;]<\/p>\n","protected":false},"featured_media":2967,"comment_status":"open","ping_status":"closed","template":"","meta":{"jetpack_post_was_ever_published":false,"jetpack_publicize_message":"","jetpack_is_tweetstorm":false,"jetpack_publicize_feature_enabled":true,"jetpack_social_post_already_shared":true,"jetpack_social_options":[]},"product_cat":[30],"product_tag":[44],"jetpack_publicize_connections":[],"aioseo_notices":[],"jetpack_sharing_enabled":true,"jetpack-related-posts":[{"id":217,"url":"https:\/\/buluttuz.com\/index.php\/urun\/dis-tuzu-naneli\/","url_meta":{"origin":211,"position":0},"title":"Bulut Tuz Di\u015f Bak\u0131m  Tuzu &#8211; Naneli 120 gr","date":"Eyl\u00fcl 22, 2018","format":false,"excerpt":"D\u0130\u015e BAKIM TUZU FAYDALARI Bulut Di\u015f Bak\u0131m Tuzlar\u0131 -\u00f6zellikle di\u015f ta\u015flar\u0131n\u0131n olu\u015fmas\u0131n\u0131 engeller, -olu\u015fmu\u015f di\u015f ta\u015flar\u0131n\u0131n yok olmas\u0131 konusunda kesin sonu\u00e7lar verir. -\u00d6zellikle kemoterapi d\u00f6nemlerinde ve boyundaki kanserlere kar\u015f\u0131 \u0131\u015f\u0131n tedavilerinde, a\u011f\u0131z ve di\u015f sa\u011fl\u0131\u011f\u0131nda tuz kullan\u0131m\u0131 \u00e7ok \u00f6nemlidir. -I\u015f\u0131n tedavisi g\u00f6ren bir hastada di\u015flerin di\u015f macununa alternatif do\u011fal tuz\u2026","rel":"","context":"Benzer yaz\u0131","img":{"alt_text":"","src":"https:\/\/i0.wp.com\/buluttuz.com\/wp-content\/uploads\/2018\/09\/IMG_20220527_115959_500x500.jpg?fit=500%2C500&ssl=1&resize=350%2C200","width":350,"height":200},"classes":[]},{"id":207,"url":"https:\/\/buluttuz.com\/index.php\/urun\/dis-tuzu-sade\/","url_meta":{"origin":211,"position":1},"title":"Bulut Tuz Di\u015f Bak\u0131m Tuzu Sade 120 gr","date":"Eyl\u00fcl 22, 2018","format":false,"excerpt":"D\u0130\u015e BAKIM TUZU FAYDALARI Bulut Di\u015f Bak\u0131m Tuzlar\u0131 -\u00f6zellikle di\u015f ta\u015flar\u0131n\u0131n olu\u015fmas\u0131n\u0131 engeller, -olu\u015fmu\u015f di\u015f ta\u015flar\u0131n\u0131n yok olmas\u0131 konusunda kesin sonu\u00e7lar verir. -\u00d6zellikle kemoterapi d\u00f6nemlerinde ve boyundaki kanserlere kar\u015f\u0131 \u0131\u015f\u0131n tedavilerinde, a\u011f\u0131z ve di\u015f sa\u011fl\u0131\u011f\u0131nda tuz kullan\u0131m\u0131 \u00e7ok \u00f6nemlidir. -I\u015f\u0131n tedavisi g\u00f6ren bir hastada di\u015flerin di\u015f macununa alternatif do\u011fal tuz\u2026","rel":"","context":"Benzer yaz\u0131","img":{"alt_text":"","src":"https:\/\/i0.wp.com\/buluttuz.com\/wp-content\/uploads\/2018\/09\/IMG_20220527_120201-scaled.jpg?fit=558%2C1200&ssl=1&resize=350%2C200","width":350,"height":200},"classes":[]},{"id":338,"url":"https:\/\/buluttuz.com\/index.php\/urun\/misvakli-bitkisel-dis-macunu\/","url_meta":{"origin":211,"position":2},"title":"Epsom \u0130ngiliz ac\u0131 Tuzu","date":"Eyl\u00fcl 22, 2018","format":false,"excerpt":"(EPSOM ) \u0130NG\u0130L\u0130Z TUZU -ACI TUZ EPSOM TUZU ASLINDA MAGNEZYUM S\u00dcLFAT OLARAK DA B\u0130L\u0130NEN VE \u0130\u00c7ER\u0130\u011e\u0130NDE MAGNEZYUM ,K\u00dcK\u00dcRT VE OKS\u0130JEN BULUNAN B\u0130R \u0130NORGAN\u0130K TUZ. G\u00d6R\u00dcNT\u00dcS\u00dc \u0130T\u0130BAR\u0130YLE KAYA TUZUNU NA BENZESE DE KAYA TUZUNDAN FARKLI OLARAK \u0130\u00c7\u0130NDE SODYUM YER\u0130NE MAGNEZYUM YER ALIYOR. SOFRA TUZUYLA DA ASLA KARI\u015eTIRILMAMASI GEREKEN EPSOM TUZU,ACIMSI B\u0130R\u2026","rel":"","context":"Benzer yaz\u0131","img":{"alt_text":"","src":"https:\/\/i0.wp.com\/buluttuz.com\/wp-content\/uploads\/2018\/09\/IMG20210912113655-scaled.jpg?fit=540%2C1200&ssl=1&resize=350%2C200","width":350,"height":200},"classes":[]},{"id":130,"url":"https:\/\/buluttuz.com\/index.php\/urun\/ayak-bakim-tuzu-sade\/","url_meta":{"origin":211,"position":3},"title":"Ayak Bak\u0131m Tuzu Sade Bask\u0131l\u0131 Po\u015fet 1000 gr","date":"Eyl\u00fcl 21, 2018","format":false,"excerpt":"AYAK BAKIM TUZU Kullan\u0131m\u0131 1-paket tuzu 1\/3 oran\u0131nda plastik kovaya d\u00f6k\u00fcn\u00fcz 2-s\u0131cak su ile kovay\u0131 doldurunuz 10-15 dakika erimeye b\u0131rak\u0131n\u0131z 3-ayaklar\u0131n\u0131z\u0131 \u00e7\u0131plak halde kova i\u00e7indeki suya sokunuz. 4-20 dakika bekletiniz. 5-ayaklar\u0131n\u0131z\u0131 tuzlu sudan \u00e7\u0131kartt\u0131ktan sonra 10 dakika kurumaya b\u0131rak\u0131n\u0131z ve sonras\u0131nda y\u0131kay\u0131n\u0131z. 6-ayn\u0131 i\u015flemi en az 6 kez tekrarlay\u0131n\u0131z Not.\u00d6zellikle\u2026","rel":"","context":"Benzer yaz\u0131","img":{"alt_text":"","src":"https:\/\/i0.wp.com\/buluttuz.com\/wp-content\/uploads\/2018\/09\/IMG_20220527_120439-scaled.jpg?fit=558%2C1200&ssl=1&resize=350%2C200","width":350,"height":200},"classes":[]},{"id":136,"url":"https:\/\/buluttuz.com\/index.php\/urun\/ayak-bakim-tuzu-naneli\/","url_meta":{"origin":211,"position":4},"title":"Ayak Bak\u0131m-Banyo Tuzu Naneli 700 gr","date":"Eyl\u00fcl 21, 2018","format":false,"excerpt":"AYAK BAKIM TUZU Kullan\u0131m\u0131 1-paket tuzu 1\/3 oran\u0131nda plastik kovaya d\u00f6k\u00fcn\u00fcz 2-s\u0131cak su ile kovay\u0131 doldurunuz 10-15 dakika erimeye b\u0131rak\u0131n\u0131z 3-ayaklar\u0131n\u0131z\u0131 \u00e7\u0131plak halde kova i\u00e7indeki suya sokunuz. 4-20 dakika bekletiniz. 5-ayaklar\u0131n\u0131z\u0131 tuzlu sudan \u00e7\u0131kartt\u0131ktan sonra 10 dakika kurumaya b\u0131rak\u0131n\u0131z ve sonras\u0131nda y\u0131kay\u0131n\u0131z. 6-ayn\u0131 i\u015flemi en az 6 kez tekrarlay\u0131n\u0131z Not.\u00d6zellikle\u2026","rel":"","context":"Benzer yaz\u0131","img":{"alt_text":"","src":"https:\/\/i0.wp.com\/buluttuz.com\/wp-content\/uploads\/2018\/09\/IMG_20220716_110549-scaled.jpg?fit=558%2C1200&ssl=1&resize=350%2C200","width":350,"height":200},"classes":[]},{"id":143,"url":"https:\/\/buluttuz.com\/index.php\/urun\/ayak-bakim-tuzu-lavantali\/","url_meta":{"origin":211,"position":5},"title":"Ayak Bak\u0131m-Banyo Tuzu Lavantal\u0131 700 gr","date":"Eyl\u00fcl 21, 2018","format":false,"excerpt":"AYAK BAKIM TUZU Kullan\u0131m\u0131 1-paket tuzu 1\/3 oran\u0131nda plastik kovaya d\u00f6k\u00fcn\u00fcz 2-s\u0131cak su ile kovay\u0131 doldurunuz 10-15 dakika erimeye b\u0131rak\u0131n\u0131z 3-ayaklar\u0131n\u0131z\u0131 \u00e7\u0131plak halde kova i\u00e7indeki suya sokunuz. 4-20 dakika bekletiniz. 5-ayaklar\u0131n\u0131z\u0131 tuzlu sudan \u00e7\u0131kartt\u0131ktan sonra 10 dakika kurumaya b\u0131rak\u0131n\u0131z ve sonras\u0131nda y\u0131kay\u0131n\u0131z. 6-ayn\u0131 i\u015flemi en az 6 kez tekrarlay\u0131n\u0131z Not.\u00d6zellikle\u2026","rel":"","context":"Benzer yaz\u0131","img":{"alt_text":"","src":"https:\/\/i0.wp.com\/buluttuz.com\/wp-content\/uploads\/2018\/09\/IMG_20220716_110709-scaled.jpg?fit=558%2C1200&ssl=1&resize=350%2C200","width":350,"height":200},"classes":[]}],"_links":{"self":[{"href":"https:\/\/buluttuz.com\/index.php\/wp-json\/wp\/v2\/product\/211"}],"collection":[{"href":"https:\/\/buluttuz.com\/index.php\/wp-json\/wp\/v2\/product"}],"about":[{"href":"https:\/\/buluttuz.com\/index.php\/wp-json\/wp\/v2\/types\/product"}],"replies":[{"embeddable":true,"href":"https:\/\/buluttuz.com\/index.php\/wp-json\/wp\/v2\/comments?post=211"}],"wp:featuredmedia":[{"embeddable":true,"href":"https:\/\/buluttuz.com\/index.php\/wp-json\/wp\/v2\/media\/2967"}],"wp:attachment":[{"href":"https:\/\/buluttuz.com\/index.php\/wp-json\/wp\/v2\/media?parent=211"}],"wp:term":[{"taxonomy":"product_cat","embeddable":true,"href":"https:\/\/buluttuz.com\/index.php\/wp-json\/wp\/v2\/product_cat?post=211"},{"taxonomy":"product_tag","embeddable":true,"href":"https:\/\/buluttuz.com\/index.php\/wp-json\/wp\/v2\/product_tag?post=211"}],"curies":[{"name":"wp","href":"https:\/\/api.w.org\/{rel}","templated":true}]}}