{"id":201,"date":"2018-09-22T00:16:29","date_gmt":"2018-09-21T21:16:29","guid":{"rendered":"https:\/\/buluttuz.com\/?post_type=product&#038;p=201"},"modified":"2023-04-14T13:12:55","modified_gmt":"2023-04-14T10:12:55","slug":"cankiri-kaya-tuzu-sabunu","status":"publish","type":"product","link":"https:\/\/buluttuz.com\/index.php\/urun\/cankiri-kaya-tuzu-sabunu\/","title":{"rendered":"\u00c7ank\u0131r\u0131 Kaya Tuzu Sabunu"},"content":{"rendered":"<p>Kullan\u0131m \u015fekli:<br \/>\nTuz sabununu normal sabunlar gibi kullanabiliriz. \u00d6ncelikle ellerinizi ve sabunu \u0131slat\u0131n\u0131z, sabunu ellerinizde iyice yuvarlad\u0131ktan sonra ellerinize bulasan tuz eriyi\u011fini el, y\u00fcz veya gerekti\u011finde t\u00fcm v\u00fccudunuza iyice yayd\u0131ktan sonra bir sure tuzun cildinize islemesini bekleyiniz. Daha sonra cildinizi durulay\u0131n\u0131z.<br \/>\nA\u00e7\u0131klama:<br \/>\nKaya tuzundan yap\u0131lm\u0131\u015f sabunlar cildinizin bak\u0131m\u0131n\u0131 do\u011fal olarak yerine getirir. Kristal tuz cildi temizler, dezenfekte eder ve i\u00e7erdi\u011fi mineraller sayesinde cildi besler ve nemlili\u011fini korur. Tuzun temizleme \u00f6zelli\u011fi olduk\u00e7a g\u00fc\u00e7l\u00fc oldu\u011fundan ba\u015fka bir du\u015f malzemesi kullanmay\u0131 gerektirmez.<br \/>\nYararlar\u0131:<br \/>\nTuz Sabunu kimyasal madde i\u00e7ermeyen tamamen do\u011fal oldu\u011fundan koku yaratan bakterileri ortadan kald\u0131rma \u00f6zelli\u011fi ile koltuk altlar\u0131 i\u00e7in sa\u011fl\u0131kl\u0131 ve do\u011fal bir deodorant olarak kullan\u0131labilir. Deriye \u0131slak uyguland\u0131\u011f\u0131nda, g\u00fcn boyu \u00e7al\u0131\u015fan tuz g\u00f6r\u00fcnmez bir koruyucu tabaka b\u0131rakarak ter nedeniyle olu\u015fan bakterilerin kokusunu \u00f6nler ve cildinizin g\u00f6zeneklerini t\u0131kamadan taze ve temiz kalmas\u0131n\u0131 sa\u011flar.<\/p>\n<p>TUZ SABUNU<br \/>\nKaya Tuzu Sabunu Nedir?<br \/>\nDo\u011fal kaya tuzundan sadece farkl\u0131 model \u015fekillerde kesilerek elde edilen ve hi\u00e7bir katk\u0131 maddesi i\u00e7ermeyen bir tuz sabunudur. E\u011fer el yap\u0131m\u0131 do\u011fal sabun ile bir tuz banyosundan faydalanmak istiyorsan\u0131z \u00f6zel bir b\u00fct\u00e7e ay\u0131rman\u0131za ve ba\u015fka yerlere gitmenize gerek kalmadan,biz bunlar\u0131 size tek \u00fcr\u00fcnde sunuyoruz.<br \/>\nKaya Tuzu Sabunu Nas\u0131l Kullan\u0131l\u0131r?<br \/>\nDo\u011fal kaya tuzundan yap\u0131lan tuz sabunlar\u0131m\u0131z\u0131 normal sabunlar gibi kullanabilirsiniz.Y\u00fcz ve v\u00fccut temizli\u011finde d\u00fczenli olarak kullan\u0131lmas\u0131 \u00f6nerilir. \u00d6ncelikle normal v\u00fccut temizli\u011finizi yapt\u0131ktan sonra; ellerinizi ve sabunu elinizde iyice ovu\u015fturup tuz eriyi\u011finin el, y\u00fcz ve t\u00fcm v\u00fccuda iyice yay\u0131lmas\u0131n\u0131 sa\u011flay\u0131p 3-5 dakika tuzun cilde i\u015flemesini bekleyiniz, daha sonra hafif\u00e7e durulanman\u0131z tavsiye edilir. Sa\u00e7\u0131n\u0131za s\u00fcr\u00fcp tuz eriyi\u011fini suyla b\u00fct\u00fcn v\u00fccudunuza aktar\u0131larak ta kullanabilirsiniz. Kaya tuzu sabunun uygulanaca\u011f\u0131 b\u00f6lgede a\u00e7\u0131k yara olmamas\u0131na dikkat ediniz.<br \/>\nKAYA TUZU SABUN FAYDALARI<br \/>\n1- Cildi temizler,dezenfekte eder,cildi besler,sa\u00e7ta kepe\u011fi \u00f6nleyici \u00f6zelli\u011fi vard\u0131r.<br \/>\n2- Alerjik,atopik,kuru cilt,sivilce,sedef hastal\u0131\u011f\u0131 gibi cilt sorununun tedavisinde kullan\u0131l\u0131r.<br \/>\n3- Koku yaratan bakterileri ortadan kald\u0131r\u0131r, koltuk alt\u0131 kokusunu \u00f6nler.<br \/>\n4- Cildin g\u00f6zeneklerini t\u0131kamadan taze ve temiz kalmas\u0131n\u0131 sa\u011flar, terlemeyi \u00f6nler.<\/p>\n<p>&nbsp;<\/p>\n","protected":false},"excerpt":{"rendered":"<p>Kullan\u0131m \u015fekli: Tuz sabununu normal sabunlar gibi kullanabiliriz. \u00d6ncelikle ellerinizi ve sabunu \u0131slat\u0131n\u0131z, sabunu ellerinizde iyice yuvarlad\u0131ktan sonra ellerinize bulasan tuz eriyi\u011fini el, y\u00fcz veya gerekti\u011finde t\u00fcm v\u00fccudunuza iyice yayd\u0131ktan sonra bir sure tuzun cildinize islemesini bekleyiniz. Daha sonra cildinizi durulay\u0131n\u0131z. A\u00e7\u0131klama: Kaya tuzundan yap\u0131lm\u0131\u015f sabunlar cildinizin bak\u0131m\u0131n\u0131 do\u011fal olarak yerine getirir. Kristal tuz cildi [&hellip;]<\/p>\n","protected":false},"featured_media":2970,"comment_status":"open","ping_status":"closed","template":"","meta":{"jetpack_post_was_ever_published":false,"jetpack_publicize_message":"","jetpack_is_tweetstorm":false,"jetpack_publicize_feature_enabled":true,"jetpack_social_post_already_shared":true,"jetpack_social_options":[]},"product_cat":[29],"product_tag":[43],"jetpack_publicize_connections":[],"aioseo_notices":[],"jetpack_sharing_enabled":true,"jetpack-related-posts":[{"id":204,"url":"https:\/\/buluttuz.com\/index.php\/urun\/himalaya-tuz-sabunu\/","url_meta":{"origin":201,"position":0},"title":"Himalaya Tuz Sabunu","date":"Eyl\u00fcl 22, 2018","format":false,"excerpt":"Kullan\u0131m \u015fekli: Tuz sabununu normal sabunlar gibi kullanabiliriz. \u00d6ncelikle ellerinizi ve sabunu \u0131slat\u0131n\u0131z, sabunu ellerinizde iyice yuvarlad\u0131ktan sonra ellerinize bulasan tuz eriyi\u011fini el, y\u00fcz veya gerekti\u011finde t\u00fcm v\u00fccudunuza iyice yayd\u0131ktan sonra bir sure tuzun cildinize islemesini bekleyiniz. Daha sonra cildinizi durulay\u0131n\u0131z. A\u00e7\u0131klama: Kaya tuzundan yap\u0131lm\u0131\u015f sabunlar cildinizin bak\u0131m\u0131n\u0131 do\u011fal olarak\u2026","rel":"","context":"Benzer yaz\u0131","img":{"alt_text":"","src":"https:\/\/i0.wp.com\/buluttuz.com\/wp-content\/uploads\/2018\/09\/IMG_20220527_121016_500x500.jpg?fit=500%2C500&ssl=1&resize=350%2C200","width":350,"height":200},"classes":[]},{"id":1870,"url":"https:\/\/buluttuz.com\/index.php\/urun\/kirikkale-delice-kaynak-tuzu\/","url_meta":{"origin":201,"position":1},"title":"K\u0131r\u0131kkale Delice Kaynak Tuzu 500 Gr","date":"Temmuz 17, 2021","format":false,"excerpt":"\u00a0\u00a0\u00a0\u00a0\u00a0\u00a0\u00a0\u00a0\u00a0\u00a0\u00a0\u00a0\u00a0\u00a0 \u00a0\u00a0\u00a0\u00a0\u00a0\u00a0\u00a0","rel":"","context":"Benzer yaz\u0131","img":{"alt_text":"","src":"https:\/\/i0.wp.com\/buluttuz.com\/wp-content\/uploads\/2021\/07\/IMG_20220527_113410-scaled.jpg?fit=558%2C1200&ssl=1&resize=350%2C200","width":350,"height":200},"classes":[]},{"id":274,"url":"https:\/\/buluttuz.com\/index.php\/urun\/kristal-cankiri-salamura-tuzu\/","url_meta":{"origin":201,"position":2},"title":"\u00c7ank\u0131r\u0131 Bask\u0131l\u0131 Kristal Salamura Tuzu","date":"Eyl\u00fcl 22, 2018","format":false,"excerpt":"Salamura ile ad\u0131 b\u00fct\u00fcnle\u015fmi\u015f olan tuz bu sekt\u00f6r\u00fcn en \u00f6nemli can damar\u0131d\u0131r. Hangimizin akl\u0131na salamura dendi\u011finde tuz gelmez? Tur\u015fu salamura ile salamura tuz ile haz\u0131rlan\u0131r. Tur\u015fu tuzu \u00fclkemizde g\u0131da sekt\u00f6r\u00fcnde tuz t\u00fcketiminin lokomotifler indendir. Salamura sekt\u00f6r\u00fc i\u00e7in tavsiyemiz g\u0131da sanayi tuzu kullan\u0131m\u0131 y\u00f6n\u00fcndedir. Tuzun erime h\u0131z\u0131 ( zamandan kazanmak i\u00e7in\u2026","rel":"","context":"Benzer yaz\u0131","img":{"alt_text":"","src":"https:\/\/i0.wp.com\/buluttuz.com\/wp-content\/uploads\/2018\/09\/IMG_20220527_115313-scaled.jpg?fit=553%2C1200&ssl=1&resize=350%2C200","width":350,"height":200},"classes":[]},{"id":2994,"url":"https:\/\/buluttuz.com\/index.php\/urun\/cankiri-tuz-sabun\/","url_meta":{"origin":201,"position":3},"title":"\u00c7ank\u0131r\u0131 Tuz Sabun","date":"Temmuz 29, 2022","format":false,"excerpt":"KAYA TUZU SABUN FAYDALARI 1- Cildi temizler,dezenfekte eder,cildi besler,sa\u00e7ta kepe\u011fi \u00f6nleyici \u00f6zelli\u011fi vard\u0131r. 2- Alerjik,atopik,kuru cilt,sivilce,sedef hastal\u0131\u011f\u0131 gibi cilt sorununun tedavisinde kullan\u0131l\u0131r. 3- Koku yaratan bakterileri ortadan kald\u0131r\u0131r, koltuk alt\u0131 kokusunu \u00f6nler. 4- Cildin g\u00f6zeneklerini t\u0131kamadan taze ve temiz kalmas\u0131n\u0131 sa\u011flar, terlemeyi \u00f6nler.","rel":"","context":"Benzer yaz\u0131","img":{"alt_text":"","src":"https:\/\/i0.wp.com\/buluttuz.com\/wp-content\/uploads\/2022\/07\/IMG-20220610-WA0020.jpg?fit=558%2C1200&ssl=1&resize=350%2C200","width":350,"height":200},"classes":[]},{"id":338,"url":"https:\/\/buluttuz.com\/index.php\/urun\/misvakli-bitkisel-dis-macunu\/","url_meta":{"origin":201,"position":4},"title":"Epsom \u0130ngiliz ac\u0131 Tuzu","date":"Eyl\u00fcl 22, 2018","format":false,"excerpt":"(EPSOM ) \u0130NG\u0130L\u0130Z TUZU -ACI TUZ EPSOM TUZU ASLINDA MAGNEZYUM S\u00dcLFAT OLARAK DA B\u0130L\u0130NEN VE \u0130\u00c7ER\u0130\u011e\u0130NDE MAGNEZYUM ,K\u00dcK\u00dcRT VE OKS\u0130JEN BULUNAN B\u0130R \u0130NORGAN\u0130K TUZ. G\u00d6R\u00dcNT\u00dcS\u00dc \u0130T\u0130BAR\u0130YLE KAYA TUZUNU NA BENZESE DE KAYA TUZUNDAN FARKLI OLARAK \u0130\u00c7\u0130NDE SODYUM YER\u0130NE MAGNEZYUM YER ALIYOR. SOFRA TUZUYLA DA ASLA KARI\u015eTIRILMAMASI GEREKEN EPSOM TUZU,ACIMSI B\u0130R\u2026","rel":"","context":"Benzer yaz\u0131","img":{"alt_text":"","src":"https:\/\/i0.wp.com\/buluttuz.com\/wp-content\/uploads\/2018\/09\/IMG20210912113655-scaled.jpg?fit=540%2C1200&ssl=1&resize=350%2C200","width":350,"height":200},"classes":[]},{"id":824,"url":"https:\/\/buluttuz.com\/index.php\/urun\/sac-kili\/","url_meta":{"origin":201,"position":5},"title":"Ye\u015fil Toz Kil Sa\u00e7 ve Y\u00fcz Kili 500 gr","date":"Eyl\u00fcl 24, 2018","format":false,"excerpt":"Kille Cilt Bak\u0131m\u0131 Birka\u00e7 ka\u015f\u0131k kille, porselen gibi bir cilde sahip olmak i\u00e7in kullanabilecek do\u011fal madde \u00e7e\u015fitlerinin aras\u0131nda kil, muhtemelen en etkilisidir. Tendeki \u0131\u015f\u0131lt\u0131y\u0131 yeniden uyand\u0131rmak i\u00e7in kil masaj\u0131ndan daha yararl\u0131 hi\u00e7bir \u015fey olamaz. \u00d6nceden temizlenmi\u015f cilde haftada iki kez uygulanmas\u0131 yeterlidir. G\u00f6zeneklerde biriken ya\u011f\u0131 ve tozu bu \u015fekilde ar\u0131nd\u0131rmak\u2026","rel":"","context":"Benzer yaz\u0131","img":{"alt_text":"","src":"https:\/\/i0.wp.com\/buluttuz.com\/wp-content\/uploads\/2018\/09\/IMG_20220527_120341-scaled.jpg?fit=558%2C1200&ssl=1&resize=350%2C200","width":350,"height":200},"classes":[]}],"_links":{"self":[{"href":"https:\/\/buluttuz.com\/index.php\/wp-json\/wp\/v2\/product\/201"}],"collection":[{"href":"https:\/\/buluttuz.com\/index.php\/wp-json\/wp\/v2\/product"}],"about":[{"href":"https:\/\/buluttuz.com\/index.php\/wp-json\/wp\/v2\/types\/product"}],"replies":[{"embeddable":true,"href":"https:\/\/buluttuz.com\/index.php\/wp-json\/wp\/v2\/comments?post=201"}],"wp:featuredmedia":[{"embeddable":true,"href":"https:\/\/buluttuz.com\/index.php\/wp-json\/wp\/v2\/media\/2970"}],"wp:attachment":[{"href":"https:\/\/buluttuz.com\/index.php\/wp-json\/wp\/v2\/media?parent=201"}],"wp:term":[{"taxonomy":"product_cat","embeddable":true,"href":"https:\/\/buluttuz.com\/index.php\/wp-json\/wp\/v2\/product_cat?post=201"},{"taxonomy":"product_tag","embeddable":true,"href":"https:\/\/buluttuz.com\/index.php\/wp-json\/wp\/v2\/product_tag?post=201"}],"curies":[{"name":"wp","href":"https:\/\/api.w.org\/{rel}","templated":true}]}}