{"id":143,"date":"2018-09-21T01:57:09","date_gmt":"2018-09-20T22:57:09","guid":{"rendered":"https:\/\/buluttuz.com\/?post_type=product&#038;p=143"},"modified":"2026-03-17T15:29:03","modified_gmt":"2026-03-17T12:29:03","slug":"ayak-bakim-tuzu-lavantali","status":"publish","type":"product","link":"https:\/\/buluttuz.com\/index.php\/urun\/ayak-bakim-tuzu-lavantali\/","title":{"rendered":"Ayak Bak\u0131m-Banyo Tuzu Lavantal\u0131 700 gr"},"content":{"rendered":"<p>AYAK BAKIM TUZU<\/p>\n<p>Kullan\u0131m\u0131<br \/>\n1-paket tuzu 1\/3 oran\u0131nda plastik kovaya d\u00f6k\u00fcn\u00fcz<br \/>\n2-s\u0131cak su ile kovay\u0131 doldurunuz 10-15 dakika erimeye b\u0131rak\u0131n\u0131z<br \/>\n3-ayaklar\u0131n\u0131z\u0131 \u00e7\u0131plak halde kova i\u00e7indeki suya sokunuz.<br \/>\n4-20 dakika bekletiniz.<br \/>\n5-ayaklar\u0131n\u0131z\u0131 tuzlu sudan \u00e7\u0131kartt\u0131ktan sonra 10 dakika kurumaya b\u0131rak\u0131n\u0131z ve sonras\u0131nda y\u0131kay\u0131n\u0131z.<br \/>\n6-ayn\u0131 i\u015flemi en az 6 kez tekrarlay\u0131n\u0131z<br \/>\nNot.\u00d6zellikle ayak mantar\u0131, ak\u0131nt\u0131, ayak kokusu, ayak ka\u015f\u0131nt\u0131s\u0131, kabukla\u015fma ve berelenme topuk dikeni gibi rahats\u0131zl\u0131klarda<br \/>\nKullan\u0131lan do\u011fal bir \u00fcr\u00fcnd\u00fcr<\/p>\n<p>Banyo tuzu nedir\u037e<br \/>\nKristal yap\u0131ya sahip rahatlat\u0131c\u0131 bir tuzdur.B\u00fct\u00fcn g\u00fcn yorulmu\u015f olan cildinizi rahatlatmak i\u00e7in girilen banyonun etkisini art\u0131rmakta kullan\u0131l\u0131r. Girdi\u011finiz banyoda gev\u015feyip rahatlars\u0131n\u0131z t\u00fcm stresi \u00fczerinizden atars\u0131n\u0131z. Gev\u015femek i\u00e7in girdi\u011finiz banyonun etkisini \u00e7o\u011faltmak i\u00e7in banyo tuzu ile geli\u015ftirilen aroma ya\u011flar hem bedeninizi rahatlat\u0131r hem de kokusu ile t\u00fcm yorgunlu\u011funuzu \u00fczerinizden al\u0131r. Banyo tuzu g\u00fcn\u00fcm\u00fczde en \u00e7ok kullan\u0131lan rahatlama tekni\u011fi ile do\u011fal olmas\u0131 nedeni ile \u00f6nemini koruyor.<br \/>\nBanyo tuzunun i\u00e7erisinde s\u00fclfat ve magnezyum bulunur. \u0130nce kaya tuzu gibi kal\u0131n olmayan yap\u0131s\u0131 ile cilde peeling etkisi de yapar. Kal\u0131n banyo tuzlar\u0131 da aktarlarda bulunmaktad\u0131r tercihiniz hangisinden yana ise onu uygulayabilirsiniz. \u0130\u00e7erisinde bulunan aromalar farkl\u0131 farkl\u0131d\u0131r. Bu nedenle banyo tuzlar\u0131n\u0131n etkileri farkl\u0131l\u0131k g\u00f6sterir.<br \/>\nBanyo tuzunuzun etkisini artt\u0131rmak istiyorsan\u0131z do\u011fal aromatik ya\u011flarla bir arada uygulayabilirsiniz.<br \/>\nBanyo Tuzu Ne \u0130\u015fe Yarar<br \/>\nBanyo yaparken ekledi\u011finiz banyo tuzu \u00f6ncelikle sizi gev\u015fetir, negatif enerjinizi \u00fczerinizden al\u0131r ve toksinleri atmakta etkilidir. Rahatlayan v\u00fccutta g\u00f6zeneklerde nefes almaya ba\u015flar. Nefes alan cilt ise solgun g\u00f6r\u00fcn\u00fcm\u00fcn\u00fc atar ve cildinizde bebeksi bir parlakl\u0131k olu\u015fur. Sadece cildinize iyi gelmez banyo tuzlar\u0131 ayn\u0131 zamanda ruhen de sizi dinlendirir. Stresten ar\u0131nan beden ger\u00e7ekten dinlendi\u011fini hisseder.<br \/>\nBanyo tuzlar\u0131n\u0131n kaslarda meydana gelen kramplara bedenin sinirsel kas\u0131lmalar\u0131na an\u0131nda yan\u0131t verir. Rahats\u0131z giyilen ayakkab\u0131n\u0131n yordu\u011fu ayaklara, uzun s\u00fcre oturarak \u00e7al\u0131\u015fanlara, uzun s\u00fcre ayakta durmak zorunda olanlarda, \u00e7ok y\u00fcr\u00fcyenlerde ve ko\u015fanlarda olu\u015fan \u00f6demden kaynakl\u0131 \u015fi\u015fkinliklerin en \u00f6nemli tedavisi ayak banyosuna ya da doldurdu\u011funuz k\u00fcvete kat\u0131lan banyo iyile\u015ftirir.<br \/>\nStres b\u00fct\u00fcn rahats\u0131zl\u0131klar\u0131n ba\u015f\u0131d\u0131r bu herkes\u00e7e bilinen bir ger\u00e7ektir. Stresinizin artmas\u0131 demek magnezyum oran\u0131n\u0131z\u0131n d\u00fc\u015fmesi demektir. Banyo tuzunda bulunan yeterli oranda magnezyum bu sayede cilde etki ederek sizi rahatlat\u0131r ve \u00fczerinizde bulunan negatif enerjisi al\u0131r.<br \/>\nBanyo tuzunun di\u011fer bir etkisi de b\u00fct\u00fcn bir hafta boyunca cildinize yap\u0131\u015fan tozun kirin banyo tuzu ile at\u0131lmas\u0131n\u0131 sa\u011flamakt\u0131r. \u00c7\u00fcnk\u00fc banyo tuzu v\u00fccuttan toksinleri atarak cildi \u00f6l\u00fc tabakadan ar\u0131nd\u0131r\u0131r. Cildin temizlenmesinde \u00e7ok etkili olan banyo tuzu t\u0131kal\u0131 g\u00f6zenekleri a\u00e7aca\u011f\u0131 i\u00e7in cildin nefes almas\u0131n\u0131 daha parlak g\u00f6r\u00fcnmesini ve sa\u011fl\u0131kl\u0131 kalmas\u0131nda etken bir banyo \u00fcr\u00fcn\u00fcd\u00fcr.<br \/>\nBanyo Tuzu \u0130le Ayaklar\u0131n\u0131z\u0131 Rahatlat\u0131n<br \/>\nHaz\u0131rlad\u0131\u011f\u0131n\u0131z ayak suyunuza 1 fincan ekleyece\u011finiz banyo tuzunu ekleyin. ayaklar\u0131n\u0131z\u0131 bu suda 20 dakika kadar tutun ara ara masaj yaparak ayaklar\u0131n\u0131z\u0131n hareketsizli\u011fini giderin kan dola\u015f\u0131m\u0131n\u0131 h\u0131zland\u0131r\u0131n.<\/p>\n","protected":false},"excerpt":{"rendered":"<p>AYAK BAKIM TUZU Kullan\u0131m\u0131 1-paket tuzu 1\/3 oran\u0131nda plastik kovaya d\u00f6k\u00fcn\u00fcz 2-s\u0131cak su ile kovay\u0131 doldurunuz 10-15 dakika erimeye b\u0131rak\u0131n\u0131z 3-ayaklar\u0131n\u0131z\u0131 \u00e7\u0131plak halde kova i\u00e7indeki suya sokunuz. 4-20 dakika bekletiniz. 5-ayaklar\u0131n\u0131z\u0131 tuzlu sudan \u00e7\u0131kartt\u0131ktan sonra 10 dakika kurumaya b\u0131rak\u0131n\u0131z ve sonras\u0131nda y\u0131kay\u0131n\u0131z. 6-ayn\u0131 i\u015flemi en az 6 kez tekrarlay\u0131n\u0131z Not.\u00d6zellikle ayak mantar\u0131, ak\u0131nt\u0131, ayak kokusu, [&hellip;]<\/p>\n","protected":false},"featured_media":2978,"comment_status":"open","ping_status":"closed","template":"","meta":{"jetpack_post_was_ever_published":false,"jetpack_publicize_message":"","jetpack_is_tweetstorm":false,"jetpack_publicize_feature_enabled":true,"jetpack_social_post_already_shared":true,"jetpack_social_options":[]},"product_cat":[84],"product_tag":[39],"jetpack_publicize_connections":[],"aioseo_notices":[],"jetpack_sharing_enabled":true,"jetpack-related-posts":[{"id":136,"url":"https:\/\/buluttuz.com\/index.php\/urun\/ayak-bakim-tuzu-naneli\/","url_meta":{"origin":143,"position":0},"title":"Ayak Bak\u0131m-Banyo Tuzu Naneli 700 gr","date":"Eyl\u00fcl 21, 2018","format":false,"excerpt":"AYAK BAKIM TUZU Kullan\u0131m\u0131 1-paket tuzu 1\/3 oran\u0131nda plastik kovaya d\u00f6k\u00fcn\u00fcz 2-s\u0131cak su ile kovay\u0131 doldurunuz 10-15 dakika erimeye b\u0131rak\u0131n\u0131z 3-ayaklar\u0131n\u0131z\u0131 \u00e7\u0131plak halde kova i\u00e7indeki suya sokunuz. 4-20 dakika bekletiniz. 5-ayaklar\u0131n\u0131z\u0131 tuzlu sudan \u00e7\u0131kartt\u0131ktan sonra 10 dakika kurumaya b\u0131rak\u0131n\u0131z ve sonras\u0131nda y\u0131kay\u0131n\u0131z. 6-ayn\u0131 i\u015flemi en az 6 kez tekrarlay\u0131n\u0131z Not.\u00d6zellikle\u2026","rel":"","context":"Benzer yaz\u0131","img":{"alt_text":"","src":"https:\/\/i0.wp.com\/buluttuz.com\/wp-content\/uploads\/2018\/09\/IMG_20220716_110549-scaled.jpg?fit=558%2C1200&ssl=1&resize=350%2C200","width":350,"height":200},"classes":[]},{"id":151,"url":"https:\/\/buluttuz.com\/index.php\/urun\/ayak-bakim-tuzu-limonlu\/","url_meta":{"origin":143,"position":1},"title":"Ayak Bak\u0131m Banyo Tuzu Limonlu 700 gr","date":"Eyl\u00fcl 21, 2018","format":false,"excerpt":"AYAK BAKIM TUZU Kullan\u0131m\u0131 1-paket tuzu 1\/3 oran\u0131nda plastik kovaya d\u00f6k\u00fcn\u00fcz 2-s\u0131cak su ile kovay\u0131 doldurunuz 10-15 dakika erimeye b\u0131rak\u0131n\u0131z 3-ayaklar\u0131n\u0131z\u0131 \u00e7\u0131plak halde kova i\u00e7indeki suya sokunuz. 4-20 dakika bekletiniz. 5-ayaklar\u0131n\u0131z\u0131 tuzlu sudan \u00e7\u0131kartt\u0131ktan sonra 10 dakika kurumaya b\u0131rak\u0131n\u0131z ve sonras\u0131nda y\u0131kay\u0131n\u0131z. 6-ayn\u0131 i\u015flemi en az 6 kez tekrarlay\u0131n\u0131z Not.\u00d6zellikle\u2026","rel":"","context":"Benzer yaz\u0131","img":{"alt_text":"","src":"https:\/\/i0.wp.com\/buluttuz.com\/wp-content\/uploads\/2018\/09\/IMG_20220716_110430-scaled.jpg?fit=558%2C1200&ssl=1&resize=350%2C200","width":350,"height":200},"classes":[]},{"id":130,"url":"https:\/\/buluttuz.com\/index.php\/urun\/ayak-bakim-tuzu-sade\/","url_meta":{"origin":143,"position":2},"title":"Ayak Bak\u0131m Tuzu Sade Bask\u0131l\u0131 Po\u015fet 1000 gr","date":"Eyl\u00fcl 21, 2018","format":false,"excerpt":"AYAK BAKIM TUZU Kullan\u0131m\u0131 1-paket tuzu 1\/3 oran\u0131nda plastik kovaya d\u00f6k\u00fcn\u00fcz 2-s\u0131cak su ile kovay\u0131 doldurunuz 10-15 dakika erimeye b\u0131rak\u0131n\u0131z 3-ayaklar\u0131n\u0131z\u0131 \u00e7\u0131plak halde kova i\u00e7indeki suya sokunuz. 4-20 dakika bekletiniz. 5-ayaklar\u0131n\u0131z\u0131 tuzlu sudan \u00e7\u0131kartt\u0131ktan sonra 10 dakika kurumaya b\u0131rak\u0131n\u0131z ve sonras\u0131nda y\u0131kay\u0131n\u0131z. 6-ayn\u0131 i\u015flemi en az 6 kez tekrarlay\u0131n\u0131z Not.\u00d6zellikle\u2026","rel":"","context":"Benzer yaz\u0131","img":{"alt_text":"","src":"https:\/\/i0.wp.com\/buluttuz.com\/wp-content\/uploads\/2018\/09\/IMG_20220527_120439-scaled.jpg?fit=558%2C1200&ssl=1&resize=350%2C200","width":350,"height":200},"classes":[]},{"id":338,"url":"https:\/\/buluttuz.com\/index.php\/urun\/misvakli-bitkisel-dis-macunu\/","url_meta":{"origin":143,"position":3},"title":"Epsom \u0130ngiliz ac\u0131 Tuzu","date":"Eyl\u00fcl 22, 2018","format":false,"excerpt":"(EPSOM ) \u0130NG\u0130L\u0130Z TUZU -ACI TUZ EPSOM TUZU ASLINDA MAGNEZYUM S\u00dcLFAT OLARAK DA B\u0130L\u0130NEN VE \u0130\u00c7ER\u0130\u011e\u0130NDE MAGNEZYUM ,K\u00dcK\u00dcRT VE OKS\u0130JEN BULUNAN B\u0130R \u0130NORGAN\u0130K TUZ. G\u00d6R\u00dcNT\u00dcS\u00dc \u0130T\u0130BAR\u0130YLE KAYA TUZUNU NA BENZESE DE KAYA TUZUNDAN FARKLI OLARAK \u0130\u00c7\u0130NDE SODYUM YER\u0130NE MAGNEZYUM YER ALIYOR. SOFRA TUZUYLA DA ASLA KARI\u015eTIRILMAMASI GEREKEN EPSOM TUZU,ACIMSI B\u0130R\u2026","rel":"","context":"Benzer yaz\u0131","img":{"alt_text":"","src":"https:\/\/i0.wp.com\/buluttuz.com\/wp-content\/uploads\/2018\/09\/IMG20210912113655-scaled.jpg?fit=540%2C1200&ssl=1&resize=350%2C200","width":350,"height":200},"classes":[]},{"id":217,"url":"https:\/\/buluttuz.com\/index.php\/urun\/dis-tuzu-naneli\/","url_meta":{"origin":143,"position":4},"title":"Bulut Tuz Di\u015f Bak\u0131m  Tuzu &#8211; Naneli 120 gr","date":"Eyl\u00fcl 22, 2018","format":false,"excerpt":"D\u0130\u015e BAKIM TUZU FAYDALARI Bulut Di\u015f Bak\u0131m Tuzlar\u0131 -\u00f6zellikle di\u015f ta\u015flar\u0131n\u0131n olu\u015fmas\u0131n\u0131 engeller, -olu\u015fmu\u015f di\u015f ta\u015flar\u0131n\u0131n yok olmas\u0131 konusunda kesin sonu\u00e7lar verir. -\u00d6zellikle kemoterapi d\u00f6nemlerinde ve boyundaki kanserlere kar\u015f\u0131 \u0131\u015f\u0131n tedavilerinde, a\u011f\u0131z ve di\u015f sa\u011fl\u0131\u011f\u0131nda tuz kullan\u0131m\u0131 \u00e7ok \u00f6nemlidir. -I\u015f\u0131n tedavisi g\u00f6ren bir hastada di\u015flerin di\u015f macununa alternatif do\u011fal tuz\u2026","rel":"","context":"Benzer yaz\u0131","img":{"alt_text":"","src":"https:\/\/i0.wp.com\/buluttuz.com\/wp-content\/uploads\/2018\/09\/IMG_20220527_115959_500x500.jpg?fit=500%2C500&ssl=1&resize=350%2C200","width":350,"height":200},"classes":[]},{"id":207,"url":"https:\/\/buluttuz.com\/index.php\/urun\/dis-tuzu-sade\/","url_meta":{"origin":143,"position":5},"title":"Bulut Tuz Di\u015f Bak\u0131m Tuzu Sade 120 gr","date":"Eyl\u00fcl 22, 2018","format":false,"excerpt":"D\u0130\u015e BAKIM TUZU FAYDALARI Bulut Di\u015f Bak\u0131m Tuzlar\u0131 -\u00f6zellikle di\u015f ta\u015flar\u0131n\u0131n olu\u015fmas\u0131n\u0131 engeller, -olu\u015fmu\u015f di\u015f ta\u015flar\u0131n\u0131n yok olmas\u0131 konusunda kesin sonu\u00e7lar verir. -\u00d6zellikle kemoterapi d\u00f6nemlerinde ve boyundaki kanserlere kar\u015f\u0131 \u0131\u015f\u0131n tedavilerinde, a\u011f\u0131z ve di\u015f sa\u011fl\u0131\u011f\u0131nda tuz kullan\u0131m\u0131 \u00e7ok \u00f6nemlidir. -I\u015f\u0131n tedavisi g\u00f6ren bir hastada di\u015flerin di\u015f macununa alternatif do\u011fal tuz\u2026","rel":"","context":"Benzer yaz\u0131","img":{"alt_text":"","src":"https:\/\/i0.wp.com\/buluttuz.com\/wp-content\/uploads\/2018\/09\/IMG_20220527_120201-scaled.jpg?fit=558%2C1200&ssl=1&resize=350%2C200","width":350,"height":200},"classes":[]}],"_links":{"self":[{"href":"https:\/\/buluttuz.com\/index.php\/wp-json\/wp\/v2\/product\/143"}],"collection":[{"href":"https:\/\/buluttuz.com\/index.php\/wp-json\/wp\/v2\/product"}],"about":[{"href":"https:\/\/buluttuz.com\/index.php\/wp-json\/wp\/v2\/types\/product"}],"replies":[{"embeddable":true,"href":"https:\/\/buluttuz.com\/index.php\/wp-json\/wp\/v2\/comments?post=143"}],"wp:featuredmedia":[{"embeddable":true,"href":"https:\/\/buluttuz.com\/index.php\/wp-json\/wp\/v2\/media\/2978"}],"wp:attachment":[{"href":"https:\/\/buluttuz.com\/index.php\/wp-json\/wp\/v2\/media?parent=143"}],"wp:term":[{"taxonomy":"product_cat","embeddable":true,"href":"https:\/\/buluttuz.com\/index.php\/wp-json\/wp\/v2\/product_cat?post=143"},{"taxonomy":"product_tag","embeddable":true,"href":"https:\/\/buluttuz.com\/index.php\/wp-json\/wp\/v2\/product_tag?post=143"}],"curies":[{"name":"wp","href":"https:\/\/api.w.org\/{rel}","templated":true}]}}