{"id":914,"date":"2020-01-31T17:10:16","date_gmt":"2020-01-31T14:10:16","guid":{"rendered":"https:\/\/buluttuz.com\/?page_id=914"},"modified":"2020-01-31T18:59:40","modified_gmt":"2020-01-31T15:59:40","slug":"tuz-odasi-fotograflari","status":"publish","type":"page","link":"https:\/\/buluttuz.com\/index.php\/tuz-odasi-fotograflari\/","title":{"rendered":"Tuz Odas\u0131 Foto\u011fraflar\u0131"},"content":{"rendered":"\n<hr>\n\n\n\n<p><\/p>\n\n\n\n<h3><strong>Tuz Odalar\u0131 \u0130le \u0130lgili \u00d6rnek Foto\u011fraflar<\/strong><\/h3>\n\n\n\n<hr\/>\n\n\n\n<div data-carousel-extra='{\"blog_id\":1,\"permalink\":\"https:\\\/\\\/buluttuz.com\\\/index.php\\\/tuz-odasi-fotograflari\\\/\"}'  class=\"wp-block-jetpack-tiled-gallery alignwide is-style-square\"><div class=\"tiled-gallery__gallery\"><div class=\"tiled-gallery__row columns-3\"><div class=\"tiled-gallery__col\"><figure class=\"tiled-gallery__item\"><img decoding=\"async\" srcset=\"https:\/\/i0.wp.com\/buluttuz.com\/wp-content\/uploads\/2020\/01\/1-3.jpg?resize=600%2C600&#038;strip=info&#038;ssl=1 600w,https:\/\/i0.wp.com\/buluttuz.com\/wp-content\/uploads\/2020\/01\/1-3.jpg?resize=720%2C720&#038;strip=info&#038;ssl=1 720w\" alt=\"\" data-height=\"720\" data-id=\"1087\" data-link=\"https:\/\/buluttuz.com\/index.php\/tuz-odasi-fotograflari\/1-3\/\" data-url=\"https:\/\/buluttuz.com\/wp-content\/uploads\/2020\/01\/1-3.jpg\" data-width=\"960\" src=\"https:\/\/i0.wp.com\/buluttuz.com\/wp-content\/uploads\/2020\/01\/1-3.jpg?ssl=1&amp;resize=720%2C720\"\/><\/figure><\/div><div class=\"tiled-gallery__col\"><figure class=\"tiled-gallery__item\"><img decoding=\"async\" srcset=\"https:\/\/i1.wp.com\/buluttuz.com\/wp-content\/uploads\/2020\/01\/2-3.jpg?resize=600%2C600&#038;strip=info&#038;ssl=1 600w,https:\/\/i1.wp.com\/buluttuz.com\/wp-content\/uploads\/2020\/01\/2-3.jpg?resize=720%2C720&#038;strip=info&#038;ssl=1 720w\" alt=\"\" data-height=\"720\" data-id=\"1088\" data-link=\"https:\/\/buluttuz.com\/index.php\/tuz-odasi-fotograflari\/2-3\/\" data-url=\"https:\/\/buluttuz.com\/wp-content\/uploads\/2020\/01\/2-3.jpg\" data-width=\"960\" src=\"https:\/\/i1.wp.com\/buluttuz.com\/wp-content\/uploads\/2020\/01\/2-3.jpg?ssl=1&amp;resize=720%2C720\"\/><\/figure><\/div><div class=\"tiled-gallery__col\"><figure class=\"tiled-gallery__item\"><img decoding=\"async\" srcset=\"https:\/\/i2.wp.com\/buluttuz.com\/wp-content\/uploads\/2020\/01\/3-3.jpg?resize=600%2C600&#038;strip=info&#038;ssl=1 600w,https:\/\/i2.wp.com\/buluttuz.com\/wp-content\/uploads\/2020\/01\/3-3.jpg?resize=640%2C640&#038;strip=info&#038;ssl=1 640w\" alt=\"\" data-height=\"960\" data-id=\"1089\" data-link=\"https:\/\/buluttuz.com\/index.php\/tuz-odasi-fotograflari\/3-3\/\" data-url=\"https:\/\/buluttuz.com\/wp-content\/uploads\/2020\/01\/3-3.jpg\" data-width=\"640\" src=\"https:\/\/i2.wp.com\/buluttuz.com\/wp-content\/uploads\/2020\/01\/3-3.jpg?ssl=1&amp;resize=640%2C640\"\/><\/figure><\/div><\/div><div class=\"tiled-gallery__row columns-3\"><div class=\"tiled-gallery__col\"><figure class=\"tiled-gallery__item\"><img decoding=\"async\" srcset=\"https:\/\/i2.wp.com\/buluttuz.com\/wp-content\/uploads\/2020\/01\/4-3.jpg?resize=350%2C350&#038;strip=info&#038;ssl=1 350w\" alt=\"\" data-height=\"350\" data-id=\"1090\" data-link=\"https:\/\/buluttuz.com\/index.php\/tuz-odasi-fotograflari\/4-3\/\" data-url=\"https:\/\/buluttuz.com\/wp-content\/uploads\/2020\/01\/4-3.jpg\" data-width=\"660\" src=\"https:\/\/i2.wp.com\/buluttuz.com\/wp-content\/uploads\/2020\/01\/4-3.jpg?ssl=1&amp;resize=350%2C350\"\/><\/figure><\/div><div class=\"tiled-gallery__col\"><figure class=\"tiled-gallery__item\"><img decoding=\"async\" srcset=\"https:\/\/i1.wp.com\/buluttuz.com\/wp-content\/uploads\/2020\/01\/5-3.jpg?resize=360%2C360&#038;strip=info&#038;ssl=1 360w\" alt=\"\" data-height=\"360\" data-id=\"1091\" data-link=\"https:\/\/buluttuz.com\/index.php\/tuz-odasi-fotograflari\/5-3\/\" data-url=\"https:\/\/buluttuz.com\/wp-content\/uploads\/2020\/01\/5-3.jpg\" data-width=\"480\" src=\"https:\/\/i1.wp.com\/buluttuz.com\/wp-content\/uploads\/2020\/01\/5-3.jpg?ssl=1&amp;resize=360%2C360\"\/><\/figure><\/div><div class=\"tiled-gallery__col\"><figure class=\"tiled-gallery__item\"><img decoding=\"async\" srcset=\"https:\/\/i0.wp.com\/buluttuz.com\/wp-content\/uploads\/2020\/01\/6-3.jpg?resize=600%2C600&#038;strip=info&#038;ssl=1 600w\" alt=\"\" data-height=\"600\" data-id=\"1092\" data-link=\"https:\/\/buluttuz.com\/index.php\/tuz-odasi-fotograflari\/6-3\/\" data-url=\"https:\/\/buluttuz.com\/wp-content\/uploads\/2020\/01\/6-3.jpg\" data-width=\"800\" src=\"https:\/\/i0.wp.com\/buluttuz.com\/wp-content\/uploads\/2020\/01\/6-3.jpg?ssl=1&amp;resize=600%2C600\"\/><\/figure><\/div><\/div><div class=\"tiled-gallery__row columns-3\"><div class=\"tiled-gallery__col\"><figure class=\"tiled-gallery__item\"><img decoding=\"async\" srcset=\"https:\/\/i2.wp.com\/buluttuz.com\/wp-content\/uploads\/2020\/01\/7-3.jpg?resize=600%2C600&#038;strip=info&#038;ssl=1 600w,https:\/\/i2.wp.com\/buluttuz.com\/wp-content\/uploads\/2020\/01\/7-3.jpg?resize=637%2C637&#038;strip=info&#038;ssl=1 637w\" alt=\"\" data-height=\"637\" data-id=\"1093\" data-link=\"https:\/\/buluttuz.com\/index.php\/tuz-odasi-fotograflari\/7-3\/\" data-url=\"https:\/\/buluttuz.com\/wp-content\/uploads\/2020\/01\/7-3.jpg\" data-width=\"960\" src=\"https:\/\/i2.wp.com\/buluttuz.com\/wp-content\/uploads\/2020\/01\/7-3.jpg?ssl=1&amp;resize=637%2C637\"\/><\/figure><\/div><div class=\"tiled-gallery__col\"><figure class=\"tiled-gallery__item\"><img decoding=\"async\" srcset=\"https:\/\/i1.wp.com\/buluttuz.com\/wp-content\/uploads\/2020\/01\/8-3.jpg?resize=427%2C427&#038;strip=info&#038;ssl=1 427w\" alt=\"\" data-height=\"427\" data-id=\"1094\" data-link=\"https:\/\/buluttuz.com\/index.php\/tuz-odasi-fotograflari\/8-3\/\" data-url=\"https:\/\/buluttuz.com\/wp-content\/uploads\/2020\/01\/8-3.jpg\" data-width=\"640\" src=\"https:\/\/i1.wp.com\/buluttuz.com\/wp-content\/uploads\/2020\/01\/8-3.jpg?ssl=1&amp;resize=427%2C427\"\/><\/figure><\/div><div class=\"tiled-gallery__col\"><figure class=\"tiled-gallery__item\"><img decoding=\"async\" srcset=\"https:\/\/i0.wp.com\/buluttuz.com\/wp-content\/uploads\/2020\/01\/9-3.jpg?resize=531%2C531&#038;strip=info&#038;ssl=1 531w\" alt=\"\" data-height=\"531\" data-id=\"1095\" data-link=\"https:\/\/buluttuz.com\/index.php\/tuz-odasi-fotograflari\/9-3\/\" data-url=\"https:\/\/buluttuz.com\/wp-content\/uploads\/2020\/01\/9-3.jpg\" data-width=\"800\" src=\"https:\/\/i0.wp.com\/buluttuz.com\/wp-content\/uploads\/2020\/01\/9-3.jpg?ssl=1&amp;resize=531%2C531\"\/><\/figure><\/div><\/div><div class=\"tiled-gallery__row columns-3\"><div class=\"tiled-gallery__col\"><figure class=\"tiled-gallery__item\"><img decoding=\"async\" srcset=\"https:\/\/i0.wp.com\/buluttuz.com\/wp-content\/uploads\/2020\/01\/10-3.jpg?resize=500%2C500&#038;strip=info&#038;ssl=1 500w\" alt=\"\" data-height=\"500\" data-id=\"1096\" data-link=\"https:\/\/buluttuz.com\/index.php\/tuz-odasi-fotograflari\/10-3\/\" data-url=\"https:\/\/buluttuz.com\/wp-content\/uploads\/2020\/01\/10-3.jpg\" data-width=\"970\" src=\"https:\/\/i0.wp.com\/buluttuz.com\/wp-content\/uploads\/2020\/01\/10-3.jpg?ssl=1&amp;resize=500%2C500\"\/><\/figure><\/div><div class=\"tiled-gallery__col\"><figure class=\"tiled-gallery__item\"><img decoding=\"async\" srcset=\"https:\/\/i2.wp.com\/buluttuz.com\/wp-content\/uploads\/2020\/01\/11-3.jpg?resize=478%2C478&#038;strip=info&#038;ssl=1 478w\" alt=\"\" data-height=\"478\" data-id=\"1097\" data-link=\"https:\/\/buluttuz.com\/index.php\/tuz-odasi-fotograflari\/11-3\/\" data-url=\"https:\/\/buluttuz.com\/wp-content\/uploads\/2020\/01\/11-3.jpg\" data-width=\"720\" src=\"https:\/\/i2.wp.com\/buluttuz.com\/wp-content\/uploads\/2020\/01\/11-3.jpg?ssl=1&amp;resize=478%2C478\"\/><\/figure><\/div><div class=\"tiled-gallery__col\"><figure class=\"tiled-gallery__item\"><img decoding=\"async\" srcset=\"https:\/\/i1.wp.com\/buluttuz.com\/wp-content\/uploads\/2020\/01\/12-3.jpg?resize=300%2C300&#038;strip=info&#038;ssl=1 300w\" alt=\"\" data-height=\"300\" data-id=\"1098\" data-link=\"https:\/\/buluttuz.com\/index.php\/tuz-odasi-fotograflari\/12-3\/\" data-url=\"https:\/\/buluttuz.com\/wp-content\/uploads\/2020\/01\/12-3.jpg\" data-width=\"620\" src=\"https:\/\/i1.wp.com\/buluttuz.com\/wp-content\/uploads\/2020\/01\/12-3.jpg?ssl=1&amp;resize=300%2C300\"\/><\/figure><\/div><\/div><div class=\"tiled-gallery__row columns-3\"><div class=\"tiled-gallery__col\"><figure class=\"tiled-gallery__item\"><img decoding=\"async\" srcset=\"https:\/\/i0.wp.com\/buluttuz.com\/wp-content\/uploads\/2020\/01\/13-3.jpg?resize=600%2C600&#038;strip=info&#038;ssl=1 600w,https:\/\/i0.wp.com\/buluttuz.com\/wp-content\/uploads\/2020\/01\/13-3.jpg?resize=640%2C640&#038;strip=info&#038;ssl=1 640w\" alt=\"\" data-height=\"640\" data-id=\"1099\" data-link=\"https:\/\/buluttuz.com\/index.php\/tuz-odasi-fotograflari\/13-3\/\" data-url=\"https:\/\/buluttuz.com\/wp-content\/uploads\/2020\/01\/13-3.jpg\" data-width=\"960\" src=\"https:\/\/i0.wp.com\/buluttuz.com\/wp-content\/uploads\/2020\/01\/13-3.jpg?ssl=1&amp;resize=640%2C640\"\/><\/figure><\/div><div class=\"tiled-gallery__col\"><figure class=\"tiled-gallery__item\"><img decoding=\"async\" srcset=\"https:\/\/i2.wp.com\/buluttuz.com\/wp-content\/uploads\/2020\/01\/14-3.jpg?resize=600%2C600&#038;strip=info&#038;ssl=1 600w,https:\/\/i2.wp.com\/buluttuz.com\/wp-content\/uploads\/2020\/01\/14-3.jpg?resize=607%2C607&#038;strip=info&#038;ssl=1 607w\" alt=\"\" data-height=\"607\" data-id=\"1100\" data-link=\"https:\/\/buluttuz.com\/index.php\/tuz-odasi-fotograflari\/14-3\/\" data-url=\"https:\/\/buluttuz.com\/wp-content\/uploads\/2020\/01\/14-3.jpg\" data-width=\"918\" src=\"https:\/\/i2.wp.com\/buluttuz.com\/wp-content\/uploads\/2020\/01\/14-3.jpg?ssl=1&amp;resize=607%2C607\"\/><\/figure><\/div><div class=\"tiled-gallery__col\"><figure class=\"tiled-gallery__item\"><img decoding=\"async\" srcset=\"https:\/\/i2.wp.com\/buluttuz.com\/wp-content\/uploads\/2020\/01\/15-3.jpg?resize=219%2C219&#038;strip=info&#038;ssl=1 219w\" alt=\"\" data-height=\"219\" data-id=\"1101\" data-link=\"https:\/\/buluttuz.com\/index.php\/tuz-odasi-fotograflari\/15-3\/\" data-url=\"https:\/\/buluttuz.com\/wp-content\/uploads\/2020\/01\/15-3.jpg\" data-width=\"610\" src=\"https:\/\/i2.wp.com\/buluttuz.com\/wp-content\/uploads\/2020\/01\/15-3.jpg?ssl=1&amp;resize=219%2C219\"\/><\/figure><\/div><\/div><div class=\"tiled-gallery__row columns-3\"><div class=\"tiled-gallery__col\"><figure class=\"tiled-gallery__item\"><img decoding=\"async\" srcset=\"https:\/\/i2.wp.com\/buluttuz.com\/wp-content\/uploads\/2020\/01\/16-3.jpg?resize=488%2C488&#038;strip=info&#038;ssl=1 488w\" alt=\"\" data-height=\"488\" data-id=\"1102\" data-link=\"https:\/\/buluttuz.com\/index.php\/tuz-odasi-fotograflari\/16-3\/\" data-url=\"https:\/\/buluttuz.com\/wp-content\/uploads\/2020\/01\/16-3.jpg\" data-width=\"650\" src=\"https:\/\/i2.wp.com\/buluttuz.com\/wp-content\/uploads\/2020\/01\/16-3.jpg?ssl=1&amp;resize=488%2C488\"\/><\/figure><\/div><div class=\"tiled-gallery__col\"><figure class=\"tiled-gallery__item\"><img decoding=\"async\" srcset=\"https:\/\/i0.wp.com\/buluttuz.com\/wp-content\/uploads\/2020\/01\/17-3.jpg?resize=488%2C488&#038;strip=info&#038;ssl=1 488w\" alt=\"\" data-height=\"488\" data-id=\"1103\" data-link=\"https:\/\/buluttuz.com\/index.php\/tuz-odasi-fotograflari\/17-3\/\" data-url=\"https:\/\/buluttuz.com\/wp-content\/uploads\/2020\/01\/17-3.jpg\" data-width=\"650\" src=\"https:\/\/i0.wp.com\/buluttuz.com\/wp-content\/uploads\/2020\/01\/17-3.jpg?ssl=1&amp;resize=488%2C488\"\/><\/figure><\/div><div class=\"tiled-gallery__col\"><figure class=\"tiled-gallery__item\"><img decoding=\"async\" srcset=\"https:\/\/i2.wp.com\/buluttuz.com\/wp-content\/uploads\/2020\/01\/18-3.jpg?resize=326%2C326&#038;strip=info&#038;ssl=1 326w\" alt=\"\" data-height=\"326\" data-id=\"1104\" data-link=\"https:\/\/buluttuz.com\/index.php\/tuz-odasi-fotograflari\/18-3\/\" data-url=\"https:\/\/buluttuz.com\/wp-content\/uploads\/2020\/01\/18-3.jpg\" data-width=\"600\" src=\"https:\/\/i2.wp.com\/buluttuz.com\/wp-content\/uploads\/2020\/01\/18-3.jpg?ssl=1&amp;resize=326%2C326\"\/><\/figure><\/div><\/div><div class=\"tiled-gallery__row columns-3\"><div class=\"tiled-gallery__col\"><figure class=\"tiled-gallery__item\"><img decoding=\"async\" srcset=\"https:\/\/i2.wp.com\/buluttuz.com\/wp-content\/uploads\/2020\/01\/19-3.jpg?resize=403%2C403&#038;strip=info&#038;ssl=1 403w\" alt=\"\" data-height=\"403\" data-id=\"1105\" data-link=\"https:\/\/buluttuz.com\/index.php\/tuz-odasi-fotograflari\/19-3\/\" data-url=\"https:\/\/buluttuz.com\/wp-content\/uploads\/2020\/01\/19-3.jpg\" data-width=\"750\" src=\"https:\/\/i2.wp.com\/buluttuz.com\/wp-content\/uploads\/2020\/01\/19-3.jpg?ssl=1&amp;resize=403%2C403\"\/><\/figure><\/div><div class=\"tiled-gallery__col\"><figure class=\"tiled-gallery__item\"><img decoding=\"async\" srcset=\"https:\/\/i1.wp.com\/buluttuz.com\/wp-content\/uploads\/2020\/01\/20-3.jpg?resize=340%2C340&#038;strip=info&#038;ssl=1 340w\" alt=\"\" data-height=\"340\" data-id=\"1106\" data-link=\"https:\/\/buluttuz.com\/index.php\/tuz-odasi-fotograflari\/20-3\/\" data-url=\"https:\/\/buluttuz.com\/wp-content\/uploads\/2020\/01\/20-3.jpg\" data-width=\"453\" src=\"https:\/\/i1.wp.com\/buluttuz.com\/wp-content\/uploads\/2020\/01\/20-3.jpg?ssl=1&amp;resize=340%2C340\"\/><\/figure><\/div><div class=\"tiled-gallery__col\"><figure class=\"tiled-gallery__item\"><img decoding=\"async\" srcset=\"https:\/\/i2.wp.com\/buluttuz.com\/wp-content\/uploads\/2020\/01\/21-3.jpg?resize=488%2C488&#038;strip=info&#038;ssl=1 488w\" alt=\"\" data-height=\"488\" data-id=\"1107\" data-link=\"https:\/\/buluttuz.com\/index.php\/tuz-odasi-fotograflari\/21-3\/\" data-url=\"https:\/\/buluttuz.com\/wp-content\/uploads\/2020\/01\/21-3.jpg\" data-width=\"650\" src=\"https:\/\/i2.wp.com\/buluttuz.com\/wp-content\/uploads\/2020\/01\/21-3.jpg?ssl=1&amp;resize=488%2C488\"\/><\/figure><\/div><\/div><div class=\"tiled-gallery__row columns-3\"><div class=\"tiled-gallery__col\"><figure class=\"tiled-gallery__item\"><img decoding=\"async\" srcset=\"https:\/\/i1.wp.com\/buluttuz.com\/wp-content\/uploads\/2020\/01\/22-3.jpg?resize=600%2C600&#038;strip=info&#038;ssl=1 600w,https:\/\/i1.wp.com\/buluttuz.com\/wp-content\/uploads\/2020\/01\/22-3.jpg?resize=900%2C900&#038;strip=info&#038;ssl=1 900w,https:\/\/i1.wp.com\/buluttuz.com\/wp-content\/uploads\/2020\/01\/22-3.jpg?resize=1080%2C1080&#038;strip=info&#038;ssl=1 1080w\" alt=\"\" data-height=\"1080\" data-id=\"1108\" data-link=\"https:\/\/buluttuz.com\/index.php\/tuz-odasi-fotograflari\/22-3\/\" data-url=\"https:\/\/buluttuz.com\/wp-content\/uploads\/2020\/01\/22-3.jpg\" data-width=\"1920\" src=\"https:\/\/i1.wp.com\/buluttuz.com\/wp-content\/uploads\/2020\/01\/22-3.jpg?ssl=1&amp;resize=1080%2C1080\"\/><\/figure><\/div><div class=\"tiled-gallery__col\"><figure class=\"tiled-gallery__item\"><img decoding=\"async\" srcset=\"https:\/\/i2.wp.com\/buluttuz.com\/wp-content\/uploads\/2020\/01\/23-3.jpg?resize=400%2C400&#038;strip=info&#038;ssl=1 400w\" alt=\"\" data-height=\"400\" data-id=\"1109\" data-link=\"https:\/\/buluttuz.com\/index.php\/tuz-odasi-fotograflari\/23-3\/\" data-url=\"https:\/\/buluttuz.com\/wp-content\/uploads\/2020\/01\/23-3.jpg\" data-width=\"600\" src=\"https:\/\/i2.wp.com\/buluttuz.com\/wp-content\/uploads\/2020\/01\/23-3.jpg?ssl=1&amp;resize=400%2C400\"\/><\/figure><\/div><div class=\"tiled-gallery__col\"><figure class=\"tiled-gallery__item\"><img decoding=\"async\" srcset=\"https:\/\/i2.wp.com\/buluttuz.com\/wp-content\/uploads\/2020\/01\/24-3.jpg?resize=600%2C600&#038;strip=info&#038;ssl=1 600w,https:\/\/i2.wp.com\/buluttuz.com\/wp-content\/uploads\/2020\/01\/24-3.jpg?resize=900%2C900&#038;strip=info&#038;ssl=1 900w\" alt=\"\" data-height=\"1200\" data-id=\"1110\" data-link=\"https:\/\/buluttuz.com\/index.php\/tuz-odasi-fotograflari\/24-3\/\" data-url=\"https:\/\/buluttuz.com\/wp-content\/uploads\/2020\/01\/24-3.jpg\" data-width=\"900\" src=\"https:\/\/i2.wp.com\/buluttuz.com\/wp-content\/uploads\/2020\/01\/24-3.jpg?ssl=1&amp;resize=900%2C900\"\/><\/figure><\/div><\/div><div class=\"tiled-gallery__row columns-3\"><div class=\"tiled-gallery__col\"><figure class=\"tiled-gallery__item\"><img decoding=\"async\" srcset=\"https:\/\/i2.wp.com\/buluttuz.com\/wp-content\/uploads\/2020\/01\/25-3.jpg?resize=388%2C388&#038;strip=info&#038;ssl=1 388w\" alt=\"\" data-height=\"388\" data-id=\"1111\" data-link=\"https:\/\/buluttuz.com\/index.php\/tuz-odasi-fotograflari\/25-3\/\" data-url=\"https:\/\/buluttuz.com\/wp-content\/uploads\/2020\/01\/25-3.jpg\" data-width=\"629\" src=\"https:\/\/i2.wp.com\/buluttuz.com\/wp-content\/uploads\/2020\/01\/25-3.jpg?ssl=1&amp;resize=388%2C388\"\/><\/figure><\/div><div class=\"tiled-gallery__col\"><figure class=\"tiled-gallery__item\"><img decoding=\"async\" srcset=\"https:\/\/i1.wp.com\/buluttuz.com\/wp-content\/uploads\/2020\/01\/26-2.jpeg?resize=600%2C600&#038;strip=info&#038;ssl=1 600w,https:\/\/i1.wp.com\/buluttuz.com\/wp-content\/uploads\/2020\/01\/26-2.jpeg?resize=750%2C750&#038;strip=info&#038;ssl=1 750w\" alt=\"\" data-height=\"750\" data-id=\"1112\" data-link=\"https:\/\/buluttuz.com\/index.php\/tuz-odasi-fotograflari\/26-2\/\" data-url=\"https:\/\/buluttuz.com\/wp-content\/uploads\/2020\/01\/26-2.jpeg\" data-width=\"1000\" src=\"https:\/\/i1.wp.com\/buluttuz.com\/wp-content\/uploads\/2020\/01\/26-2.jpeg?ssl=1&amp;resize=750%2C750\"\/><\/figure><\/div><div class=\"tiled-gallery__col\"><figure class=\"tiled-gallery__item\"><img decoding=\"async\" srcset=\"https:\/\/i0.wp.com\/buluttuz.com\/wp-content\/uploads\/2020\/01\/27-2.jpg?resize=298%2C298&#038;strip=info&#038;ssl=1 298w\" alt=\"\" data-height=\"298\" data-id=\"1113\" data-link=\"https:\/\/buluttuz.com\/index.php\/tuz-odasi-fotograflari\/27-2\/\" data-url=\"https:\/\/buluttuz.com\/wp-content\/uploads\/2020\/01\/27-2.jpg\" data-width=\"479\" src=\"https:\/\/i0.wp.com\/buluttuz.com\/wp-content\/uploads\/2020\/01\/27-2.jpg?ssl=1&amp;resize=298%2C298\"\/><\/figure><\/div><\/div><\/div><\/div>\n","protected":false},"excerpt":{"rendered":"<p>Tuz Odalar\u0131 \u0130le \u0130lgili \u00d6rnek Foto\u011fraflar<\/p>\n","protected":false},"author":1,"featured_media":0,"parent":0,"menu_order":0,"comment_status":"closed","ping_status":"closed","template":"","meta":{"jetpack_post_was_ever_published":false},"aioseo_notices":[],"jetpack_sharing_enabled":true,"jetpack_shortlink":"https:\/\/wp.me\/P9Dbu7-eK","jetpack-related-posts":[{"id":953,"url":"https:\/\/buluttuz.com\/index.php\/tuz-odasi-nedir\/","url_meta":{"origin":914,"position":0},"title":"Tuz Odas\u0131 Nedir ?","date":"Ocak 31, 2020","format":false,"excerpt":"Tuz Odas\u0131n\u0131n Amac\u0131 Nedir ? Bir tuz odas\u0131 m\u00fcmk\u00fcn oldu\u011fu kadar do\u011fal tuz ma\u011faralar\u0131na benzer olmal\u0131d\u0131r. Yeralt\u0131nda bulunan tuz ma\u011faralar\u0131ndaki hava tuz mikronlar\u0131 ve iyonlar bak\u0131m\u0131ndan zengindir. Tuz odas\u0131 da ba\u011f\u0131\u015f\u0131kl\u0131k sistemi i\u00e7in faydal\u0131 negatif iyonlarla ve v\u00fccudun balgam ile mukus salg\u0131lamas\u0131na yard\u0131mc\u0131 olan mikroskobik tuz partik\u00fclleri ile doludur. Tuz\u2026","rel":"","context":"Benzer yaz\u0131","img":{"alt_text":"","src":"https:\/\/i0.wp.com\/img.youtube.com\/vi\/rl9sN2TYIgc\/0.jpg?resize=350%2C200","width":350,"height":200},"classes":[]},{"id":912,"url":"https:\/\/buluttuz.com\/index.php\/tuz-odasi-kurulumu\/","url_meta":{"origin":914,"position":1},"title":"Tuz Odas\u0131 Kurulumu","date":"Ocak 31, 2020","format":false,"excerpt":"Tuz Odas\u0131 Kurulumu Nas\u0131l Yap\u0131l\u0131r ? Yer belirlenir.Tasar\u0131m se\u00e7ilir.Proje Tasarlan\u0131r.Gerekli malzemeler haz\u0131rlan\u0131r.\u0130n\u015faat yer belirleme, tasar\u0131m, Havaland\u0131rma ve klima sistemleri dikkate al\u0131narak yap\u0131l\u0131r.Uzman kadro yapar.Tuz kaplama yap\u0131l\u0131r.Cihaz kurulumu yap\u0131l\u0131r.Personel e\u011fitimi verilir. Halojenerat\u00f6r\u00a0 kurulur. Sens\u00f6rler. Temiz hava fan\u0131. \u00c7\u0131k\u0131\u015f fan\u0131. Ultrasonik sal\u0131nizer cihaz koyulur do\u011fal ortam\u0131ndaki tuzlu havan\u0131n \u015fifal\u0131 etkisini taklit eder.\u2026","rel":"","context":"Benzer yaz\u0131","img":{"alt_text":"","src":"","width":0,"height":0},"classes":[]},{"id":908,"url":"https:\/\/buluttuz.com\/index.php\/saman-yataklari\/","url_meta":{"origin":914,"position":2},"title":"Saman Yataklar\u0131","date":"Ocak 31, 2020","format":false,"excerpt":"Saman Yata\u011f\u0131 Nedir ? Saman odas\u0131 eskiden g\u00fcn\u00fcm\u00fcze ta\u015f\u0131nan bir k\u00fclt\u00fcrd\u00fcr asl\u0131nda, ilk olarak \u015eamanizm d\u00f6nemlerinde ba\u015flayarak yayg\u0131n kullan\u0131lmaya ba\u015flam\u0131\u015ft\u0131r. Zamanla k\u00fclt\u00fcrel de\u011fi\u015fiklerden dolay\u0131 kaybolmu\u015ftur. Saman odas\u0131n\u0131n as\u0131l amac\u0131 do\u011fal olarak 36\u00b0C ile 38\u00b0C aras\u0131nda ki\u015finin terleyerek v\u00fccuttaki toksinlerini atmas\u0131 ve bron\u015flar\u0131 a\u00e7mas\u0131d\u0131r. Sauna ve buhar odas\u0131 gibi yo\u011fun s\u0131cak\u2026","rel":"","context":"Benzer yaz\u0131","img":{"alt_text":"","src":"","width":0,"height":0},"classes":[]},{"id":1144,"url":"https:\/\/buluttuz.com\/index.php\/tuz-odasi-videolari\/","url_meta":{"origin":914,"position":3},"title":"Tuz Odas\u0131 Videolar\u0131","date":"\u015eubat 1, 2020","format":false,"excerpt":"https:\/\/youtu.be\/rl9sN2TYIgc https:\/\/www.youtube.com\/watch?v=b_WqJGW1HFg https:\/\/www.youtube.com\/watch?v=Zs03p1iBRQQ&feature=youtu.be https:\/\/www.youtube.com\/watch?v=oIUfzw00-YE&feature=youtu.be","rel":"","context":"Benzer yaz\u0131","img":{"alt_text":"","src":"https:\/\/i0.wp.com\/img.youtube.com\/vi\/rl9sN2TYIgc\/0.jpg?resize=350%2C200","width":350,"height":200},"classes":[]},{"id":26,"url":"https:\/\/buluttuz.com\/index.php\/hakkimizda\/","url_meta":{"origin":914,"position":4},"title":"Hakk\u0131m\u0131zda","date":"Temmuz 9, 2018","format":false,"excerpt":"Unvan: BULUT TUZ GIDA MEDYA DANI\u015eMANLIK \u0130N\u015eAAT SANAY\u0130 T\u0130CARET L\u0130M\u0130TED \u015e\u0130RKET\u0130 Adres: Pursaklar Ta\u00e7 Sokak, No: 7\/A 06145 Pursaklar \/ Ankara Telefon: +905369590818 E-mail: info@buluttuz.com Vergi Dairesi: D\u0131\u015fkap\u0131 V.D. Vergi Numaras\u0131: 1901400581 M\u00fc\u015fteri Hizmetleri ve Destek: info@buluttuz.com Vizyonumuz: Bulut Tuz olarak May\u0131s 2014'den beri faaliyet g\u00f6stermekteyiz. Tuz sekt\u00f6r\u00fc i\u00e7erisinde; firmam\u0131z\u0131\u2026","rel":"","context":"Benzer yaz\u0131","img":{"alt_text":"","src":"","width":0,"height":0},"classes":[]},{"id":3,"url":"https:\/\/buluttuz.com\/index.php\/gizlilik-politikasi\/","url_meta":{"origin":914,"position":5},"title":"Gizlilik Politikas\u0131","date":"Temmuz 9, 2018","format":false,"excerpt":"\u00dcyelik veya site \u00fczerindeki \u00e7e\u015fitli form ve anketlerin doldurulmas\u0131 suretiyle \u00fcyelerin kendileriyle ilgili bir tak\u0131m ki\u015fisel bilgiler (ad, soyad, firma bilgileri, telefon, adres veya e-posta adresleri gibi) i\u015fin do\u011fas\u0131 gere\u011fi firmam\u0131z taraf\u0131ndan toplanmaktad\u0131r. Firmam\u0131z baz\u0131 d\u00f6nemlerde m\u00fc\u015fterilerine ve \u00fcyelerine kampanya bilgileri, yeni \u00fcr\u00fcnler hakk\u0131nda bilgiler, promosyon teklifleri g\u00f6nderebilir. Site \u00fczerinden\u2026","rel":"","context":"Benzer yaz\u0131","img":{"alt_text":"","src":"","width":0,"height":0},"classes":[]}],"_links":{"self":[{"href":"https:\/\/buluttuz.com\/index.php\/wp-json\/wp\/v2\/pages\/914"}],"collection":[{"href":"https:\/\/buluttuz.com\/index.php\/wp-json\/wp\/v2\/pages"}],"about":[{"href":"https:\/\/buluttuz.com\/index.php\/wp-json\/wp\/v2\/types\/page"}],"author":[{"embeddable":true,"href":"https:\/\/buluttuz.com\/index.php\/wp-json\/wp\/v2\/users\/1"}],"replies":[{"embeddable":true,"href":"https:\/\/buluttuz.com\/index.php\/wp-json\/wp\/v2\/comments?post=914"}],"version-history":[{"count":8,"href":"https:\/\/buluttuz.com\/index.php\/wp-json\/wp\/v2\/pages\/914\/revisions"}],"predecessor-version":[{"id":1114,"href":"https:\/\/buluttuz.com\/index.php\/wp-json\/wp\/v2\/pages\/914\/revisions\/1114"}],"wp:attachment":[{"href":"https:\/\/buluttuz.com\/index.php\/wp-json\/wp\/v2\/media?parent=914"}],"curies":[{"name":"wp","href":"https:\/\/api.w.org\/{rel}","templated":true}]}}