{"id":910,"date":"2020-01-31T17:09:01","date_gmt":"2020-01-31T14:09:01","guid":{"rendered":"https:\/\/buluttuz.com\/?page_id=910"},"modified":"2020-02-01T20:34:54","modified_gmt":"2020-02-01T17:34:54","slug":"halo-jenerator","status":"publish","type":"page","link":"https:\/\/buluttuz.com\/index.php\/halo-jenerator\/","title":{"rendered":"Halo Jenerat\u00f6r"},"content":{"rendered":"\n<hr>\n\n\n\n<h4><strong>Halo Jenerat\u00f6r Nedir ?<\/strong><\/h4>\n\n\n\n<p>Tuz jenerat\u00f6r\u00fc tuz odas\u0131n\u0131n ana unsurudur. Jenerat\u00f6rs\u00fcz oda olmaz, \u00e7\u00fcnk\u00fc tedavide asl olan iyon \u00fcretimidir. Buda jenerat\u00f6r vas\u0131tas\u0131yla olur.odada devaml\u0131 aeresollu bir ortam olmas\u0131 gerekir.  G\u00fc\u00e7l\u00fc motoru sayesinde s\u00fcrekli canl\u0131 aerosol ak\u0131\u015f\u0131 sa\u011flar. Odan\u0131n b\u00fcy\u00fckl\u00fc\u011f\u00fcne g\u00f6re konsantrasyonu 5 ve 25 mg\/m3 aras\u0131nda ayarlanabilir.  \u0130yonmatik insan sagl\u0131g\u0131na zararl\u0131 metallerden uzak d\u0131\u015f kasa ah\u015fap metal k\u0131s\u0131mlar\u0131 316 kalite krom malzemeden \u00fcretilmi\u015ftir.  Teknik \u00f6zellikleri i\u00e7in bilgi al\u0131n\u0131z. <\/p>\n\n\n\n<p><\/p>\n\n\n\n<div data-carousel-extra='{\"blog_id\":1,\"permalink\":\"https:\\\/\\\/buluttuz.com\\\/index.php\\\/halo-jenerator\\\/\"}'  class=\"wp-block-jetpack-tiled-gallery alignwide is-style-columns\"><div class=\"tiled-gallery__gallery\"><div class=\"tiled-gallery__row\"><div class=\"tiled-gallery__col\"><figure class=\"tiled-gallery__item\"><img decoding=\"async\" srcset=\"https:\/\/i2.wp.com\/buluttuz.com\/wp-content\/uploads\/2020\/01\/1-5.jpg?strip=info&#038;w=600&#038;ssl=1 600w,https:\/\/i2.wp.com\/buluttuz.com\/wp-content\/uploads\/2020\/01\/1-5.jpg?strip=info&#038;w=900&#038;ssl=1 900w,https:\/\/i2.wp.com\/buluttuz.com\/wp-content\/uploads\/2020\/01\/1-5.jpg?strip=info&#038;w=1200&#038;ssl=1 1200w,https:\/\/i2.wp.com\/buluttuz.com\/wp-content\/uploads\/2020\/01\/1-5.jpg?strip=info&#038;w=1500&#038;ssl=1 1500w,https:\/\/i2.wp.com\/buluttuz.com\/wp-content\/uploads\/2020\/01\/1-5.jpg?strip=info&#038;w=1800&#038;ssl=1 1800w,https:\/\/i2.wp.com\/buluttuz.com\/wp-content\/uploads\/2020\/01\/1-5.jpg?strip=info&#038;w=2000&#038;ssl=1 2000w\" alt=\"\" data-height=\"2448\" data-id=\"1136\" data-link=\"https:\/\/buluttuz.com\/index.php\/halo-jenerator\/1-5\/\" data-url=\"https:\/\/buluttuz.com\/wp-content\/uploads\/2020\/01\/1-5.jpg\" data-width=\"3264\" src=\"https:\/\/i2.wp.com\/buluttuz.com\/wp-content\/uploads\/2020\/01\/1-5.jpg?ssl=1\"\/><\/figure><\/div><div class=\"tiled-gallery__col\"><figure class=\"tiled-gallery__item\"><img decoding=\"async\" srcset=\"https:\/\/i2.wp.com\/buluttuz.com\/wp-content\/uploads\/2020\/01\/2-5.jpg?strip=info&#038;w=600&#038;ssl=1 600w,https:\/\/i2.wp.com\/buluttuz.com\/wp-content\/uploads\/2020\/01\/2-5.jpg?strip=info&#038;w=900&#038;ssl=1 900w,https:\/\/i2.wp.com\/buluttuz.com\/wp-content\/uploads\/2020\/01\/2-5.jpg?strip=info&#038;w=1200&#038;ssl=1 1200w\" alt=\"\" data-height=\"1571\" data-id=\"1137\" data-link=\"https:\/\/buluttuz.com\/index.php\/halo-jenerator\/2-5-2\/\" data-url=\"https:\/\/buluttuz.com\/wp-content\/uploads\/2020\/01\/2-5.jpg\" data-width=\"1200\" src=\"https:\/\/i2.wp.com\/buluttuz.com\/wp-content\/uploads\/2020\/01\/2-5.jpg?ssl=1\"\/><\/figure><figure class=\"tiled-gallery__item\"><img decoding=\"async\" srcset=\"https:\/\/i0.wp.com\/buluttuz.com\/wp-content\/uploads\/2020\/01\/3-5.jpg?strip=info&#038;w=600&#038;ssl=1 600w,https:\/\/i0.wp.com\/buluttuz.com\/wp-content\/uploads\/2020\/01\/3-5.jpg?strip=info&#038;w=900&#038;ssl=1 900w,https:\/\/i0.wp.com\/buluttuz.com\/wp-content\/uploads\/2020\/01\/3-5.jpg?strip=info&#038;w=1200&#038;ssl=1 1200w\" alt=\"\" data-height=\"1671\" data-id=\"1138\" data-link=\"https:\/\/buluttuz.com\/index.php\/halo-jenerator\/3-5-2\/\" data-url=\"https:\/\/buluttuz.com\/wp-content\/uploads\/2020\/01\/3-5.jpg\" data-width=\"1200\" src=\"https:\/\/i0.wp.com\/buluttuz.com\/wp-content\/uploads\/2020\/01\/3-5.jpg?ssl=1\"\/><\/figure><\/div><div class=\"tiled-gallery__col\"><figure class=\"tiled-gallery__item\"><img decoding=\"async\" srcset=\"https:\/\/i2.wp.com\/buluttuz.com\/wp-content\/uploads\/2020\/01\/4-5.jpg?strip=info&#038;w=600&#038;ssl=1 600w,https:\/\/i2.wp.com\/buluttuz.com\/wp-content\/uploads\/2020\/01\/4-5.jpg?strip=info&#038;w=900&#038;ssl=1 900w,https:\/\/i2.wp.com\/buluttuz.com\/wp-content\/uploads\/2020\/01\/4-5.jpg?strip=info&#038;w=1200&#038;ssl=1 1200w\" alt=\"\" data-height=\"1672\" data-id=\"1139\" data-link=\"https:\/\/buluttuz.com\/index.php\/halo-jenerator\/4-5-2\/\" data-url=\"https:\/\/buluttuz.com\/wp-content\/uploads\/2020\/01\/4-5.jpg\" data-width=\"1200\" src=\"https:\/\/i2.wp.com\/buluttuz.com\/wp-content\/uploads\/2020\/01\/4-5.jpg?ssl=1\"\/><\/figure><\/div><\/div><\/div><\/div>\n\n\n\n<hr\/>\n\n\n\n<figure class=\"wp-block-embed-youtube alignwide wp-block-embed is-type-video is-provider-youtube wp-embed-aspect-4-3 wp-has-aspect-ratio\"><div class=\"wp-block-embed__wrapper\">\n<span class=\"embed-youtube\" style=\"text-align:center; display: block;\"><iframe loading=\"lazy\" class=\"youtube-player\" width=\"980\" height=\"552\" src=\"https:\/\/www.youtube.com\/embed\/Z9WKQbsdBTU?version=3&#038;rel=1&#038;showsearch=0&#038;showinfo=1&#038;iv_load_policy=1&#038;fs=1&#038;hl=tr-TR&#038;autohide=2&#038;wmode=transparent\" allowfullscreen=\"true\" style=\"border:0;\" sandbox=\"allow-scripts allow-same-origin allow-popups allow-presentation\"><\/iframe><\/span>\n<\/div><\/figure>\n","protected":false},"excerpt":{"rendered":"<p>Halo Jenerat\u00f6r Nedir ? Tuz jenerat\u00f6r\u00fc tuz odas\u0131n\u0131n ana unsurudur. Jenerat\u00f6rs\u00fcz oda olmaz, \u00e7\u00fcnk\u00fc tedavide asl olan iyon \u00fcretimidir. Buda jenerat\u00f6r vas\u0131tas\u0131yla olur.odada devaml\u0131 aeresollu bir ortam olmas\u0131 gerekir. G\u00fc\u00e7l\u00fc motoru sayesinde s\u00fcrekli canl\u0131 aerosol ak\u0131\u015f\u0131 sa\u011flar. Odan\u0131n b\u00fcy\u00fckl\u00fc\u011f\u00fcne g\u00f6re konsantrasyonu 5 ve 25 mg\/m3 aras\u0131nda ayarlanabilir. \u0130yonmatik insan sagl\u0131g\u0131na zararl\u0131 metallerden uzak d\u0131\u015f kasa [&hellip;]<\/p>\n","protected":false},"author":1,"featured_media":0,"parent":0,"menu_order":0,"comment_status":"closed","ping_status":"closed","template":"","meta":{"jetpack_post_was_ever_published":false},"aioseo_notices":[],"jetpack_sharing_enabled":true,"jetpack_shortlink":"https:\/\/wp.me\/P9Dbu7-eG","jetpack-related-posts":[{"id":912,"url":"https:\/\/buluttuz.com\/index.php\/tuz-odasi-kurulumu\/","url_meta":{"origin":910,"position":0},"title":"Tuz Odas\u0131 Kurulumu","date":"Ocak 31, 2020","format":false,"excerpt":"Tuz Odas\u0131 Kurulumu Nas\u0131l Yap\u0131l\u0131r ? Yer belirlenir.Tasar\u0131m se\u00e7ilir.Proje Tasarlan\u0131r.Gerekli malzemeler haz\u0131rlan\u0131r.\u0130n\u015faat yer belirleme, tasar\u0131m, Havaland\u0131rma ve klima sistemleri dikkate al\u0131narak yap\u0131l\u0131r.Uzman kadro yapar.Tuz kaplama yap\u0131l\u0131r.Cihaz kurulumu yap\u0131l\u0131r.Personel e\u011fitimi verilir. Halojenerat\u00f6r\u00a0 kurulur. Sens\u00f6rler. Temiz hava fan\u0131. \u00c7\u0131k\u0131\u015f fan\u0131. Ultrasonik sal\u0131nizer cihaz koyulur do\u011fal ortam\u0131ndaki tuzlu havan\u0131n \u015fifal\u0131 etkisini taklit eder.\u2026","rel":"","context":"Benzer yaz\u0131","img":{"alt_text":"","src":"","width":0,"height":0},"classes":[]},{"id":953,"url":"https:\/\/buluttuz.com\/index.php\/tuz-odasi-nedir\/","url_meta":{"origin":910,"position":1},"title":"Tuz Odas\u0131 Nedir ?","date":"Ocak 31, 2020","format":false,"excerpt":"Tuz Odas\u0131n\u0131n Amac\u0131 Nedir ? Bir tuz odas\u0131 m\u00fcmk\u00fcn oldu\u011fu kadar do\u011fal tuz ma\u011faralar\u0131na benzer olmal\u0131d\u0131r. Yeralt\u0131nda bulunan tuz ma\u011faralar\u0131ndaki hava tuz mikronlar\u0131 ve iyonlar bak\u0131m\u0131ndan zengindir. Tuz odas\u0131 da ba\u011f\u0131\u015f\u0131kl\u0131k sistemi i\u00e7in faydal\u0131 negatif iyonlarla ve v\u00fccudun balgam ile mukus salg\u0131lamas\u0131na yard\u0131mc\u0131 olan mikroskobik tuz partik\u00fclleri ile doludur. Tuz\u2026","rel":"","context":"Benzer yaz\u0131","img":{"alt_text":"","src":"https:\/\/i0.wp.com\/img.youtube.com\/vi\/rl9sN2TYIgc\/0.jpg?resize=350%2C200","width":350,"height":200},"classes":[]},{"id":914,"url":"https:\/\/buluttuz.com\/index.php\/tuz-odasi-fotograflari\/","url_meta":{"origin":910,"position":2},"title":"Tuz Odas\u0131 Foto\u011fraflar\u0131","date":"Ocak 31, 2020","format":false,"excerpt":"Tuz Odalar\u0131 \u0130le \u0130lgili \u00d6rnek Foto\u011fraflar","rel":"","context":"Benzer yaz\u0131","img":{"alt_text":"","src":"","width":0,"height":0},"classes":[]},{"id":1144,"url":"https:\/\/buluttuz.com\/index.php\/tuz-odasi-videolari\/","url_meta":{"origin":910,"position":3},"title":"Tuz Odas\u0131 Videolar\u0131","date":"\u015eubat 1, 2020","format":false,"excerpt":"https:\/\/youtu.be\/rl9sN2TYIgc https:\/\/www.youtube.com\/watch?v=b_WqJGW1HFg https:\/\/www.youtube.com\/watch?v=Zs03p1iBRQQ&feature=youtu.be https:\/\/www.youtube.com\/watch?v=oIUfzw00-YE&feature=youtu.be","rel":"","context":"Benzer yaz\u0131","img":{"alt_text":"","src":"https:\/\/i0.wp.com\/img.youtube.com\/vi\/rl9sN2TYIgc\/0.jpg?resize=350%2C200","width":350,"height":200},"classes":[]},{"id":26,"url":"https:\/\/buluttuz.com\/index.php\/hakkimizda\/","url_meta":{"origin":910,"position":4},"title":"Hakk\u0131m\u0131zda","date":"Temmuz 9, 2018","format":false,"excerpt":"Unvan: BULUT TUZ GIDA MEDYA DANI\u015eMANLIK \u0130N\u015eAAT SANAY\u0130 T\u0130CARET L\u0130M\u0130TED \u015e\u0130RKET\u0130 Adres: Pursaklar Ta\u00e7 Sokak, No: 7\/A 06145 Pursaklar \/ Ankara Telefon: +905369590818 E-mail: info@buluttuz.com Vergi Dairesi: D\u0131\u015fkap\u0131 V.D. Vergi Numaras\u0131: 1901400581 M\u00fc\u015fteri Hizmetleri ve Destek: info@buluttuz.com Vizyonumuz: Bulut Tuz olarak May\u0131s 2014'den beri faaliyet g\u00f6stermekteyiz. Tuz sekt\u00f6r\u00fc i\u00e7erisinde; firmam\u0131z\u0131\u2026","rel":"","context":"Benzer yaz\u0131","img":{"alt_text":"","src":"","width":0,"height":0},"classes":[]},{"id":5,"url":"https:\/\/buluttuz.com\/","url_meta":{"origin":910,"position":5},"title":"\u00dcr\u00fcnler","date":"Temmuz 9, 2018","format":false,"excerpt":"","rel":"","context":"Benzer yaz\u0131","img":{"alt_text":"","src":"","width":0,"height":0},"classes":[]}],"_links":{"self":[{"href":"https:\/\/buluttuz.com\/index.php\/wp-json\/wp\/v2\/pages\/910"}],"collection":[{"href":"https:\/\/buluttuz.com\/index.php\/wp-json\/wp\/v2\/pages"}],"about":[{"href":"https:\/\/buluttuz.com\/index.php\/wp-json\/wp\/v2\/types\/page"}],"author":[{"embeddable":true,"href":"https:\/\/buluttuz.com\/index.php\/wp-json\/wp\/v2\/users\/1"}],"replies":[{"embeddable":true,"href":"https:\/\/buluttuz.com\/index.php\/wp-json\/wp\/v2\/comments?post=910"}],"version-history":[{"count":5,"href":"https:\/\/buluttuz.com\/index.php\/wp-json\/wp\/v2\/pages\/910\/revisions"}],"predecessor-version":[{"id":1149,"href":"https:\/\/buluttuz.com\/index.php\/wp-json\/wp\/v2\/pages\/910\/revisions\/1149"}],"wp:attachment":[{"href":"https:\/\/buluttuz.com\/index.php\/wp-json\/wp\/v2\/media?parent=910"}],"curies":[{"name":"wp","href":"https:\/\/api.w.org\/{rel}","templated":true}]}}