{"id":3,"date":"2018-07-09T22:27:15","date_gmt":"2018-07-09T22:27:15","guid":{"rendered":"https:\/\/buluttuz.com\/?page_id=3"},"modified":"2018-09-23T14:13:41","modified_gmt":"2018-09-23T11:13:41","slug":"gizlilik-politikasi","status":"publish","type":"page","link":"https:\/\/buluttuz.com\/index.php\/gizlilik-politikasi\/","title":{"rendered":"Gizlilik Politikas\u0131"},"content":{"rendered":"<p>\u00dcyelik veya site \u00fczerindeki \u00e7e\u015fitli form ve anketlerin doldurulmas\u0131 suretiyle \u00fcyelerin kendileriyle ilgili bir tak\u0131m ki\u015fisel bilgiler (ad, soyad, firma bilgileri, telefon, adres veya e-posta adresleri gibi) i\u015fin do\u011fas\u0131 gere\u011fi firmam\u0131z taraf\u0131ndan toplanmaktad\u0131r.<\/p>\n<p>Firmam\u0131z baz\u0131 d\u00f6nemlerde m\u00fc\u015fterilerine ve \u00fcyelerine kampanya bilgileri, yeni \u00fcr\u00fcnler hakk\u0131nda bilgiler, promosyon teklifleri g\u00f6nderebilir.<\/p>\n<p>Site \u00fczerinden veya eposta ile ger\u00e7ekle\u015ftirilen onay s\u00fcrecinde, \u00fcyelerimiz taraf\u0131ndan elektronik ortamdan iletilen ki\u015fisel bilgiler \u00fc\u00e7\u00fcnc\u00fc ki\u015filere a\u00e7\u0131klanmayacakt\u0131r.<\/p>\n<p>Sistemle ilgili sorunlar\u0131n tan\u0131mlanmas\u0131 ve verilen hizmet ile ilgili \u00e7\u0131kabilecek sorunlar\u0131n veya uyu\u015fmazl\u0131klar\u0131n h\u0131zla \u00e7\u00f6z\u00fclmesi i\u00e7in, Firmam\u0131z, \u00fcyelerinin IP adresini kaydetmekte ve bunu kullanmaktad\u0131r. IP adresleri, kullan\u0131c\u0131lar\u0131 genel bir \u015fekilde tan\u0131mlamak ve kapsaml\u0131 demografik bilgi toplamak amac\u0131yla da kullan\u0131labilir.<\/p>\n<p><strong>KRED\u0130 KARTI G\u00dcVENL\u0130\u011e\u0130<\/strong><\/p>\n<p>Firmam\u0131z, al\u0131\u015fveri\u015f sitelerimizden al\u0131\u015fveri\u015f yapan kredi kart\u0131 sahiplerinin g\u00fcvenli\u011fini ilk planda tutmaktad\u0131r. Kredi kart\u0131 bilgileriniz hi\u00e7bir \u015fekilde sistemimizde saklanmamaktad\u0131r.<\/p>\n<p>\u00dc\u00c7\u00dcNC\u00dc TARAF WEB S\u0130TELER\u0130 VE UYGULAMALAR<\/p>\n<p>Ma\u011fazam\u0131z, web sitesi dahilinde ba\u015fka sitelere ba\u011flant\u0131 verebilir. Firmam\u0131z, bu linkler vas\u0131tas\u0131yla eri\u015filen sitelerin gizlilik uygulamalar\u0131 ve i\u00e7eriklerine y\u00f6nelik herhangi bir sorumluluk ta\u015f\u0131mamaktad\u0131r. Firmam\u0131za ait sitede yay\u0131nlanan reklamlar, reklamc\u0131l\u0131k yapan i\u015f ortaklar\u0131m\u0131z arac\u0131l\u0131\u011f\u0131 ile kullan\u0131c\u0131lar\u0131m\u0131za da\u011f\u0131t\u0131l\u0131r. \u0130\u015f bu s\u00f6zle\u015fmedeki Gizlilik Politikas\u0131 Prensipleri, sadece Ma\u011fazam\u0131z\u0131n kullan\u0131m\u0131na ili\u015fkindir, \u00fc\u00e7\u00fcnc\u00fc taraf web sitelerini kapsamaz.<\/p>\n<p><strong>\u0130ST\u0130SNA\u0130 HALLER<\/strong><\/p>\n<p>A\u015fa\u011f\u0131da belirtilen s\u0131n\u0131rl\u0131 hallerde Firmam\u0131z, i\u015fbu \u201cGizlilik Politikas\u0131\u201d h\u00fck\u00fcmleri d\u0131\u015f\u0131nda kullan\u0131c\u0131lara ait bilgileri \u00fc\u00e7\u00fcnc\u00fc ki\u015filere a\u00e7\u0131klayabilir. Bu durumlar s\u0131n\u0131rl\u0131 say\u0131da olmak \u00fczere;<\/p>\n<p>Kanun, Kanun H\u00fckm\u00fcnde Kararname, Y\u00f6netmelik v.b. yetkili hukuki otorite taraf\u0131ndan \u00e7\u0131kar\u0131lan ve y\u00fcr\u00fcrl\u00fcl\u00fckte olan hukuk kurallar\u0131n\u0131n getirdi\u011fi zorunluluklara uymak;<br \/>\nMa\u011fazam\u0131z\u0131n kullan\u0131c\u0131larla akdetti\u011fi s\u00f6zle\u015fmelerin gereklerini yerine getirmek ve bunlar\u0131 uygulamaya koymak amac\u0131yla;<br \/>\nYetkili idari ve adli otorite taraf\u0131ndan usul\u00fcne g\u00f6re y\u00fcr\u00fct\u00fclen bir ara\u015ft\u0131rma veya soru\u015fturman\u0131n y\u00fcr\u00fct\u00fcm\u00fc amac\u0131yla kullan\u0131c\u0131larla ilgili bilgi talep edilmesi;<br \/>\nKullan\u0131c\u0131lar\u0131n haklar\u0131 veya g\u00fcvenliklerini korumak i\u00e7in bilgi vermenin gerekli oldu\u011fu hallerdir.<\/p>\n<p><strong>E-POSTA G\u00dcVENL\u0130\u011e\u0130<\/strong><\/p>\n<p>Ma\u011fazam\u0131z\u0131n M\u00fc\u015fteri Hizmetleri\u2019ne, herhangi bir sipari\u015finizle ilgili olarak g\u00f6nderece\u011finiz e-postalarda, asla kredi kart\u0131 numaran\u0131z\u0131 veya \u015fifrelerinizi yazmay\u0131n\u0131z. E-postalarda yer alan bilgiler \u00fc\u00e7\u00fcnc\u00fc \u015fah\u0131slar taraf\u0131ndan g\u00f6r\u00fclebilir. Firmam\u0131z e-postalar\u0131n\u0131zdan aktar\u0131lan bilgilerin g\u00fcvenli\u011fini hi\u00e7bir ko\u015fulda garanti edemez.<\/p>\n<p><strong>TARAYICI \u00c7EREZLER\u0130<\/strong><\/p>\n<p>Firmam\u0131z, ma\u011fazam\u0131z\u0131 ziyaret eden kullan\u0131c\u0131lar ve kullan\u0131c\u0131lar\u0131n web sitesini kullan\u0131m\u0131 hakk\u0131ndaki bilgileri teknik bir ileti\u015fim dosyas\u0131 (\u00c7erez-Cookie) kullanarak elde edebilir. Bahsi ge\u00e7en teknik ileti\u015fim dosyalar\u0131, ana bellekte saklanmak \u00fczere bir internet sitesinin kullan\u0131c\u0131n\u0131n taray\u0131c\u0131s\u0131na (browser) g\u00f6nderdi\u011fi k\u00fc\u00e7\u00fck metin dosyalar\u0131d\u0131r. Teknik ileti\u015fim dosyas\u0131 site hakk\u0131nda durum ve tercihleri saklayarak \u0130nternet\u2019in kullan\u0131m\u0131n\u0131 kolayla\u015ft\u0131r\u0131r.<\/p>\n<p>Teknik ileti\u015fim dosyas\u0131, siteyi ka\u00e7 ki\u015finin ziyaret etti\u011fini, bir ki\u015finin siteyi hangi ama\u00e7la, ka\u00e7 kez ziyaret etti\u011fini ve ne kadar sitede kald\u0131klar\u0131 hakk\u0131nda istatistiksel bilgileri elde etmeye ve kullan\u0131c\u0131lar i\u00e7in \u00f6zel tasarlanm\u0131\u015f kullan\u0131c\u0131 sayfalar\u0131ndan dinamik olarak reklam ve i\u00e7erik \u00fcretilmesine yard\u0131mc\u0131 olur. Teknik ileti\u015fim dosyas\u0131, ana bellekte veya e-postan\u0131zdan veri veya ba\u015fkaca herhangi bir ki\u015fisel bilgi almak i\u00e7in tasarlanmam\u0131\u015ft\u0131r. Taray\u0131c\u0131lar\u0131n pek \u00e7o\u011fu ba\u015fta teknik ileti\u015fim dosyas\u0131n\u0131 kabul eder bi\u00e7imde tasarlanm\u0131\u015ft\u0131r ancak kullan\u0131c\u0131lar dilerse teknik ileti\u015fim dosyas\u0131n\u0131n gelmemesi veya teknik ileti\u015fim dosyas\u0131n\u0131n g\u00f6nderildi\u011finde uyar\u0131 verilmesini sa\u011flayacak bi\u00e7imde ayarlar\u0131 de\u011fi\u015ftirebilirler.<\/p>\n<p>Firmam\u0131z, i\u015fbu \u201cGizlilik Politikas\u0131\u201d h\u00fck\u00fcmlerini diledi\u011fi zaman sitede yay\u0131nlamak veya kullan\u0131c\u0131lara elektronik posta g\u00f6ndermek veya sitesinde yay\u0131nlamak suretiyle de\u011fi\u015ftirebilir. Gizlilik Politikas\u0131 h\u00fck\u00fcmleri de\u011fi\u015fti\u011fi takdirde, yay\u0131nland\u0131\u011f\u0131 tarihte y\u00fcr\u00fcrl\u00fck kazan\u0131r.<\/p>\n","protected":false},"excerpt":{"rendered":"<p>\u00dcyelik veya site \u00fczerindeki \u00e7e\u015fitli form ve anketlerin doldurulmas\u0131 suretiyle \u00fcyelerin kendileriyle ilgili bir tak\u0131m ki\u015fisel bilgiler (ad, soyad, firma bilgileri, telefon, adres veya e-posta adresleri gibi) i\u015fin do\u011fas\u0131 gere\u011fi firmam\u0131z taraf\u0131ndan toplanmaktad\u0131r. Firmam\u0131z baz\u0131 d\u00f6nemlerde m\u00fc\u015fterilerine ve \u00fcyelerine kampanya bilgileri, yeni \u00fcr\u00fcnler hakk\u0131nda bilgiler, promosyon teklifleri g\u00f6nderebilir. Site \u00fczerinden veya eposta ile ger\u00e7ekle\u015ftirilen onay [&hellip;]<\/p>\n","protected":false},"author":1,"featured_media":0,"parent":0,"menu_order":0,"comment_status":"closed","ping_status":"open","template":"","meta":{"jetpack_post_was_ever_published":false},"aioseo_notices":[],"jetpack_sharing_enabled":true,"jetpack_shortlink":"https:\/\/wp.me\/P9Dbu7-3","jetpack-related-posts":[{"id":771,"url":"https:\/\/buluttuz.com\/index.php\/mesafeli-satis-sozlesmesi\/","url_meta":{"origin":3,"position":0},"title":"Mesafeli Sat\u0131\u015f S\u00f6zle\u015fmesi","date":"Eyl\u00fcl 23, 2018","format":false,"excerpt":"Kullanmakta oldu\u011funuz web sitesi \u00fczerinden elektronik ortamda sipari\u015f verdi\u011finiz takdirde, size sunulan mesafeli sat\u0131\u015f s\u00f6zle\u015fmesini kabul etmi\u015f say\u0131l\u0131rs\u0131n\u0131z. 1. TARAFLAR \u0130\u015fbu s\u00f6zle\u015fme a\u015fa\u011f\u0131daki taraflar aras\u0131nda a\u015fa\u011f\u0131da belirtilen h\u00fck\u00fcm ve \u015fartlar \u00e7er\u00e7evesinde imzalanm\u0131\u015ft\u0131r. BULUT GRUP Ltd. \u015eti.\u2019ne ait buluttuz.com adresinde hizmet veren elektronik ticaret web sitesine \u00fczerinden sipari\u015f veren t\u00fcm al\u0131c\u0131lar\u2026","rel":"","context":"Benzer yaz\u0131","img":{"alt_text":"","src":"","width":0,"height":0},"classes":[]},{"id":766,"url":"https:\/\/buluttuz.com\/index.php\/iptal-ve-iade-kosullari\/","url_meta":{"origin":3,"position":1},"title":"\u0130ptal ve \u0130ade Ko\u015fullar\u0131","date":"Eyl\u00fcl 23, 2018","format":false,"excerpt":"Kullanmakta oldu\u011funuz web sitesi \u00fczerinden elektronik ortamda sipari\u015f verdi\u011finiz takdirde, size sunulan mesafeli sat\u0131\u015f s\u00f6zle\u015fmesini kabul etmi\u015f say\u0131l\u0131rs\u0131n\u0131z. TANIMLAR \u0130\u015fbu s\u00f6zle\u015fmenin uygulanmas\u0131nda ve yorumlanmas\u0131nda a\u015fa\u011f\u0131da yaz\u0131l\u0131 terimler kar\u015f\u0131lar\u0131ndaki yaz\u0131l\u0131 a\u00e7\u0131klamalar\u0131 ifade edeceklerdir. SATICI: Ticari veya mesleki faaliyetleri kapsam\u0131nda t\u00fcketiciye mal sunan veya mal sunan ad\u0131na veya hesab\u0131na hareket eden \u015firketi,\u2026","rel":"","context":"Benzer yaz\u0131","img":{"alt_text":"","src":"","width":0,"height":0},"classes":[]},{"id":953,"url":"https:\/\/buluttuz.com\/index.php\/tuz-odasi-nedir\/","url_meta":{"origin":3,"position":2},"title":"Tuz Odas\u0131 Nedir ?","date":"Ocak 31, 2020","format":false,"excerpt":"Tuz Odas\u0131n\u0131n Amac\u0131 Nedir ? Bir tuz odas\u0131 m\u00fcmk\u00fcn oldu\u011fu kadar do\u011fal tuz ma\u011faralar\u0131na benzer olmal\u0131d\u0131r. Yeralt\u0131nda bulunan tuz ma\u011faralar\u0131ndaki hava tuz mikronlar\u0131 ve iyonlar bak\u0131m\u0131ndan zengindir. Tuz odas\u0131 da ba\u011f\u0131\u015f\u0131kl\u0131k sistemi i\u00e7in faydal\u0131 negatif iyonlarla ve v\u00fccudun balgam ile mukus salg\u0131lamas\u0131na yard\u0131mc\u0131 olan mikroskobik tuz partik\u00fclleri ile doludur. Tuz\u2026","rel":"","context":"Benzer yaz\u0131","img":{"alt_text":"","src":"https:\/\/i0.wp.com\/img.youtube.com\/vi\/rl9sN2TYIgc\/0.jpg?resize=350%2C200","width":350,"height":200},"classes":[]},{"id":912,"url":"https:\/\/buluttuz.com\/index.php\/tuz-odasi-kurulumu\/","url_meta":{"origin":3,"position":3},"title":"Tuz Odas\u0131 Kurulumu","date":"Ocak 31, 2020","format":false,"excerpt":"Tuz Odas\u0131 Kurulumu Nas\u0131l Yap\u0131l\u0131r ? Yer belirlenir.Tasar\u0131m se\u00e7ilir.Proje Tasarlan\u0131r.Gerekli malzemeler haz\u0131rlan\u0131r.\u0130n\u015faat yer belirleme, tasar\u0131m, Havaland\u0131rma ve klima sistemleri dikkate al\u0131narak yap\u0131l\u0131r.Uzman kadro yapar.Tuz kaplama yap\u0131l\u0131r.Cihaz kurulumu yap\u0131l\u0131r.Personel e\u011fitimi verilir. Halojenerat\u00f6r\u00a0 kurulur. Sens\u00f6rler. Temiz hava fan\u0131. \u00c7\u0131k\u0131\u015f fan\u0131. Ultrasonik sal\u0131nizer cihaz koyulur do\u011fal ortam\u0131ndaki tuzlu havan\u0131n \u015fifal\u0131 etkisini taklit eder.\u2026","rel":"","context":"Benzer yaz\u0131","img":{"alt_text":"","src":"","width":0,"height":0},"classes":[]},{"id":914,"url":"https:\/\/buluttuz.com\/index.php\/tuz-odasi-fotograflari\/","url_meta":{"origin":3,"position":4},"title":"Tuz Odas\u0131 Foto\u011fraflar\u0131","date":"Ocak 31, 2020","format":false,"excerpt":"Tuz Odalar\u0131 \u0130le \u0130lgili \u00d6rnek Foto\u011fraflar","rel":"","context":"Benzer yaz\u0131","img":{"alt_text":"","src":"","width":0,"height":0},"classes":[]},{"id":908,"url":"https:\/\/buluttuz.com\/index.php\/saman-yataklari\/","url_meta":{"origin":3,"position":5},"title":"Saman Yataklar\u0131","date":"Ocak 31, 2020","format":false,"excerpt":"Saman Yata\u011f\u0131 Nedir ? Saman odas\u0131 eskiden g\u00fcn\u00fcm\u00fcze ta\u015f\u0131nan bir k\u00fclt\u00fcrd\u00fcr asl\u0131nda, ilk olarak \u015eamanizm d\u00f6nemlerinde ba\u015flayarak yayg\u0131n kullan\u0131lmaya ba\u015flam\u0131\u015ft\u0131r. Zamanla k\u00fclt\u00fcrel de\u011fi\u015fiklerden dolay\u0131 kaybolmu\u015ftur. Saman odas\u0131n\u0131n as\u0131l amac\u0131 do\u011fal olarak 36\u00b0C ile 38\u00b0C aras\u0131nda ki\u015finin terleyerek v\u00fccuttaki toksinlerini atmas\u0131 ve bron\u015flar\u0131 a\u00e7mas\u0131d\u0131r. Sauna ve buhar odas\u0131 gibi yo\u011fun s\u0131cak\u2026","rel":"","context":"Benzer yaz\u0131","img":{"alt_text":"","src":"","width":0,"height":0},"classes":[]}],"_links":{"self":[{"href":"https:\/\/buluttuz.com\/index.php\/wp-json\/wp\/v2\/pages\/3"}],"collection":[{"href":"https:\/\/buluttuz.com\/index.php\/wp-json\/wp\/v2\/pages"}],"about":[{"href":"https:\/\/buluttuz.com\/index.php\/wp-json\/wp\/v2\/types\/page"}],"author":[{"embeddable":true,"href":"https:\/\/buluttuz.com\/index.php\/wp-json\/wp\/v2\/users\/1"}],"replies":[{"embeddable":true,"href":"https:\/\/buluttuz.com\/index.php\/wp-json\/wp\/v2\/comments?post=3"}],"version-history":[{"count":3,"href":"https:\/\/buluttuz.com\/index.php\/wp-json\/wp\/v2\/pages\/3\/revisions"}],"predecessor-version":[{"id":776,"href":"https:\/\/buluttuz.com\/index.php\/wp-json\/wp\/v2\/pages\/3\/revisions\/776"}],"wp:attachment":[{"href":"https:\/\/buluttuz.com\/index.php\/wp-json\/wp\/v2\/media?parent=3"}],"curies":[{"name":"wp","href":"https:\/\/api.w.org\/{rel}","templated":true}]}}