{"id":1144,"date":"2020-02-01T20:29:44","date_gmt":"2020-02-01T17:29:44","guid":{"rendered":"https:\/\/buluttuz.com\/?page_id=1144"},"modified":"2020-02-01T20:46:49","modified_gmt":"2020-02-01T17:46:49","slug":"tuz-odasi-videolari","status":"publish","type":"page","link":"https:\/\/buluttuz.com\/index.php\/tuz-odasi-videolari\/","title":{"rendered":"Tuz Odas\u0131 Videolar\u0131"},"content":{"rendered":"\n<hr>\n\n\n\n<p><\/p>\n\n\n\n<figure class=\"wp-block-embed-youtube alignwide wp-block-embed is-type-video is-provider-youtube wp-embed-aspect-16-9 wp-has-aspect-ratio\"><div class=\"wp-block-embed__wrapper\">\n<span class=\"embed-youtube\" style=\"text-align:center; display: block;\"><iframe loading=\"lazy\" class=\"youtube-player\" width=\"980\" height=\"552\" src=\"https:\/\/www.youtube.com\/embed\/rl9sN2TYIgc?version=3&#038;rel=1&#038;showsearch=0&#038;showinfo=1&#038;iv_load_policy=1&#038;fs=1&#038;hl=tr-TR&#038;autohide=2&#038;wmode=transparent\" allowfullscreen=\"true\" style=\"border:0;\" sandbox=\"allow-scripts allow-same-origin allow-popups allow-presentation\"><\/iframe><\/span>\n<\/div><\/figure>\n\n\n\n<hr>\n\n\n\n<figure class=\"wp-block-embed-youtube alignwide wp-block-embed is-type-video is-provider-youtube wp-embed-aspect-16-9 wp-has-aspect-ratio\"><div class=\"wp-block-embed__wrapper\">\n<span class=\"embed-youtube\" style=\"text-align:center; display: block;\"><iframe loading=\"lazy\" class=\"youtube-player\" width=\"980\" height=\"552\" src=\"https:\/\/www.youtube.com\/embed\/b_WqJGW1HFg?version=3&#038;rel=1&#038;showsearch=0&#038;showinfo=1&#038;iv_load_policy=1&#038;fs=1&#038;hl=tr-TR&#038;autohide=2&#038;wmode=transparent\" allowfullscreen=\"true\" style=\"border:0;\" sandbox=\"allow-scripts allow-same-origin allow-popups allow-presentation\"><\/iframe><\/span>\n<\/div><\/figure>\n\n\n\n<hr\/>\n\n\n\n<figure class=\"wp-block-embed-youtube alignwide wp-block-embed is-type-video is-provider-youtube wp-embed-aspect-16-9 wp-has-aspect-ratio\"><div class=\"wp-block-embed__wrapper\">\n<span class=\"embed-youtube\" style=\"text-align:center; display: block;\"><iframe loading=\"lazy\" class=\"youtube-player\" width=\"980\" height=\"552\" src=\"https:\/\/www.youtube.com\/embed\/Zs03p1iBRQQ?version=3&#038;rel=1&#038;showsearch=0&#038;showinfo=1&#038;iv_load_policy=1&#038;fs=1&#038;hl=tr-TR&#038;autohide=2&#038;wmode=transparent\" allowfullscreen=\"true\" style=\"border:0;\" sandbox=\"allow-scripts allow-same-origin allow-popups allow-presentation\"><\/iframe><\/span>\n<\/div><\/figure>\n\n\n\n<hr\/>\n\n\n\n<figure class=\"wp-block-embed-youtube alignwide wp-block-embed is-type-video is-provider-youtube wp-embed-aspect-16-9 wp-has-aspect-ratio\"><div class=\"wp-block-embed__wrapper\">\n<span class=\"embed-youtube\" style=\"text-align:center; display: block;\"><iframe loading=\"lazy\" class=\"youtube-player\" width=\"980\" height=\"552\" src=\"https:\/\/www.youtube.com\/embed\/oIUfzw00-YE?version=3&#038;rel=1&#038;showsearch=0&#038;showinfo=1&#038;iv_load_policy=1&#038;fs=1&#038;hl=tr-TR&#038;autohide=2&#038;wmode=transparent\" allowfullscreen=\"true\" style=\"border:0;\" sandbox=\"allow-scripts allow-same-origin allow-popups allow-presentation\"><\/iframe><\/span>\n<\/div><\/figure>\n\n\n\n<hr\/>\n","protected":false},"excerpt":{"rendered":"","protected":false},"author":1,"featured_media":0,"parent":0,"menu_order":0,"comment_status":"closed","ping_status":"closed","template":"","meta":{"jetpack_post_was_ever_published":false},"aioseo_notices":[],"jetpack_sharing_enabled":true,"jetpack_shortlink":"https:\/\/wp.me\/P9Dbu7-is","jetpack-related-posts":[{"id":953,"url":"https:\/\/buluttuz.com\/index.php\/tuz-odasi-nedir\/","url_meta":{"origin":1144,"position":0},"title":"Tuz Odas\u0131 Nedir ?","date":"Ocak 31, 2020","format":false,"excerpt":"Tuz Odas\u0131n\u0131n Amac\u0131 Nedir ? Bir tuz odas\u0131 m\u00fcmk\u00fcn oldu\u011fu kadar do\u011fal tuz ma\u011faralar\u0131na benzer olmal\u0131d\u0131r. Yeralt\u0131nda bulunan tuz ma\u011faralar\u0131ndaki hava tuz mikronlar\u0131 ve iyonlar bak\u0131m\u0131ndan zengindir. Tuz odas\u0131 da ba\u011f\u0131\u015f\u0131kl\u0131k sistemi i\u00e7in faydal\u0131 negatif iyonlarla ve v\u00fccudun balgam ile mukus salg\u0131lamas\u0131na yard\u0131mc\u0131 olan mikroskobik tuz partik\u00fclleri ile doludur. Tuz\u2026","rel":"","context":"Benzer yaz\u0131","img":{"alt_text":"","src":"https:\/\/i0.wp.com\/img.youtube.com\/vi\/rl9sN2TYIgc\/0.jpg?resize=350%2C200","width":350,"height":200},"classes":[]},{"id":910,"url":"https:\/\/buluttuz.com\/index.php\/halo-jenerator\/","url_meta":{"origin":1144,"position":1},"title":"Halo Jenerat\u00f6r","date":"Ocak 31, 2020","format":false,"excerpt":"Halo Jenerat\u00f6r Nedir ? Tuz jenerat\u00f6r\u00fc tuz odas\u0131n\u0131n ana unsurudur. Jenerat\u00f6rs\u00fcz oda olmaz, \u00e7\u00fcnk\u00fc tedavide asl olan iyon \u00fcretimidir. Buda jenerat\u00f6r vas\u0131tas\u0131yla olur.odada devaml\u0131 aeresollu bir ortam olmas\u0131 gerekir. G\u00fc\u00e7l\u00fc motoru sayesinde s\u00fcrekli canl\u0131 aerosol ak\u0131\u015f\u0131 sa\u011flar. Odan\u0131n b\u00fcy\u00fckl\u00fc\u011f\u00fcne g\u00f6re konsantrasyonu 5 ve 25 mg\/m3 aras\u0131nda ayarlanabilir. \u0130yonmatik insan sagl\u0131g\u0131na\u2026","rel":"","context":"Benzer yaz\u0131","img":{"alt_text":"","src":"https:\/\/i0.wp.com\/img.youtube.com\/vi\/Z9WKQbsdBTU\/0.jpg?resize=350%2C200","width":350,"height":200},"classes":[]},{"id":914,"url":"https:\/\/buluttuz.com\/index.php\/tuz-odasi-fotograflari\/","url_meta":{"origin":1144,"position":2},"title":"Tuz Odas\u0131 Foto\u011fraflar\u0131","date":"Ocak 31, 2020","format":false,"excerpt":"Tuz Odalar\u0131 \u0130le \u0130lgili \u00d6rnek Foto\u011fraflar","rel":"","context":"Benzer yaz\u0131","img":{"alt_text":"","src":"","width":0,"height":0},"classes":[]},{"id":912,"url":"https:\/\/buluttuz.com\/index.php\/tuz-odasi-kurulumu\/","url_meta":{"origin":1144,"position":3},"title":"Tuz Odas\u0131 Kurulumu","date":"Ocak 31, 2020","format":false,"excerpt":"Tuz Odas\u0131 Kurulumu Nas\u0131l Yap\u0131l\u0131r ? Yer belirlenir.Tasar\u0131m se\u00e7ilir.Proje Tasarlan\u0131r.Gerekli malzemeler haz\u0131rlan\u0131r.\u0130n\u015faat yer belirleme, tasar\u0131m, Havaland\u0131rma ve klima sistemleri dikkate al\u0131narak yap\u0131l\u0131r.Uzman kadro yapar.Tuz kaplama yap\u0131l\u0131r.Cihaz kurulumu yap\u0131l\u0131r.Personel e\u011fitimi verilir. Halojenerat\u00f6r\u00a0 kurulur. Sens\u00f6rler. Temiz hava fan\u0131. \u00c7\u0131k\u0131\u015f fan\u0131. Ultrasonik sal\u0131nizer cihaz koyulur do\u011fal ortam\u0131ndaki tuzlu havan\u0131n \u015fifal\u0131 etkisini taklit eder.\u2026","rel":"","context":"Benzer yaz\u0131","img":{"alt_text":"","src":"","width":0,"height":0},"classes":[]},{"id":908,"url":"https:\/\/buluttuz.com\/index.php\/saman-yataklari\/","url_meta":{"origin":1144,"position":4},"title":"Saman Yataklar\u0131","date":"Ocak 31, 2020","format":false,"excerpt":"Saman Yata\u011f\u0131 Nedir ? Saman odas\u0131 eskiden g\u00fcn\u00fcm\u00fcze ta\u015f\u0131nan bir k\u00fclt\u00fcrd\u00fcr asl\u0131nda, ilk olarak \u015eamanizm d\u00f6nemlerinde ba\u015flayarak yayg\u0131n kullan\u0131lmaya ba\u015flam\u0131\u015ft\u0131r. Zamanla k\u00fclt\u00fcrel de\u011fi\u015fiklerden dolay\u0131 kaybolmu\u015ftur. Saman odas\u0131n\u0131n as\u0131l amac\u0131 do\u011fal olarak 36\u00b0C ile 38\u00b0C aras\u0131nda ki\u015finin terleyerek v\u00fccuttaki toksinlerini atmas\u0131 ve bron\u015flar\u0131 a\u00e7mas\u0131d\u0131r. Sauna ve buhar odas\u0131 gibi yo\u011fun s\u0131cak\u2026","rel":"","context":"Benzer yaz\u0131","img":{"alt_text":"","src":"","width":0,"height":0},"classes":[]},{"id":26,"url":"https:\/\/buluttuz.com\/index.php\/hakkimizda\/","url_meta":{"origin":1144,"position":5},"title":"Hakk\u0131m\u0131zda","date":"Temmuz 9, 2018","format":false,"excerpt":"Unvan: BULUT TUZ GIDA MEDYA DANI\u015eMANLIK \u0130N\u015eAAT SANAY\u0130 T\u0130CARET L\u0130M\u0130TED \u015e\u0130RKET\u0130 Adres: Pursaklar Ta\u00e7 Sokak, No: 7\/A 06145 Pursaklar \/ Ankara Telefon: +905369590818 E-mail: info@buluttuz.com Vergi Dairesi: D\u0131\u015fkap\u0131 V.D. Vergi Numaras\u0131: 1901400581 M\u00fc\u015fteri Hizmetleri ve Destek: info@buluttuz.com Vizyonumuz: Bulut Tuz olarak May\u0131s 2014'den beri faaliyet g\u00f6stermekteyiz. Tuz sekt\u00f6r\u00fc i\u00e7erisinde; firmam\u0131z\u0131\u2026","rel":"","context":"Benzer yaz\u0131","img":{"alt_text":"","src":"","width":0,"height":0},"classes":[]}],"_links":{"self":[{"href":"https:\/\/buluttuz.com\/index.php\/wp-json\/wp\/v2\/pages\/1144"}],"collection":[{"href":"https:\/\/buluttuz.com\/index.php\/wp-json\/wp\/v2\/pages"}],"about":[{"href":"https:\/\/buluttuz.com\/index.php\/wp-json\/wp\/v2\/types\/page"}],"author":[{"embeddable":true,"href":"https:\/\/buluttuz.com\/index.php\/wp-json\/wp\/v2\/users\/1"}],"replies":[{"embeddable":true,"href":"https:\/\/buluttuz.com\/index.php\/wp-json\/wp\/v2\/comments?post=1144"}],"version-history":[{"count":4,"href":"https:\/\/buluttuz.com\/index.php\/wp-json\/wp\/v2\/pages\/1144\/revisions"}],"predecessor-version":[{"id":1152,"href":"https:\/\/buluttuz.com\/index.php\/wp-json\/wp\/v2\/pages\/1144\/revisions\/1152"}],"wp:attachment":[{"href":"https:\/\/buluttuz.com\/index.php\/wp-json\/wp\/v2\/media?parent=1144"}],"curies":[{"name":"wp","href":"https:\/\/api.w.org\/{rel}","templated":true}]}}